{"id":10363,"date":"2025-09-15T15:18:15","date_gmt":"2025-09-15T13:18:15","guid":{"rendered":"https:\/\/boreait.com\/fr\/?post_type=product&#038;p=10363"},"modified":"2025-09-15T15:20:09","modified_gmt":"2025-09-15T13:20:09","slug":"cadre-de-lecran-lcd-avant-du-dell-latitude-d620-d630-hd269-cn-0hd269","status":"publish","type":"product","link":"https:\/\/boreait.com\/fr\/produit\/cadre-de-lecran-lcd-avant-du-dell-latitude-d620-d630-hd269-cn-0hd269\/","title":{"rendered":"Cadre de l&rsquo;\u00e9cran LCD avant du Dell Latitude D620 D630 (HD269) CN-0HD269"},"content":{"rendered":"<p>Am\u00e9liorez l&rsquo;apparence et la protection de votre ordinateur portable Dell Latitude D620 ou D630 avec le cadre avant pour \u00e9cran LCD HD269 (CN-0HD269). Con\u00e7u sp\u00e9cifiquement pour ces mod\u00e8les, ce cadre entoure l&rsquo;\u00e9cran LCD, apportant style et protection.<\/p>\n<p>D\u00e9tails cl\u00e9s\u00a0:<\/p>\n<ul>\n<li>Compatible avec les mod\u00e8les Dell Latitude D620 et D630<\/li>\n<li>R\u00e9f\u00e9rence\u00a0: CN-0HD269<\/li>\n<li>S\u00e9curise et am\u00e9liore l&rsquo;apparence de l&rsquo;\u00e9cran de votre ordinateur portable<\/li>\n<\/ul>\n<p>Con\u00e7u pour une durabilit\u00e9 optimale, ce cadre Dell d&rsquo;origine assure un maintien parfait autour de l&rsquo;\u00e9cran, garantissant une protection contre les dommages accidentels et pr\u00e9servant l&rsquo;aspect professionnel de votre appareil.<\/p>\n<p>Veuillez noter que cette annonce inclut de vraies photos du cadre avant pour \u00e9cran LCD HD269 DELL Latitude D620 D630 (CN-0HD269). Aucune instruction d&rsquo;installation n&rsquo;est fournie. Pour toute question ou assistance, n&rsquo;h\u00e9sitez pas \u00e0 nous contacter. Am\u00e9liorez l&rsquo;apparence et la protection de votre ordinateur portable Dell gr\u00e2ce \u00e0 ce cadre d\u00e9coratif d&rsquo;origine.<\/p>\n","protected":false},"excerpt":{"rendered":"<p>Am\u00e9liorez l&rsquo;esth\u00e9tique de votre ordinateur portable Dell Latitude D620 ou D630 et prot\u00e9gez l&rsquo;\u00e9cran LCD avec le cadre avant HD269. Ce cadre Dell d&rsquo;origine, r\u00e9f\u00e9rence CN-0HD269, offre un cadre \u00e9l\u00e9gant et r\u00e9sistant pour l&rsquo;\u00e9cran de votre ordinateur portable, garantissant un maintien parfait et une finition professionnelle.<\/p>\n","protected":false},"featured_media":10430,"template":"","meta":[],"product_brand":[],"product_cat":[52],"product_tag":[53],"class_list":{"0":"post-10363","1":"product","2":"type-product","3":"status-publish","4":"has-post-thumbnail","6":"product_cat-laptop-housing","7":"product_tag-dell","9":"first","10":"instock","11":"taxable","12":"shipping-taxable","13":"purchasable","14":"product-type-simple"},"_links":{"self":[{"href":"https:\/\/boreait.com\/fr\/wp-json\/wp\/v2\/product\/10363","targetHints":{"allow":["GET"]}}],"collection":[{"href":"https:\/\/boreait.com\/fr\/wp-json\/wp\/v2\/product"}],"about":[{"href":"https:\/\/boreait.com\/fr\/wp-json\/wp\/v2\/types\/product"}],"wp:featuredmedia":[{"embeddable":true,"href":"https:\/\/boreait.com\/fr\/wp-json\/wp\/v2\/media\/10430"}],"wp:attachment":[{"href":"https:\/\/boreait.com\/fr\/wp-json\/wp\/v2\/media?parent=10363"}],"wp:term":[{"taxonomy":"product_brand","embeddable":true,"href":"https:\/\/boreait.com\/fr\/wp-json\/wp\/v2\/product_brand?post=10363"},{"taxonomy":"product_cat","embeddable":true,"href":"https:\/\/boreait.com\/fr\/wp-json\/wp\/v2\/product_cat?post=10363"},{"taxonomy":"product_tag","embeddable":true,"href":"https:\/\/boreait.com\/fr\/wp-json\/wp\/v2\/product_tag?post=10363"}],"curies":[{"name":"wp","href":"https:\/\/api.w.org\/{rel}","templated":true}]}}