{"id":10360,"date":"2025-09-15T15:18:14","date_gmt":"2025-09-15T13:18:14","guid":{"rendered":"https:\/\/boreait.com\/fr\/?post_type=product&#038;p=10360"},"modified":"2025-09-15T15:19:57","modified_gmt":"2025-09-15T13:19:57","slug":"barre-de-haut-parleurs-internes-pour-lenovo-thinkpad-l520-60y3334","status":"publish","type":"product","link":"https:\/\/boreait.com\/fr\/produit\/barre-de-haut-parleurs-internes-pour-lenovo-thinkpad-l520-60y3334\/","title":{"rendered":"Barre de haut-parleurs internes pour Lenovo Thinkpad L520 60Y3334"},"content":{"rendered":"<p>Redonnez vie \u00e0 la sortie audio de votre Lenovo Thinkpad L520 gr\u00e2ce \u00e0 la barre de haut-parleurs internes 60Y3334 pour Lenovo Thinkpad L520. Ces haut-parleurs d&rsquo;origine remplacent facilement les haut-parleurs internes endommag\u00e9s ou d\u00e9fectueux.<\/p>\n<p>Caract\u00e9ristiques principales\u00a0:<\/p>\n<ul>\n<li>Produit\u00a0: Barre de haut-parleurs internes<\/li>\n<li>Mod\u00e8le\u00a0: 60Y3334<\/li>\n<li>Compatibilit\u00e9\u00a0: Lenovo Thinkpad L520<\/li>\n<\/ul>\n<p>Redonnez \u00e0 votre ordinateur portable sa qualit\u00e9 audio d&rsquo;origine, offrant la clart\u00e9 et la profondeur sonores que vous attendez de votre Thinkpad. Ces haut-parleurs sont con\u00e7us pour s&rsquo;int\u00e9grer parfaitement au design de votre ordinateur portable, pour un remplacement sans tracas.<\/p>\n<p>Veuillez noter que cette annonce pr\u00e9sente des images authentiques de la barre de haut-parleurs internes 60Y3334 pour Lenovo Thinkpad L520. Aucune instruction d&rsquo;installation n&rsquo;est fournie, mais si vous avez besoin d&rsquo;aide ou avez des questions, n&rsquo;h\u00e9sitez pas \u00e0 nous contacter. Am\u00e9liorez la qualit\u00e9 audio de votre Thinkpad d\u00e8s aujourd&rsquo;hui avec ces haut-parleurs Lenovo d&rsquo;origine\u00a0!<\/p>\n","protected":false},"excerpt":{"rendered":"<p>Am\u00e9liorez le son de votre Lenovo Thinkpad L520 avec la barre de haut-parleurs internes authentique 60Y3334. Ces haut-parleurs Lenovo d&rsquo;origine offrent un son de haute qualit\u00e9 et remplacent parfaitement les haut-parleurs endommag\u00e9s ou d\u00e9fectueux de votre ordinateur portable. Retrouvez le son d&rsquo;origine de votre ordinateur portable et profitez d&rsquo;un son clair et net.<\/p>\n","protected":false},"featured_media":10426,"template":"","meta":[],"product_brand":[],"product_cat":[54],"product_tag":[62],"class_list":{"0":"post-10360","1":"product","2":"type-product","3":"status-publish","4":"has-post-thumbnail","6":"product_cat-laptop-speakers","7":"product_tag-lenovo","9":"first","10":"instock","11":"taxable","12":"shipping-taxable","13":"purchasable","14":"product-type-simple"},"_links":{"self":[{"href":"https:\/\/boreait.com\/fr\/wp-json\/wp\/v2\/product\/10360","targetHints":{"allow":["GET"]}}],"collection":[{"href":"https:\/\/boreait.com\/fr\/wp-json\/wp\/v2\/product"}],"about":[{"href":"https:\/\/boreait.com\/fr\/wp-json\/wp\/v2\/types\/product"}],"wp:featuredmedia":[{"embeddable":true,"href":"https:\/\/boreait.com\/fr\/wp-json\/wp\/v2\/media\/10426"}],"wp:attachment":[{"href":"https:\/\/boreait.com\/fr\/wp-json\/wp\/v2\/media?parent=10360"}],"wp:term":[{"taxonomy":"product_brand","embeddable":true,"href":"https:\/\/boreait.com\/fr\/wp-json\/wp\/v2\/product_brand?post=10360"},{"taxonomy":"product_cat","embeddable":true,"href":"https:\/\/boreait.com\/fr\/wp-json\/wp\/v2\/product_cat?post=10360"},{"taxonomy":"product_tag","embeddable":true,"href":"https:\/\/boreait.com\/fr\/wp-json\/wp\/v2\/product_tag?post=10360"}],"curies":[{"name":"wp","href":"https:\/\/api.w.org\/{rel}","templated":true}]}}