{"id":10359,"date":"2025-09-15T15:18:14","date_gmt":"2025-09-15T13:18:14","guid":{"rendered":"https:\/\/boreait.com\/fr\/?post_type=product&#038;p=10359"},"modified":"2025-09-15T15:19:55","modified_gmt":"2025-09-15T13:19:55","slug":"lecteur-optique-cd-dvd%c2%b1rw-sata-panasonic-uj880a-pour-toshiba-satellite-a350-k000067980","status":"publish","type":"product","link":"https:\/\/boreait.com\/fr\/produit\/lecteur-optique-cd-dvd%c2%b1rw-sata-panasonic-uj880a-pour-toshiba-satellite-a350-k000067980\/","title":{"rendered":"Lecteur optique CD DVD\u00b1RW SATA Panasonic UJ880A pour Toshiba SATELLITE A350 K000067980"},"content":{"rendered":"<p>Le lecteur optique CD DVD\u00b1RW SATA Panasonic UJ880A, con\u00e7u pour \u00eatre compatible avec le Toshiba SATELLITE A350 (r\u00e9f\u00e9rence\u00a0: K000067980), offre une solution pratique pour les besoins de votre ordinateur portable.<\/p>\n<p>Principales caract\u00e9ristiques\u00a0:<\/p>\n<ul>\n<li>Type de lecteur\u00a0: CD DVD\u00b1RW<\/li>\n<li>Interface\u00a0: SATA<\/li>\n<li>R\u00e9f\u00e9rence\u00a0: K000067980<\/li>\n<li>Compatible avec le Toshiba SATELLITE A350<\/li>\n<\/ul>\n<p>Ce lecteur optique permet \u00e0 votre ordinateur portable de lire et d&rsquo;\u00e9crire des CD et des DVD, vous permettant ainsi d&rsquo;acc\u00e9der, de cr\u00e9er et de stocker des donn\u00e9es en toute simplicit\u00e9. Ce lecteur optique d&rsquo;origine, sp\u00e9cialement con\u00e7u pour le Toshiba SATELLITE A350, garantit compatibilit\u00e9 et performances fiables. Veuillez noter que cette annonce inclut des photos r\u00e9elles du lecteur optique CD\/DVD\u00b1RW SATA Panasonic UJ880A pour Toshiba SATELLITE A350. Aucune instruction d&rsquo;installation n&rsquo;est fournie, mais si vous avez besoin d&rsquo;aide ou si vous avez des questions, n&rsquo;h\u00e9sitez pas \u00e0 nous contacter. Restaurez ou mettez \u00e0 niveau votre Toshiba SATELLITE A350 avec ce lecteur optique Panasonic d&rsquo;origine pour profiter pleinement de vos CD et DVD.<\/p>\n","protected":false},"excerpt":{"rendered":"<p>Optimisez votre Toshiba SATELLITE A350 avec le lecteur optique CD DVD\u00b1RW SATA Panasonic UJ880A (r\u00e9f\u00e9rence\u00a0: K000067980). Polyvalent, ce lecteur optique est id\u00e9al pour remplacer ou moderniser votre ordinateur portable. Profitez de la lecture et de la gravure de CD et DVD en toute simplicit\u00e9. Id\u00e9al pour restaurer les fonctionnalit\u00e9s de votre Toshiba SATELLITE A350, ce lecteur optique d&rsquo;origine garantit des performances fiables.<\/p>\n","protected":false},"featured_media":10425,"template":"","meta":[],"product_brand":[],"product_cat":[63],"product_tag":[70],"class_list":{"0":"post-10359","1":"product","2":"type-product","3":"status-publish","4":"has-post-thumbnail","6":"product_cat-motherboards-board-parts","7":"product_tag-toshiba","9":"first","10":"instock","11":"taxable","12":"shipping-taxable","13":"purchasable","14":"product-type-simple"},"_links":{"self":[{"href":"https:\/\/boreait.com\/fr\/wp-json\/wp\/v2\/product\/10359","targetHints":{"allow":["GET"]}}],"collection":[{"href":"https:\/\/boreait.com\/fr\/wp-json\/wp\/v2\/product"}],"about":[{"href":"https:\/\/boreait.com\/fr\/wp-json\/wp\/v2\/types\/product"}],"wp:featuredmedia":[{"embeddable":true,"href":"https:\/\/boreait.com\/fr\/wp-json\/wp\/v2\/media\/10425"}],"wp:attachment":[{"href":"https:\/\/boreait.com\/fr\/wp-json\/wp\/v2\/media?parent=10359"}],"wp:term":[{"taxonomy":"product_brand","embeddable":true,"href":"https:\/\/boreait.com\/fr\/wp-json\/wp\/v2\/product_brand?post=10359"},{"taxonomy":"product_cat","embeddable":true,"href":"https:\/\/boreait.com\/fr\/wp-json\/wp\/v2\/product_cat?post=10359"},{"taxonomy":"product_tag","embeddable":true,"href":"https:\/\/boreait.com\/fr\/wp-json\/wp\/v2\/product_tag?post=10359"}],"curies":[{"name":"wp","href":"https:\/\/api.w.org\/{rel}","templated":true}]}}