{"id":10327,"date":"2025-09-15T15:17:27","date_gmt":"2025-09-15T13:17:27","guid":{"rendered":"https:\/\/boreait.com\/fr\/?post_type=product&#038;p=10327"},"modified":"2025-09-15T15:19:18","modified_gmt":"2025-09-15T13:19:18","slug":"clavier-dordinateur-portable-dell-ca88-v103-kfrs-noir-poli-np576-137681-000-serie-m","status":"publish","type":"product","link":"https:\/\/boreait.com\/fr\/produit\/clavier-dordinateur-portable-dell-ca88-v103-kfrs-noir-poli-np576-137681-000-serie-m\/","title":{"rendered":"Clavier d&rsquo;ordinateur portable Dell CA88 V103 KFRS noir poli NP576 137681-000 s\u00e9rie M"},"content":{"rendered":"<p>Le clavier noir poli pour ordinateur portable Dell CA88 V103 KFRS NP576 137681-000 s\u00e9rie M est un clavier de remplacement authentique de haute qualit\u00e9, sp\u00e9cialement con\u00e7u pour les ordinateurs portables Dell. Fabriqu\u00e9 avec pr\u00e9cision et soin, ce clavier garantit une exp\u00e9rience de frappe fluide, offrant la fiabilit\u00e9 et la r\u00e9activit\u00e9 que vous attendez des produits Dell.<\/p>\n<p>Principales caract\u00e9ristiques\u00a0:<\/p>\n<ul>\n<li>Mod\u00e8le\u00a0: CA88 V103 KFRS<\/li>\n<li>Couleur\u00a0: Noir poli<\/li>\n<li>Compatibilit\u00e9\u00a0: Ordinateurs portables Dell s\u00e9rie M<\/li>\n<li>R\u00e9f\u00e9rence\u00a0: NP576, 137681-000<\/li>\n<li>Langue\/Disposition\u00a0: Slov\u00e8ne\/SLO (compatible avec d\u2019autres pays et dispositions).<\/li>\n<\/ul>\n<p>Restaurez les fonctionnalit\u00e9s et l\u2019esth\u00e9tique d\u2019origine de votre ordinateur portable Dell gr\u00e2ce \u00e0 ce clavier de remplacement authentique. Con\u00e7u pour s&rsquo;adapter parfaitement aux ordinateurs portables Dell de la s\u00e9rie M, il s&rsquo;adapte parfaitement \u00e0 votre appareil. Profitez d&rsquo;une exp\u00e9rience de frappe confortable et conservez l&rsquo;\u00e9l\u00e9gance d&rsquo;origine de votre ordinateur portable Dell.<\/p>\n<p>Veuillez noter que cette annonce inclut de vraies photos du clavier noir poli pour ordinateur portable Dell CA88 V103 KFRS NP576 137681-000 de la s\u00e9rie M. Aucune instruction d&rsquo;installation n&rsquo;est fournie. Pour toute question ou information compl\u00e9mentaire, n&rsquo;h\u00e9sitez pas \u00e0 nous contacter. Optimisez les performances et l&rsquo;esth\u00e9tique de votre ordinateur portable Dell avec ce clavier de remplacement Dell d&rsquo;origine.<\/p>\n","protected":false},"excerpt":{"rendered":"<p>Am\u00e9liorez les performances de votre ordinateur portable Dell avec le clavier noir poli Dell CA88 V103 KFRS NP576 137681-000 s\u00e9rie M. Ce clavier Dell authentique est con\u00e7u pour offrir une frappe fluide et r\u00e9active. Con\u00e7u avec pr\u00e9cision et qualit\u00e9, il remplace parfaitement votre clavier d&rsquo;ordinateur portable Dell actuel. Profitez d&rsquo;une frappe confortable et conservez l&rsquo;\u00e9l\u00e9gance d&rsquo;origine de votre appareil.<\/p>\n","protected":false},"featured_media":10398,"template":"","meta":[],"product_brand":[],"product_cat":[71],"product_tag":[53],"class_list":{"0":"post-10327","1":"product","2":"type-product","3":"status-publish","4":"has-post-thumbnail","6":"product_cat-laptop-keyboard","7":"product_tag-dell","9":"first","10":"instock","11":"taxable","12":"shipping-taxable","13":"purchasable","14":"product-type-simple"},"_links":{"self":[{"href":"https:\/\/boreait.com\/fr\/wp-json\/wp\/v2\/product\/10327","targetHints":{"allow":["GET"]}}],"collection":[{"href":"https:\/\/boreait.com\/fr\/wp-json\/wp\/v2\/product"}],"about":[{"href":"https:\/\/boreait.com\/fr\/wp-json\/wp\/v2\/types\/product"}],"wp:featuredmedia":[{"embeddable":true,"href":"https:\/\/boreait.com\/fr\/wp-json\/wp\/v2\/media\/10398"}],"wp:attachment":[{"href":"https:\/\/boreait.com\/fr\/wp-json\/wp\/v2\/media?parent=10327"}],"wp:term":[{"taxonomy":"product_brand","embeddable":true,"href":"https:\/\/boreait.com\/fr\/wp-json\/wp\/v2\/product_brand?post=10327"},{"taxonomy":"product_cat","embeddable":true,"href":"https:\/\/boreait.com\/fr\/wp-json\/wp\/v2\/product_cat?post=10327"},{"taxonomy":"product_tag","embeddable":true,"href":"https:\/\/boreait.com\/fr\/wp-json\/wp\/v2\/product_tag?post=10327"}],"curies":[{"name":"wp","href":"https:\/\/api.w.org\/{rel}","templated":true}]}}