{"id":10307,"date":"2025-09-15T15:17:02","date_gmt":"2025-09-15T13:17:02","guid":{"rendered":"https:\/\/boreait.com\/fr\/?post_type=product&#038;p=10307"},"modified":"2026-01-18T13:52:51","modified_gmt":"2026-01-18T12:52:51","slug":"ensemble-haut-parleurs-internes-pour-ordinateur-portable-dell-latitude-e6400-fg-cp124-pk230007u00","status":"publish","type":"product","link":"https:\/\/boreait.com\/fr\/produit\/ensemble-haut-parleurs-internes-pour-ordinateur-portable-dell-latitude-e6400-fg-cp124-pk230007u00\/","title":{"rendered":"Ensemble haut-parleurs internes pour ordinateur portable Dell Latitude E6400 FG-CP124 PK230007U00"},"content":{"rendered":"<p>Am\u00e9liorez la sortie audio de votre Dell Latitude E6400 avec les haut-parleurs internes FG-CP124 PK230007U00 d&rsquo;origine pour Dell Latitude E6400. Con\u00e7us pour remplacer directement les haut-parleurs endommag\u00e9s ou non fonctionnels, ces pi\u00e8ces Dell d&rsquo;origine garantissent la qualit\u00e9 et la compatibilit\u00e9 que vous attendez de la marque.<\/p>\n<p>Principales caract\u00e9ristiques\u00a0:<\/p>\n<ul>\n<li>Compatible avec les ordinateurs portables Dell Latitude E6400<\/li>\n<li>Pi\u00e8ce Dell d&rsquo;origine\u00a0: FG-CP124 PK230007U00<\/li>\n<li>Garantit un son clair et de qualit\u00e9<\/li>\n<\/ul>\n<p>Profitez d&rsquo;une qualit\u00e9 audio immersive, digne de votre Dell Latitude E6400. Que vous souhaitiez remplacer des haut-parleurs d\u00e9fectueux ou am\u00e9liorer les performances audio de votre ordinateur portable, ces haut-parleurs Dell d&rsquo;origine offrent fiabilit\u00e9 et ajustement parfait.<br \/>\nVeuillez noter que cette annonce inclut des photos r\u00e9elles de l&rsquo;assemblage de haut-parleurs internes FG-CP124 PK230007U00 pour Dell Latitude E6400. Aucune instruction d&rsquo;installation n&rsquo;est fournie. Pour toute question ou information compl\u00e9mentaire, n&rsquo;h\u00e9sitez pas \u00e0 nous contacter. Am\u00e9liorez votre exp\u00e9rience audio avec ces haut-parleurs Dell d&rsquo;origine.<\/p>\n","protected":false},"excerpt":{"rendered":"<p>Am\u00e9liorez la qualit\u00e9 audio de votre ordinateur portable Dell Latitude E6400 avec l&rsquo;ensemble de haut-parleurs internes Dell Latitude E6400 FG-CP124 PK230007U00 d&rsquo;origine. Cet ensemble garantit un son clair et net, id\u00e9al pour remplacer les haut-parleurs endommag\u00e9s ou d\u00e9fectueux. Profitez de la qualit\u00e9 et de la fiabilit\u00e9 des pi\u00e8ces Dell d&rsquo;origine pour une exp\u00e9rience audio immersive.<\/p>\n","protected":false},"featured_media":10370,"template":"","meta":[],"product_brand":[],"product_cat":[54],"product_tag":[53],"class_list":{"0":"post-10307","1":"product","2":"type-product","3":"status-publish","4":"has-post-thumbnail","6":"product_cat-laptop-speakers","7":"product_tag-dell","9":"first","10":"instock","11":"taxable","12":"shipping-taxable","13":"purchasable","14":"product-type-simple"},"_links":{"self":[{"href":"https:\/\/boreait.com\/fr\/wp-json\/wp\/v2\/product\/10307","targetHints":{"allow":["GET"]}}],"collection":[{"href":"https:\/\/boreait.com\/fr\/wp-json\/wp\/v2\/product"}],"about":[{"href":"https:\/\/boreait.com\/fr\/wp-json\/wp\/v2\/types\/product"}],"wp:featuredmedia":[{"embeddable":true,"href":"https:\/\/boreait.com\/fr\/wp-json\/wp\/v2\/media\/10370"}],"wp:attachment":[{"href":"https:\/\/boreait.com\/fr\/wp-json\/wp\/v2\/media?parent=10307"}],"wp:term":[{"taxonomy":"product_brand","embeddable":true,"href":"https:\/\/boreait.com\/fr\/wp-json\/wp\/v2\/product_brand?post=10307"},{"taxonomy":"product_cat","embeddable":true,"href":"https:\/\/boreait.com\/fr\/wp-json\/wp\/v2\/product_cat?post=10307"},{"taxonomy":"product_tag","embeddable":true,"href":"https:\/\/boreait.com\/fr\/wp-json\/wp\/v2\/product_tag?post=10307"}],"curies":[{"name":"wp","href":"https:\/\/api.w.org\/{rel}","templated":true}]}}