{"id":10288,"date":"2025-09-15T15:16:36","date_gmt":"2025-09-15T13:16:36","guid":{"rendered":"https:\/\/boreait.com\/fr\/?post_type=product&#038;p=10288"},"modified":"2026-01-18T13:46:37","modified_gmt":"2026-01-18T12:46:37","slug":"memoire-samsung-2x2-go-pc3-8500s-ddr3-1066-mhz-204-broches-m471b5673eh1-cf","status":"publish","type":"product","link":"https:\/\/boreait.com\/fr\/produit\/memoire-samsung-2x2-go-pc3-8500s-ddr3-1066-mhz-204-broches-m471b5673eh1-cf\/","title":{"rendered":"M\u00e9moire Samsung 2&#215;2 Go PC3-8500S DDR3 1066 MHz 204 broches M471B5673EH1-CF"},"content":{"rendered":"<p>Le kit m\u00e9moire Samsung PC3-8500S DDR3 1066 MHz 204 broches M471B5673EH1-CF 2 x 2 Go est con\u00e7u pour optimiser les performances de votre ordinateur portable. Avec une capacit\u00e9 totale de 4 Go (2 x 2 Go), ce kit m\u00e9moire DDR3 am\u00e9liore consid\u00e9rablement les capacit\u00e9s multit\u00e2ches et la vitesse globale de votre ordinateur portable.<\/p>\n<p>Caract\u00e9ristiques principales\u00a0:<\/p>\n<ul>\n<li>2 Go<\/li>\n<li>PC3-8500S DDR3 cadenc\u00e9 \u00e0 1066 MHz<\/li>\n<li>Format 204 broches<\/li>\n<\/ul>\n<p>Cette mise \u00e0 niveau de m\u00e9moire am\u00e9liore la fluidit\u00e9 du traitement des donn\u00e9es, acc\u00e9l\u00e8re l&rsquo;acc\u00e8s aux applications et acc\u00e9l\u00e8re le multit\u00e2che. La fr\u00e9quence de 1066 MHz garantit le bon fonctionnement de votre ordinateur portable, am\u00e9liorant ainsi sa productivit\u00e9 et ses performances. Veuillez noter que les images pr\u00e9sent\u00e9es sont celles de la m\u00e9moire Samsung 2&#215;2 Go PC3-8500S DDR3 1066 MHz 204 broches M471B5673EH1-CF. Cette liste ne comprend pas les instructions d&rsquo;installation. Pour plus d&rsquo;informations ou d&rsquo;assistance, n&rsquo;h\u00e9sitez pas \u00e0 nous contacter. Augmentez la capacit\u00e9 m\u00e9moire de votre ordinateur portable avec ce kit RAM Samsung et b\u00e9n\u00e9ficiez d&rsquo;un gain de performances significatif.<\/p>\n","protected":false},"excerpt":{"rendered":"<p>Am\u00e9liorez les performances de votre ordinateur portable avec la m\u00e9moire Samsung PC3-8500S DDR3 1066 MHz 204 broches M471B5673EH1-CF 2 x 2 Go. Ce kit m\u00e9moire, compos\u00e9 de deux modules de 2 Go, optimise les capacit\u00e9s multit\u00e2ches de votre ordinateur portable et acc\u00e9l\u00e8re le traitement des donn\u00e9es. Cadenc\u00e9 \u00e0 1066 MHz, il garantit une r\u00e9activit\u00e9 optimale, ce qui en fait un excellent choix pour augmenter la capacit\u00e9 m\u00e9moire de votre ordinateur portable.<\/p>\n","protected":false},"featured_media":10350,"template":"","meta":[],"product_brand":[],"product_cat":[73,72],"product_tag":[],"class_list":{"0":"post-10288","1":"product","2":"type-product","3":"status-publish","4":"has-post-thumbnail","6":"product_cat-ddr3-ddr3l","7":"product_cat-ram-memory","9":"first","10":"instock","11":"taxable","12":"shipping-taxable","13":"purchasable","14":"product-type-simple"},"_links":{"self":[{"href":"https:\/\/boreait.com\/fr\/wp-json\/wp\/v2\/product\/10288","targetHints":{"allow":["GET"]}}],"collection":[{"href":"https:\/\/boreait.com\/fr\/wp-json\/wp\/v2\/product"}],"about":[{"href":"https:\/\/boreait.com\/fr\/wp-json\/wp\/v2\/types\/product"}],"wp:featuredmedia":[{"embeddable":true,"href":"https:\/\/boreait.com\/fr\/wp-json\/wp\/v2\/media\/10350"}],"wp:attachment":[{"href":"https:\/\/boreait.com\/fr\/wp-json\/wp\/v2\/media?parent=10288"}],"wp:term":[{"taxonomy":"product_brand","embeddable":true,"href":"https:\/\/boreait.com\/fr\/wp-json\/wp\/v2\/product_brand?post=10288"},{"taxonomy":"product_cat","embeddable":true,"href":"https:\/\/boreait.com\/fr\/wp-json\/wp\/v2\/product_cat?post=10288"},{"taxonomy":"product_tag","embeddable":true,"href":"https:\/\/boreait.com\/fr\/wp-json\/wp\/v2\/product_tag?post=10288"}],"curies":[{"name":"wp","href":"https:\/\/api.w.org\/{rel}","templated":true}]}}