{"id":10275,"date":"2025-09-15T15:16:13","date_gmt":"2025-09-15T13:16:13","guid":{"rendered":"https:\/\/boreait.com\/fr\/?post_type=product&#038;p=10275"},"modified":"2026-01-18T13:45:59","modified_gmt":"2026-01-18T12:45:59","slug":"ordinateur-portable-dell-latitude-e6400-dorigine-bluetooth-cn-0d459c","status":"publish","type":"product","link":"https:\/\/boreait.com\/fr\/produit\/ordinateur-portable-dell-latitude-e6400-dorigine-bluetooth-cn-0d459c\/","title":{"rendered":"Ordinateur portable Dell Latitude E6400 d&rsquo;origine, Bluetooth CN-0D459C"},"content":{"rendered":"<p>Le module Bluetooth authentique pour ordinateur portable Dell Latitude E6400 CN-0D459C est le compl\u00e9ment id\u00e9al de votre ordinateur portable Dell Latitude E6400. Ce module Bluetooth est une pi\u00e8ce d&rsquo;origine Dell, garantissant compatibilit\u00e9 et fiabilit\u00e9.<\/p>\n<p>Principales caract\u00e9ristiques\u00a0:<\/p>\n<ul>\n<li>Mod\u00e8le\u00a0: Dell Latitude E6400 Bluetooth authentique CN-0D459C<\/li>\n<li>Sp\u00e9cialement con\u00e7u pour le Dell Latitude E6400<\/li>\n<li>Permet la connectivit\u00e9 sans fil<\/li>\n<li>Permet un transfert de donn\u00e9es facile avec les appareils Bluetooth<\/li>\n<\/ul>\n<p>Ce module Bluetooth authentique Dell permet \u00e0 votre Dell Latitude E6400 de se connecter facilement \u00e0 divers appareils Bluetooth, des casques sans fil aux smartphones, facilitant ainsi le transfert de donn\u00e9es et am\u00e9liorant la polyvalence de votre ordinateur portable.<\/p>\n<p>Veuillez noter que cette annonce inclut des photos authentiques du module Bluetooth authentique pour ordinateur portable Dell Latitude E6400 CN-0D459C. Il est important de noter qu&rsquo;aucune instruction d&rsquo;installation n&rsquo;est fournie. N&rsquo;h\u00e9sitez pas \u00e0 nous contacter pour toute information compl\u00e9mentaire ou assistance. Optimisez les performances de votre ordinateur portable Dell Latitude E6400 gr\u00e2ce \u00e0 ce module Bluetooth Dell d&rsquo;origine.<\/p>\n","protected":false},"excerpt":{"rendered":"<p>Optimisez votre ordinateur portable Dell Latitude E6400 avec le module Bluetooth authentique Dell Latitude E6400 CN-0D459C. Ce module Bluetooth authentique est sp\u00e9cialement con\u00e7u pour une compatibilit\u00e9 optimale avec votre Dell Latitude E6400. Profitez d&rsquo;une connectivit\u00e9 sans fil et d&rsquo;un transfert de donn\u00e9es simplifi\u00e9, permettant \u00e0 une large gamme d&rsquo;appareils Bluetooth de se connecter facilement \u00e0 votre ordinateur portable. Am\u00e9liorez votre Dell Latitude E6400 avec des composants Dell authentiques pour des performances optimales.<\/p>\n","protected":false},"featured_media":10338,"template":"","meta":[],"product_brand":[],"product_cat":[63],"product_tag":[53],"class_list":{"0":"post-10275","1":"product","2":"type-product","3":"status-publish","4":"has-post-thumbnail","6":"product_cat-motherboards-board-parts","7":"product_tag-dell","9":"first","10":"instock","11":"taxable","12":"shipping-taxable","13":"purchasable","14":"product-type-simple"},"_links":{"self":[{"href":"https:\/\/boreait.com\/fr\/wp-json\/wp\/v2\/product\/10275","targetHints":{"allow":["GET"]}}],"collection":[{"href":"https:\/\/boreait.com\/fr\/wp-json\/wp\/v2\/product"}],"about":[{"href":"https:\/\/boreait.com\/fr\/wp-json\/wp\/v2\/types\/product"}],"wp:featuredmedia":[{"embeddable":true,"href":"https:\/\/boreait.com\/fr\/wp-json\/wp\/v2\/media\/10338"}],"wp:attachment":[{"href":"https:\/\/boreait.com\/fr\/wp-json\/wp\/v2\/media?parent=10275"}],"wp:term":[{"taxonomy":"product_brand","embeddable":true,"href":"https:\/\/boreait.com\/fr\/wp-json\/wp\/v2\/product_brand?post=10275"},{"taxonomy":"product_cat","embeddable":true,"href":"https:\/\/boreait.com\/fr\/wp-json\/wp\/v2\/product_cat?post=10275"},{"taxonomy":"product_tag","embeddable":true,"href":"https:\/\/boreait.com\/fr\/wp-json\/wp\/v2\/product_tag?post=10275"}],"curies":[{"name":"wp","href":"https:\/\/api.w.org\/{rel}","templated":true}]}}