{"id":10270,"date":"2025-09-15T15:16:12","date_gmt":"2025-09-15T13:16:12","guid":{"rendered":"https:\/\/boreait.com\/fr\/?post_type=product&#038;p=10270"},"modified":"2026-01-18T11:19:44","modified_gmt":"2026-01-18T10:19:44","slug":"cache-de-la-memoire-ram-de-lordinateur-portable-lenovo-thinkpad-sl510","status":"publish","type":"product","link":"https:\/\/boreait.com\/fr\/produit\/cache-de-la-memoire-ram-de-lordinateur-portable-lenovo-thinkpad-sl510\/","title":{"rendered":"Cache de la m\u00e9moire RAM de l&rsquo;ordinateur portable Lenovo Thinkpad SL510"},"content":{"rendered":"<p>Cache m\u00e9moire RAM pour ordinateur portable Lenovo Thinkpad SL510 &#8211; Le cache de base en plastique pour ordinateur portable offre une solution fiable pour remplacer les caches de base us\u00e9s ou endommag\u00e9s.<\/p>\n<p>Con\u00e7u pour durer, ce cache est id\u00e9al pour les ordinateurs portables n\u00e9cessitant une base neuve et robuste. Restaurez l&rsquo;esth\u00e9tique de votre ordinateur portable et prot\u00e9gez ses composants internes.<\/p>\n<p>Caract\u00e9ristiques principales\u00a0:<\/p>\n<ul>\n<li>Compatibilit\u00e9\u00a0: Lenovo Thinkpad SL510<\/li>\n<li>Mat\u00e9riau\u00a0: Plastique durable<\/li>\n<li>Protection des composants internes de l&rsquo;ordinateur portable<\/li>\n<li>Pi\u00e8ce de rechange parfaitement adapt\u00e9e<\/li>\n<\/ul>\n<p>&nbsp;<\/p>\n","protected":false},"excerpt":{"rendered":"<p>Couvercle de la m\u00e9moire RAM de l&rsquo;ordinateur portable Lenovo Thinkpad SL510.<\/p>\n","protected":false},"featured_media":10330,"template":"","meta":[],"product_brand":[],"product_cat":[52],"product_tag":[62],"class_list":{"0":"post-10270","1":"product","2":"type-product","3":"status-publish","4":"has-post-thumbnail","6":"product_cat-laptop-housing","7":"product_tag-lenovo","9":"first","10":"instock","11":"taxable","12":"shipping-taxable","13":"purchasable","14":"product-type-simple"},"_links":{"self":[{"href":"https:\/\/boreait.com\/fr\/wp-json\/wp\/v2\/product\/10270","targetHints":{"allow":["GET"]}}],"collection":[{"href":"https:\/\/boreait.com\/fr\/wp-json\/wp\/v2\/product"}],"about":[{"href":"https:\/\/boreait.com\/fr\/wp-json\/wp\/v2\/types\/product"}],"wp:featuredmedia":[{"embeddable":true,"href":"https:\/\/boreait.com\/fr\/wp-json\/wp\/v2\/media\/10330"}],"wp:attachment":[{"href":"https:\/\/boreait.com\/fr\/wp-json\/wp\/v2\/media?parent=10270"}],"wp:term":[{"taxonomy":"product_brand","embeddable":true,"href":"https:\/\/boreait.com\/fr\/wp-json\/wp\/v2\/product_brand?post=10270"},{"taxonomy":"product_cat","embeddable":true,"href":"https:\/\/boreait.com\/fr\/wp-json\/wp\/v2\/product_cat?post=10270"},{"taxonomy":"product_tag","embeddable":true,"href":"https:\/\/boreait.com\/fr\/wp-json\/wp\/v2\/product_tag?post=10270"}],"curies":[{"name":"wp","href":"https:\/\/api.w.org\/{rel}","templated":true}]}}