{"id":10255,"date":"2025-09-15T15:15:49","date_gmt":"2025-09-15T13:15:49","guid":{"rendered":"https:\/\/boreait.com\/fr\/?post_type=product&#038;p=10255"},"modified":"2025-09-15T15:17:19","modified_gmt":"2025-09-15T13:17:19","slug":"dell-latitude-d630-kgdden006e-pave-tactile-tapis-de-souris-et-boutons-remplacement-authentique","status":"publish","type":"product","link":"https:\/\/boreait.com\/fr\/produit\/dell-latitude-d630-kgdden006e-pave-tactile-tapis-de-souris-et-boutons-remplacement-authentique\/","title":{"rendered":"Dell Latitude D630 KGDDEN006E Pav\u00e9 tactile, tapis de souris et boutons &#8211; Remplacement authentique\u00a0!"},"content":{"rendered":"<p>Redonnez vie aux fonctionnalit\u00e9s de votre ordinateur portable Dell Latitude D630 gr\u00e2ce au pav\u00e9 tactile, tapis de souris et boutons KGDDEN006E. Cette pi\u00e8ce de rechange Dell d&rsquo;origine offre une navigation fluide et un contr\u00f4le r\u00e9actif de votre appareil.<\/p>\n<p>Principales caract\u00e9ristiques\u00a0:<\/p>\n<ul>\n<li>Compatible avec les ordinateurs portables Dell Latitude D630<\/li>\n<li>Garantit un mouvement pr\u00e9cis du curseur et des clics r\u00e9actifs<\/li>\n<li>Pi\u00e8ce Dell d&rsquo;origine, gage de qualit\u00e9 et de compatibilit\u00e9<\/li>\n<\/ul>\n<p>Profitez d&rsquo;une navigation fluide et pr\u00e9cise sur le pav\u00e9 tactile, ainsi que de boutons de souris tactiles et fonctionnels, le tout dans un seul et m\u00eame appareil de remplacement. Que vous souhaitiez remplacer un pav\u00e9 tactile us\u00e9 ou restaurer toutes les fonctionnalit\u00e9s de votre ordinateur portable, le pav\u00e9 tactile, tapis de souris et boutons KGDDEN006E pour Dell Latitude D630 est le choix id\u00e9al.<\/p>\n<p>Veuillez noter que cette annonce inclut des images authentiques du produit. Il est important de noter qu&rsquo;aucune instruction d&rsquo;installation n&rsquo;est fournie. Pour toute question ou assistance, n&rsquo;h\u00e9sitez pas \u00e0 nous contacter. Restaurez les fonctionnalit\u00e9s du pav\u00e9 tactile et du tapis de souris de votre ordinateur portable Dell Latitude D630 gr\u00e2ce \u00e0 cette pi\u00e8ce de rechange Dell d&rsquo;origine.<\/p>\n","protected":false},"excerpt":{"rendered":"<p>Am\u00e9liorez l&rsquo;ergonomie de votre ordinateur portable Dell Latitude D630 avec le pav\u00e9 tactile, le tapis de souris et les boutons KGDDEN006E. Cette pi\u00e8ce de rechange d&rsquo;origine garantit une navigation fluide et un contr\u00f4le pr\u00e9cis. Restaurez les fonctionnalit\u00e9s de votre ordinateur portable gr\u00e2ce \u00e0 ce composant fiable et de haute qualit\u00e9.<\/p>\n","protected":false},"featured_media":10317,"template":"","meta":[],"product_brand":[],"product_cat":[78],"product_tag":[53],"class_list":{"0":"post-10255","1":"product","2":"type-product","3":"status-publish","4":"has-post-thumbnail","6":"product_cat-laptop-touchpads","7":"product_tag-dell","9":"first","10":"instock","11":"taxable","12":"shipping-taxable","13":"purchasable","14":"product-type-simple"},"_links":{"self":[{"href":"https:\/\/boreait.com\/fr\/wp-json\/wp\/v2\/product\/10255","targetHints":{"allow":["GET"]}}],"collection":[{"href":"https:\/\/boreait.com\/fr\/wp-json\/wp\/v2\/product"}],"about":[{"href":"https:\/\/boreait.com\/fr\/wp-json\/wp\/v2\/types\/product"}],"wp:featuredmedia":[{"embeddable":true,"href":"https:\/\/boreait.com\/fr\/wp-json\/wp\/v2\/media\/10317"}],"wp:attachment":[{"href":"https:\/\/boreait.com\/fr\/wp-json\/wp\/v2\/media?parent=10255"}],"wp:term":[{"taxonomy":"product_brand","embeddable":true,"href":"https:\/\/boreait.com\/fr\/wp-json\/wp\/v2\/product_brand?post=10255"},{"taxonomy":"product_cat","embeddable":true,"href":"https:\/\/boreait.com\/fr\/wp-json\/wp\/v2\/product_cat?post=10255"},{"taxonomy":"product_tag","embeddable":true,"href":"https:\/\/boreait.com\/fr\/wp-json\/wp\/v2\/product_tag?post=10255"}],"curies":[{"name":"wp","href":"https:\/\/api.w.org\/{rel}","templated":true}]}}