{"id":10224,"date":"2025-09-15T15:14:56","date_gmt":"2025-09-15T13:14:56","guid":{"rendered":"https:\/\/boreait.com\/fr\/?post_type=product&#038;p=10224"},"modified":"2026-01-14T14:52:16","modified_gmt":"2026-01-14T13:52:16","slug":"carte-bouton-dalimentation-dorigine-toshiba-s50-b-s50t-b-l50-b-l50t-b","status":"publish","type":"product","link":"https:\/\/boreait.com\/fr\/produit\/carte-bouton-dalimentation-dorigine-toshiba-s50-b-s50t-b-l50-b-l50t-b\/","title":{"rendered":"Carte bouton d&rsquo;alimentation d&rsquo;origine Toshiba S50-B S50T-B L50-B L50T-B"},"content":{"rendered":"<p>B\u00e9n\u00e9ficiez de la qualit\u00e9 Toshiba authentique et pr\u00e9cise avec la carte du bouton d&rsquo;alimentation con\u00e7ue pour les ordinateurs portables Toshiba S50-B, S50T-B, L50-B et L50T-B. Cette carte du bouton d&rsquo;alimentation d&rsquo;origine est la pi\u00e8ce de rechange id\u00e9ale pour les boutons d&rsquo;alimentation endommag\u00e9s ou d\u00e9fectueux de votre ordinateur portable Toshiba.<\/p>\n<p>D\u00e9tails du produit\u00a0:<\/p>\n<ul>\n<li>Mod\u00e8les compatibles\u00a0: Toshiba S50-B, S50T-B, L50-B, L50T-B<\/li>\n<li>R\u00e9f\u00e9rence\u00a0: 3PBLIPB0010<\/li>\n<\/ul>\n<p>Restaurez facilement l&rsquo;alimentation de votre ordinateur portable \u00e0 son \u00e9tat d&rsquo;origine gr\u00e2ce \u00e0 cette pi\u00e8ce Toshiba d&rsquo;origine. La carte du bouton d&rsquo;alimentation garantit un remplacement simple et vous permet de reprendre le contr\u00f4le total de l&rsquo;alimentation de votre appareil. Veuillez noter que cette annonce inclut des photos r\u00e9elles de la carte d&rsquo;alimentation d&rsquo;origine Toshiba S50-B S50T-B L50-B L50T-B. Aucune instruction d&rsquo;installation n&rsquo;est fournie. Pour toute question ou assistance, n&rsquo;h\u00e9sitez pas \u00e0 nous contacter. Am\u00e9liorez l&rsquo;alimentation de votre ordinateur portable Toshiba avec cette pi\u00e8ce de rechange authentique pour une exp\u00e9rience informatique fluide et fiable.<\/p>\n","protected":false},"excerpt":{"rendered":"<p>Am\u00e9liorez les fonctionnalit\u00e9s de votre ordinateur portable avec la carte d&rsquo;alimentation d&rsquo;origine Toshiba S50-B S50T-B L50-B L50T-B. Cette carte d&rsquo;origine assure un fonctionnement fluide du bouton d&rsquo;alimentation des ordinateurs portables Toshiba des s\u00e9ries S50 et L50. B\u00e9n\u00e9ficiez de la qualit\u00e9 Toshiba fiable et authentique pour un remplacement ou une r\u00e9paration en toute simplicit\u00e9.<\/p>\n","protected":false},"featured_media":10297,"template":"","meta":[],"product_brand":[],"product_cat":[63],"product_tag":[70],"class_list":{"0":"post-10224","1":"product","2":"type-product","3":"status-publish","4":"has-post-thumbnail","6":"product_cat-motherboards-board-parts","7":"product_tag-toshiba","9":"first","10":"instock","11":"taxable","12":"shipping-taxable","13":"purchasable","14":"product-type-simple"},"_links":{"self":[{"href":"https:\/\/boreait.com\/fr\/wp-json\/wp\/v2\/product\/10224","targetHints":{"allow":["GET"]}}],"collection":[{"href":"https:\/\/boreait.com\/fr\/wp-json\/wp\/v2\/product"}],"about":[{"href":"https:\/\/boreait.com\/fr\/wp-json\/wp\/v2\/types\/product"}],"wp:featuredmedia":[{"embeddable":true,"href":"https:\/\/boreait.com\/fr\/wp-json\/wp\/v2\/media\/10297"}],"wp:attachment":[{"href":"https:\/\/boreait.com\/fr\/wp-json\/wp\/v2\/media?parent=10224"}],"wp:term":[{"taxonomy":"product_brand","embeddable":true,"href":"https:\/\/boreait.com\/fr\/wp-json\/wp\/v2\/product_brand?post=10224"},{"taxonomy":"product_cat","embeddable":true,"href":"https:\/\/boreait.com\/fr\/wp-json\/wp\/v2\/product_cat?post=10224"},{"taxonomy":"product_tag","embeddable":true,"href":"https:\/\/boreait.com\/fr\/wp-json\/wp\/v2\/product_tag?post=10224"}],"curies":[{"name":"wp","href":"https:\/\/api.w.org\/{rel}","templated":true}]}}