{"id":10223,"date":"2025-09-15T15:14:56","date_gmt":"2025-09-15T13:14:56","guid":{"rendered":"https:\/\/boreait.com\/fr\/?post_type=product&#038;p=10223"},"modified":"2025-09-15T15:16:44","modified_gmt":"2025-09-15T13:16:44","slug":"pave-tactile-pour-carte-mere-asus-z83-z83s-serie-tm61pde8g307-piece-de-rechange","status":"publish","type":"product","link":"https:\/\/boreait.com\/fr\/produit\/pave-tactile-pour-carte-mere-asus-z83-z83s-serie-tm61pde8g307-piece-de-rechange\/","title":{"rendered":"Pav\u00e9 tactile pour carte m\u00e8re ASUS Z83 Z83S s\u00e9rie TM61PDE8G307 &#8211; Pi\u00e8ce de rechange"},"content":{"rendered":"<p>Am\u00e9liorez les performances de votre carte m\u00e8re ASUS Z83, Z83S ou Z83S s\u00e9rie TM61PDE8G307 avec ce pav\u00e9 tactile de remplacement. Fiable et pr\u00e9cis, il vous permet de naviguer plus facilement sur votre ordinateur portable.<\/p>\n<p>Con\u00e7u comme pi\u00e8ce de rechange compatible avec certains mod\u00e8les ASUS, ce pav\u00e9 tactile garantit une int\u00e9gration et une fonctionnalit\u00e9 optimales. Veuillez noter qu&rsquo;aucune notice d&rsquo;installation n&rsquo;est fournie avec ce produit. N&rsquo;h\u00e9sitez pas \u00e0 nous contacter si vous avez besoin d&rsquo;aide.<\/p>\n<p>Veuillez noter que cette annonce contient des photos r\u00e9elles du pav\u00e9 tactile pour carte m\u00e8re ASUS Z83, Z83S ou Z83S s\u00e9rie TM61PDE8G307. Pour toute question ou information compl\u00e9mentaire, n&rsquo;h\u00e9sitez pas \u00e0 nous contacter.<\/p>\n","protected":false},"excerpt":{"rendered":"<p>Remplacez le pav\u00e9 tactile de votre carte m\u00e8re ASUS Z83, Z83S ou Z83S s\u00e9rie TM61PDE8G307 par cette pi\u00e8ce de rechange de haute qualit\u00e9. Assurez une navigation et des fonctionnalit\u00e9s fluides sur votre ordinateur portable.<\/p>\n","protected":false},"featured_media":10295,"template":"","meta":[],"product_brand":[],"product_cat":[78],"product_tag":[66],"class_list":{"0":"post-10223","1":"product","2":"type-product","3":"status-publish","4":"has-post-thumbnail","6":"product_cat-laptop-touchpads","7":"product_tag-asus","9":"first","10":"instock","11":"taxable","12":"shipping-taxable","13":"purchasable","14":"product-type-simple"},"_links":{"self":[{"href":"https:\/\/boreait.com\/fr\/wp-json\/wp\/v2\/product\/10223","targetHints":{"allow":["GET"]}}],"collection":[{"href":"https:\/\/boreait.com\/fr\/wp-json\/wp\/v2\/product"}],"about":[{"href":"https:\/\/boreait.com\/fr\/wp-json\/wp\/v2\/types\/product"}],"wp:featuredmedia":[{"embeddable":true,"href":"https:\/\/boreait.com\/fr\/wp-json\/wp\/v2\/media\/10295"}],"wp:attachment":[{"href":"https:\/\/boreait.com\/fr\/wp-json\/wp\/v2\/media?parent=10223"}],"wp:term":[{"taxonomy":"product_brand","embeddable":true,"href":"https:\/\/boreait.com\/fr\/wp-json\/wp\/v2\/product_brand?post=10223"},{"taxonomy":"product_cat","embeddable":true,"href":"https:\/\/boreait.com\/fr\/wp-json\/wp\/v2\/product_cat?post=10223"},{"taxonomy":"product_tag","embeddable":true,"href":"https:\/\/boreait.com\/fr\/wp-json\/wp\/v2\/product_tag?post=10223"}],"curies":[{"name":"wp","href":"https:\/\/api.w.org\/{rel}","templated":true}]}}