{"id":10222,"date":"2025-09-15T15:14:55","date_gmt":"2025-09-15T13:14:55","guid":{"rendered":"https:\/\/boreait.com\/fr\/?post_type=product&#038;p=10222"},"modified":"2026-01-14T14:51:57","modified_gmt":"2026-01-14T13:51:57","slug":"carte-mini-pcie-sans-fil-bluetooth-3-0-atheros-ar5b195-n150-802-11n-pa3894u-1mpc","status":"publish","type":"product","link":"https:\/\/boreait.com\/fr\/produit\/carte-mini-pcie-sans-fil-bluetooth-3-0-atheros-ar5b195-n150-802-11n-pa3894u-1mpc\/","title":{"rendered":"Carte mini PCIe sans fil Bluetooth 3.0 Atheros AR5B195 N150 802.11n PA3894U-1MPC"},"content":{"rendered":"<p>Am\u00e9liorez la connectivit\u00e9 de votre ordinateur portable avec la carte mini PCIe sans fil BT 3.0 802.11n PA3894U-1MPC Atheros AR5B195 N150 d&rsquo;origine. Cette carte mini PCIe offre des fonctionnalit\u00e9s Wi-Fi 802.11n et Bluetooth 3.0 fiables, garantissant une connectivit\u00e9 sans fil fluide et stable pour votre ordinateur portable. <\/p>\n<p>Principales caract\u00e9ristiques\u00a0:<\/p>\n<ul>\n<li>Norme sans fil\u00a0: 802.11n (150\u00a0Mbps)<\/li>\n<li>Version Bluetooth\u00a0: 3.0<\/li>\n<li>Format Mini PCIe<\/li>\n<li>Ordinateurs portables compatibles\u00a0: Dell Dw1702, HP SPS 592775-001, HP 630 635, ASUS N75S, Dell N7110<\/li>\n<\/ul>\n<p>La carte Atheros AR5B195 N150 offre une connexion Wi-Fi puissante et stable, permettant un acc\u00e8s Internet plus rapide et une connectivit\u00e9 plus fiable pour votre ordinateur portable. Gr\u00e2ce au Bluetooth 3.0, connectez facilement des appareils compatibles tels que des \u00e9couteurs, des enceintes et autres p\u00e9riph\u00e9riques sans fil.<\/p>\n<p>Cette carte Atheros authentique est id\u00e9ale pour ceux qui souhaitent mettre \u00e0 niveau ou remplacer la carte sans fil de leur ordinateur portable. Veuillez noter que cette annonce inclut de vraies photos de la carte mini PCIe sans fil BT 3.0 Atheros AR5B195 N150 802.11n PA3894U-1MPC. Aucune instruction d&rsquo;installation n&rsquo;est fournie, mais je suis disponible pour toute question ou assistance concernant ce produit. Am\u00e9liorez la connectivit\u00e9 de votre ordinateur portable en toute simplicit\u00e9 gr\u00e2ce \u00e0 cette carte sans fil Atheros fiable.<\/p>\n","protected":false},"excerpt":{"rendered":"<p>Am\u00e9liorez la connectivit\u00e9 de votre ordinateur portable avec la carte mini PCIe sans fil BT 3.0 802.11n PA3894U-1MPC Atheros AR5B195 N150 d&rsquo;origine. Cette carte mini PCIe offre une connectivit\u00e9 Wi-Fi 802.11n et Bluetooth 3.0 fiable et performante. Profitez d&rsquo;une connexion sans fil stable et s\u00e9curis\u00e9e pour une navigation internet fluide, du streaming et une connectivit\u00e9 sans fil optimale. Am\u00e9liorez votre ordinateur portable et restez connect\u00e9 en toute simplicit\u00e9 gr\u00e2ce \u00e0 cette carte sans fil Atheros d&rsquo;origine.<\/p>\n","protected":false},"featured_media":10294,"template":"","meta":[],"product_brand":[],"product_cat":[63],"product_tag":[],"class_list":{"0":"post-10222","1":"product","2":"type-product","3":"status-publish","4":"has-post-thumbnail","6":"product_cat-motherboards-board-parts","8":"first","9":"instock","10":"taxable","11":"shipping-taxable","12":"purchasable","13":"product-type-simple"},"_links":{"self":[{"href":"https:\/\/boreait.com\/fr\/wp-json\/wp\/v2\/product\/10222","targetHints":{"allow":["GET"]}}],"collection":[{"href":"https:\/\/boreait.com\/fr\/wp-json\/wp\/v2\/product"}],"about":[{"href":"https:\/\/boreait.com\/fr\/wp-json\/wp\/v2\/types\/product"}],"wp:featuredmedia":[{"embeddable":true,"href":"https:\/\/boreait.com\/fr\/wp-json\/wp\/v2\/media\/10294"}],"wp:attachment":[{"href":"https:\/\/boreait.com\/fr\/wp-json\/wp\/v2\/media?parent=10222"}],"wp:term":[{"taxonomy":"product_brand","embeddable":true,"href":"https:\/\/boreait.com\/fr\/wp-json\/wp\/v2\/product_brand?post=10222"},{"taxonomy":"product_cat","embeddable":true,"href":"https:\/\/boreait.com\/fr\/wp-json\/wp\/v2\/product_cat?post=10222"},{"taxonomy":"product_tag","embeddable":true,"href":"https:\/\/boreait.com\/fr\/wp-json\/wp\/v2\/product_tag?post=10222"}],"curies":[{"name":"wp","href":"https:\/\/api.w.org\/{rel}","templated":true}]}}