{"id":10216,"date":"2025-09-15T15:14:54","date_gmt":"2025-09-15T13:14:54","guid":{"rendered":"https:\/\/boreait.com\/fr\/?post_type=product&#038;p=10216"},"modified":"2026-01-14T14:50:25","modified_gmt":"2026-01-14T13:50:25","slug":"memoire-ram-samsung-4-go-1-600-mhz-pc3l-12800s-ddr3-1600-m471b5173qh0-pour-ordinateur-portable","status":"publish","type":"product","link":"https:\/\/boreait.com\/fr\/produit\/memoire-ram-samsung-4-go-1-600-mhz-pc3l-12800s-ddr3-1600-m471b5173qh0-pour-ordinateur-portable\/","title":{"rendered":"M\u00e9moire RAM Samsung 4\u00a0Go 1\u00a0600\u00a0MHz PC3L-12800S DDR3-1600 M471B5173QH0 pour ordinateur portable"},"content":{"rendered":"<p>Am\u00e9liorez les performances de votre ordinateur portable avec la m\u00e9moire Samsung 4 Go 1600 MHz PC3L-12800S DDR3-1600 M471B5173QH0. Con\u00e7ue pour une mise \u00e0 niveau de m\u00e9moire facile \u00e0 installer, cette barrette RAM offre une capacit\u00e9 accrue et une vitesse accrue \u00e0 votre ordinateur portable, pour un multit\u00e2che optimis\u00e9 et une r\u00e9activit\u00e9 syst\u00e8me optimale.<\/p>\n<p>Principales caract\u00e9ristiques\u00a0:<\/p>\n<ul>\n<li>Taille de la m\u00e9moire\u00a0: 4 Go<\/li>\n<li>Type de m\u00e9moire\u00a0: DDR3L SDRAM<\/li>\n<li>Vitesse\u00a0: 1600 MHz<\/li>\n<li>Compatibilit\u00e9\u00a0: Module m\u00e9moire pour ordinateur portable<\/li>\n<\/ul>\n<p>Profitez de capacit\u00e9s informatiques am\u00e9lior\u00e9es avec cette barrette m\u00e9moire Samsung. Am\u00e9liorez votre ordinateur portable pour un multit\u00e2che plus fluide, un acc\u00e8s aux donn\u00e9es plus rapide et des performances globales am\u00e9lior\u00e9es. Veuillez noter que cette annonce inclut des photos r\u00e9elles de la m\u00e9moire Samsung 4 Go 1600 MHz PC3L-12800S DDR3-1600 M471B5173QH0. Aucune instruction d&rsquo;installation n&rsquo;est fournie. Pour toute question ou assistance, n&rsquo;h\u00e9sitez pas \u00e0 nous contacter. Offrez \u00e0 votre ordinateur portable la mise \u00e0 niveau qu&rsquo;il m\u00e9rite avec ce module m\u00e9moire Samsung.<\/p>\n","protected":false},"excerpt":{"rendered":"<p>Am\u00e9liorez les performances de votre ordinateur portable avec la m\u00e9moire Samsung 4 Go 1600 MHz PC3L-12800S DDR3-1600 M471B5173QH0. Ce module RAM est con\u00e7u pour une mise \u00e0 niveau fluide, pour un multit\u00e2che optimis\u00e9, un traitement des donn\u00e9es plus rapide et un fonctionnement syst\u00e8me plus fluide. Avec une capacit\u00e9 de 4 Go et une fr\u00e9quence de 1600 MHz, c&rsquo;est la solution id\u00e9ale pour booster les performances de votre ordinateur portable.<\/p>\n","protected":false},"featured_media":10279,"template":"","meta":[],"product_brand":[],"product_cat":[73,72],"product_tag":[],"class_list":{"0":"post-10216","1":"product","2":"type-product","3":"status-publish","4":"has-post-thumbnail","6":"product_cat-ddr3-ddr3l","7":"product_cat-ram-memory","9":"first","10":"instock","11":"taxable","12":"shipping-taxable","13":"purchasable","14":"product-type-simple"},"_links":{"self":[{"href":"https:\/\/boreait.com\/fr\/wp-json\/wp\/v2\/product\/10216","targetHints":{"allow":["GET"]}}],"collection":[{"href":"https:\/\/boreait.com\/fr\/wp-json\/wp\/v2\/product"}],"about":[{"href":"https:\/\/boreait.com\/fr\/wp-json\/wp\/v2\/types\/product"}],"wp:featuredmedia":[{"embeddable":true,"href":"https:\/\/boreait.com\/fr\/wp-json\/wp\/v2\/media\/10279"}],"wp:attachment":[{"href":"https:\/\/boreait.com\/fr\/wp-json\/wp\/v2\/media?parent=10216"}],"wp:term":[{"taxonomy":"product_brand","embeddable":true,"href":"https:\/\/boreait.com\/fr\/wp-json\/wp\/v2\/product_brand?post=10216"},{"taxonomy":"product_cat","embeddable":true,"href":"https:\/\/boreait.com\/fr\/wp-json\/wp\/v2\/product_cat?post=10216"},{"taxonomy":"product_tag","embeddable":true,"href":"https:\/\/boreait.com\/fr\/wp-json\/wp\/v2\/product_tag?post=10216"}],"curies":[{"name":"wp","href":"https:\/\/api.w.org\/{rel}","templated":true}]}}