{"id":10187,"date":"2025-09-15T15:14:08","date_gmt":"2025-09-15T13:14:08","guid":{"rendered":"https:\/\/boreait.com\/fr\/?post_type=product&#038;p=10187"},"modified":"2026-01-14T14:47:49","modified_gmt":"2026-01-14T13:47:49","slug":"bouton-dalimentation-led-da0gc3yb8c0-pour-ordinateur-portable-lenovo-thinkpad-l512-piece-de-rechange","status":"publish","type":"product","link":"https:\/\/boreait.com\/fr\/produit\/bouton-dalimentation-led-da0gc3yb8c0-pour-ordinateur-portable-lenovo-thinkpad-l512-piece-de-rechange\/","title":{"rendered":"Bouton d&rsquo;alimentation LED DA0GC3YB8C0 pour ordinateur portable Lenovo ThinkPad L512 \u2013 Pi\u00e8ce de rechange"},"content":{"rendered":"<p>Le bouton d&rsquo;alimentation LED pour Lenovo THINKPAD L512 est une pi\u00e8ce de rechange authentique con\u00e7ue pour le mod\u00e8le L512. Si le panneau de commande du bouton d&rsquo;alimentation de votre ordinateur portable est us\u00e9 ou fonctionne mal, cette pi\u00e8ce Lenovo d&rsquo;origine est la solution.<\/p>\n<p>R\u00e9f\u00e9rences\u00a0: UMT-SZ 2MV 94V-0 \/ DA0GC3YB8C0<\/p>\n<p>Cette pi\u00e8ce de rechange assure un ajustement parfait et restaure les fonctionnalit\u00e9s et l&rsquo;apparence de votre ordinateur portable. Sp\u00e9cialement con\u00e7ue pour le mod\u00e8le L512, elle constitue la solution id\u00e9ale pour maintenir votre ordinateur portable en parfait \u00e9tat.<\/p>\n<p>Veuillez noter que cette annonce inclut de vraies photos du bouton d&rsquo;alimentation LED pour Lenovo THINKPAD L512. Il est important de noter qu&rsquo;aucune instruction d&rsquo;installation n&rsquo;est fournie. Pour toute assistance ou question, n&rsquo;h\u00e9sitez pas \u00e0 nous contacter.<\/p>\n<p>Assurez-vous que votre Lenovo THINKPAD L512 continue de fonctionner au mieux de ses performances en rempla\u00e7ant les composants us\u00e9s ou endommag\u00e9s par des pi\u00e8ces d&rsquo;origine parfaitement adapt\u00e9es.<\/p>\n","protected":false},"excerpt":{"rendered":"<p>Remplacez le bouton d&rsquo;alimentation LED de votre Lenovo THINKPAD L512 par cette pi\u00e8ce d&rsquo;origine. Votre ordinateur portable restera comme neuf.<\/p>\n","protected":false},"featured_media":10259,"template":"","meta":[],"product_brand":[],"product_cat":[63],"product_tag":[62],"class_list":{"0":"post-10187","1":"product","2":"type-product","3":"status-publish","4":"has-post-thumbnail","6":"product_cat-motherboards-board-parts","7":"product_tag-lenovo","9":"first","10":"instock","11":"taxable","12":"shipping-taxable","13":"purchasable","14":"product-type-simple"},"_links":{"self":[{"href":"https:\/\/boreait.com\/fr\/wp-json\/wp\/v2\/product\/10187","targetHints":{"allow":["GET"]}}],"collection":[{"href":"https:\/\/boreait.com\/fr\/wp-json\/wp\/v2\/product"}],"about":[{"href":"https:\/\/boreait.com\/fr\/wp-json\/wp\/v2\/types\/product"}],"wp:featuredmedia":[{"embeddable":true,"href":"https:\/\/boreait.com\/fr\/wp-json\/wp\/v2\/media\/10259"}],"wp:attachment":[{"href":"https:\/\/boreait.com\/fr\/wp-json\/wp\/v2\/media?parent=10187"}],"wp:term":[{"taxonomy":"product_brand","embeddable":true,"href":"https:\/\/boreait.com\/fr\/wp-json\/wp\/v2\/product_brand?post=10187"},{"taxonomy":"product_cat","embeddable":true,"href":"https:\/\/boreait.com\/fr\/wp-json\/wp\/v2\/product_cat?post=10187"},{"taxonomy":"product_tag","embeddable":true,"href":"https:\/\/boreait.com\/fr\/wp-json\/wp\/v2\/product_tag?post=10187"}],"curies":[{"name":"wp","href":"https:\/\/api.w.org\/{rel}","templated":true}]}}