{"id":10184,"date":"2025-09-15T15:14:07","date_gmt":"2025-09-15T13:14:07","guid":{"rendered":"https:\/\/boreait.com\/fr\/?post_type=product&#038;p=10184"},"modified":"2026-01-14T14:47:10","modified_gmt":"2026-01-14T13:47:10","slug":"cable-de-lecteur-de-carte-sd-pour-hp-probook-4740s-50-4sj05-001-48-4si02-011-piece-de-rechange-dorigine","status":"publish","type":"product","link":"https:\/\/boreait.com\/fr\/produit\/cable-de-lecteur-de-carte-sd-pour-hp-probook-4740s-50-4sj05-001-48-4si02-011-piece-de-rechange-dorigine\/","title":{"rendered":"C\u00e2ble de lecteur de carte SD pour HP Probook 4740S (50.4SJ05.001\/48.4SI02.011) &#8211; Pi\u00e8ce de rechange d&rsquo;origine"},"content":{"rendered":"<p>Mettez \u00e0 niveau ou remplacez le lecteur de carte SD de votre HP Probook 4740S par le c\u00e2ble de lecteur de carte SD HP 50.4SJ05.001 48.4SI02.011 d&rsquo;origine. Ce composant est une pi\u00e8ce de rechange HP authentique con\u00e7ue sp\u00e9cifiquement pour le mod\u00e8le Probook 4740S.<\/p>\n<p>Principales caract\u00e9ristiques\u00a0:<\/p>\n<ul>\n<li>Mod\u00e8le\u00a0: HP Probook 4740S<\/li>\n<li>R\u00e9f\u00e9rence\u00a0: 50.4SJ05.001 48.4SI02.011<\/li>\n<li>Type\u00a0: C\u00e2ble de lecteur de carte SD (c\u00e2ble uniquement\u00a0!)<\/li>\n<\/ul>\n<p>Assurez une compatibilit\u00e9 et des performances optimales en utilisant la pi\u00e8ce sp\u00e9cifi\u00e9e par le fabricant pour votre ordinateur portable. Que votre lecteur de carte actuel soit d\u00e9fectueux ou que vous mettiez \u00e0 niveau votre appareil, cette pi\u00e8ce de rechange garantit la qualit\u00e9 et la fiabilit\u00e9 que vous attendez des produits HP. Veuillez noter que cette annonce inclut des photos authentiques du produit. Aucune instruction d&rsquo;installation n&rsquo;est fournie. Pour toute question ou assistance concernant l&rsquo;installation, la compatibilit\u00e9 ou tout autre probl\u00e8me, n&rsquo;h\u00e9sitez pas \u00e0 nous contacter. Assurez le fonctionnement optimal de votre HP Probook 4740S gr\u00e2ce \u00e0 ce lecteur de carte SD de remplacement d&rsquo;origine.<\/p>\n","protected":false},"excerpt":{"rendered":"<p>Remplacez le lecteur de carte SD de votre HP Probook 4740S par cette carte HP 50.4SJ05.001 48.4SI02.011 d&rsquo;origine. Assurez la compatibilit\u00e9 et la qualit\u00e9 de votre lecteur de carte SD pour votre ordinateur portable.<\/p>\n","protected":false},"featured_media":10246,"template":"","meta":[],"product_brand":[],"product_cat":[56],"product_tag":[61],"class_list":{"0":"post-10184","1":"product","2":"type-product","3":"status-publish","4":"has-post-thumbnail","6":"product_cat-cables","7":"product_tag-hp","9":"first","10":"instock","11":"taxable","12":"shipping-taxable","13":"purchasable","14":"product-type-simple"},"_links":{"self":[{"href":"https:\/\/boreait.com\/fr\/wp-json\/wp\/v2\/product\/10184","targetHints":{"allow":["GET"]}}],"collection":[{"href":"https:\/\/boreait.com\/fr\/wp-json\/wp\/v2\/product"}],"about":[{"href":"https:\/\/boreait.com\/fr\/wp-json\/wp\/v2\/types\/product"}],"wp:featuredmedia":[{"embeddable":true,"href":"https:\/\/boreait.com\/fr\/wp-json\/wp\/v2\/media\/10246"}],"wp:attachment":[{"href":"https:\/\/boreait.com\/fr\/wp-json\/wp\/v2\/media?parent=10184"}],"wp:term":[{"taxonomy":"product_brand","embeddable":true,"href":"https:\/\/boreait.com\/fr\/wp-json\/wp\/v2\/product_brand?post=10184"},{"taxonomy":"product_cat","embeddable":true,"href":"https:\/\/boreait.com\/fr\/wp-json\/wp\/v2\/product_cat?post=10184"},{"taxonomy":"product_tag","embeddable":true,"href":"https:\/\/boreait.com\/fr\/wp-json\/wp\/v2\/product_tag?post=10184"}],"curies":[{"name":"wp","href":"https:\/\/api.w.org\/{rel}","templated":true}]}}