{"id":10181,"date":"2025-09-15T15:14:06","date_gmt":"2025-09-15T13:14:06","guid":{"rendered":"https:\/\/boreait.com\/fr\/?post_type=product&#038;p=10181"},"modified":"2026-01-14T14:46:16","modified_gmt":"2026-01-14T13:46:16","slug":"carte-bouton-da0gc3pi8d0-pour-lenovo-thinkpad-l510-piece-de-rechange-dorigine","status":"publish","type":"product","link":"https:\/\/boreait.com\/fr\/produit\/carte-bouton-da0gc3pi8d0-pour-lenovo-thinkpad-l510-piece-de-rechange-dorigine\/","title":{"rendered":"Carte bouton DA0GC3PI8D0 pour Lenovo ThinkPad L510 &#8211; Pi\u00e8ce de rechange d&rsquo;origine !"},"content":{"rendered":"<p>La carte de boutons DA0GC3PI8D0 est un composant de remplacement authentique sp\u00e9cialement con\u00e7u pour le Lenovo ThinkPad L510. Elle garantit le bon fonctionnement des boutons et commandes de votre ordinateur portable.<\/p>\n<p>Con\u00e7ue pour s&rsquo;int\u00e9grer parfaitement \u00e0 votre ThinkPad L510, cette carte de boutons d&rsquo;origine garantit le bon fonctionnement de plusieurs boutons et les restaure \u00e0 leur \u00e9tat d&rsquo;origine. Que vous ayez besoin de remplacer une carte de boutons d\u00e9fectueuse ou que vous souhaitiez garantir la fonctionnalit\u00e9 continue de votre ordinateur portable, cette pi\u00e8ce Lenovo d&rsquo;origine offre la fiabilit\u00e9 et les performances attendues de la marque.<\/p>\n<p>Principales caract\u00e9ristiques\u00a0:<\/p>\n<ul>\n<li>Mod\u00e8le compatible\u00a0: Lenovo ThinkPad L510<\/li>\n<li>Pi\u00e8ce Lenovo d&rsquo;origine\u00a0: DA0GC3PI8D0<\/li>\n<li>Restaurer la fonctionnalit\u00e9 des boutons<\/li>\n<li>Remplacement facile<\/li>\n<\/ul>\n<p>L&rsquo;inclusion de photos r\u00e9elles garantit la transparence de votre achat, vous permettant de voir exactement ce que vous recevrez. Veuillez noter que cette annonce ne comprend pas les instructions d&rsquo;installation. Pour toute question ou information compl\u00e9mentaire, n&rsquo;h\u00e9sitez pas \u00e0 nous contacter.<\/p>\n<p>Mettez \u00e0 jour votre ThinkPad L510 avec la carte de boutons DA0GC3PI8D0 d&rsquo;origine. Vous b\u00e9n\u00e9ficierez ainsi du fonctionnement optimal des boutons de votre ordinateur portable et de la convivialit\u00e9 et du confort d&rsquo;utilisation dont vous avez besoin sur votre appareil Lenovo.<\/p>\n","protected":false},"excerpt":{"rendered":"<p>Am\u00e9liorez les fonctionnalit\u00e9s de votre Lenovo ThinkPad L510 avec la carte de boutons DA0GC3PI8D0. Cette pi\u00e8ce de rechange d&rsquo;origine assure le bon fonctionnement des boutons de votre ordinateur portable, am\u00e9liorant ainsi son confort d&rsquo;utilisation. Retrouvez les commandes d&rsquo;origine de votre ThinkPad L510 gr\u00e2ce \u00e0 cette carte de boutons authentique, con\u00e7ue pour un remplacement facile.<\/p>\n","protected":false},"featured_media":10242,"template":"","meta":[],"product_brand":[],"product_cat":[63],"product_tag":[62],"class_list":{"0":"post-10181","1":"product","2":"type-product","3":"status-publish","4":"has-post-thumbnail","6":"product_cat-motherboards-board-parts","7":"product_tag-lenovo","9":"first","10":"instock","11":"taxable","12":"shipping-taxable","13":"purchasable","14":"product-type-simple"},"_links":{"self":[{"href":"https:\/\/boreait.com\/fr\/wp-json\/wp\/v2\/product\/10181","targetHints":{"allow":["GET"]}}],"collection":[{"href":"https:\/\/boreait.com\/fr\/wp-json\/wp\/v2\/product"}],"about":[{"href":"https:\/\/boreait.com\/fr\/wp-json\/wp\/v2\/types\/product"}],"wp:featuredmedia":[{"embeddable":true,"href":"https:\/\/boreait.com\/fr\/wp-json\/wp\/v2\/media\/10242"}],"wp:attachment":[{"href":"https:\/\/boreait.com\/fr\/wp-json\/wp\/v2\/media?parent=10181"}],"wp:term":[{"taxonomy":"product_brand","embeddable":true,"href":"https:\/\/boreait.com\/fr\/wp-json\/wp\/v2\/product_brand?post=10181"},{"taxonomy":"product_cat","embeddable":true,"href":"https:\/\/boreait.com\/fr\/wp-json\/wp\/v2\/product_cat?post=10181"},{"taxonomy":"product_tag","embeddable":true,"href":"https:\/\/boreait.com\/fr\/wp-json\/wp\/v2\/product_tag?post=10181"}],"curies":[{"name":"wp","href":"https:\/\/api.w.org\/{rel}","templated":true}]}}