{"id":10167,"date":"2025-09-15T15:13:42","date_gmt":"2025-09-15T13:13:42","guid":{"rendered":"https:\/\/boreait.com\/fr\/?post_type=product&#038;p=10167"},"modified":"2026-02-25T16:08:13","modified_gmt":"2026-02-25T15:08:13","slug":"clavier-azerty-francais-retroeclaire-pour-dell-e5550-e5570-e5580-precision-15-17-7000-sans-cadre","status":"publish","type":"product","link":"https:\/\/boreait.com\/fr\/produit\/clavier-azerty-francais-retroeclaire-pour-dell-e5550-e5570-e5580-precision-15-17-7000-sans-cadre\/","title":{"rendered":"Clavier AZERTY fran\u00e7ais r\u00e9tro\u00e9clair\u00e9 pour Dell E5550, E5570, E5580 Precision 15, 17, 7000 &#8211; Sans cadre"},"content":{"rendered":"<p>Am\u00e9liorez vos ordinateurs portables Dell Latitude E5550, E5570, E5580 et Precision 15 17 7000 avec ce tout nouveau clavier r\u00e9tro\u00e9clair\u00e9 AZERTY fran\u00e7ais. Compatible avec de nombreux mod\u00e8les et r\u00e9f\u00e9rences, il offre une compatibilit\u00e9 polyvalente. Son design sans cadre et ses performances sont aussi fiables que celles illustr\u00e9es sur la photo. <\/p>\n<p><strong>Num\u00e9ros de pi\u00e8ces compatibles\u00a0:<\/strong><\/p>\n<ul>\n<li>01XN1N<\/li>\n<li>NSK-LL0BC 0W<\/li>\n<li>PK1313M1B19<\/li>\n<li>SN7232BL<\/li>\n<li>0N7CXW<\/li>\n<li>PK1313M3A00<\/li>\n<li>MP-13P33US6698<\/li>\n<li>0383D7<\/li>\n<li>PK1313M1B00<\/li>\n<li>MP-13P53USJ698<\/li>\n<\/ul>\n<p><strong>Mod\u00e8les d&rsquo;ordinateurs portables compatibles\u00a0:<\/strong><\/p>\n<ul>\n<li>Pour Dell Latitude Ordinateur portable Dell Latitude E5550\n<li>Pour ordinateur portable Dell Latitude E5570<\/li>\n<li>Pour ordinateur portable Dell Latitude 5550<\/li>\n<li>Pour ordinateur portable Dell Latitude 5580<\/li>\n<li>Pour ordinateur portable Dell Latitude 5590<\/li>\n<li>Pour ordinateur portable Dell Latitude 5591<\/li>\n<li>Pour ordinateur portable Dell Precision 3510<\/li>\n<li>Pour ordinateur portable Dell Precision 3520<\/li>\n<li>Pour ordinateur portable Dell Precision 7510<\/li>\n<li>Pour ordinateur portable Dell Precision 7520<\/li>\n<li>Pour ordinateur portable Dell Precision 7710<\/li>\n<li>Pour ordinateur portable Dell Precision 7720<\/li>\n<\/ul>\n<p><strong>Caract\u00e9ristiques principales\u00a0:<\/strong><\/p>\n<ul>\n<li><strong>Compatibilit\u00e9<\/strong>\u00a0: Ce clavier est compatible avec diff\u00e9rents mod\u00e8les d&rsquo;ordinateurs portables Dell Latitude et Precision, garantissant ainsi sa polyvalence.<\/li>\n<li><strong>Disposition AZERTY fran\u00e7aise<\/strong>\u00a0: Dot\u00e9 de la disposition AZERTY fran\u00e7aise, ce clavier est id\u00e9al pour les utilisateurs francophones, mais est \u00e9galement enti\u00e8rement compatible avec d&rsquo;autres configurations et pays.<\/li>\n<li><strong>R\u00e9tro\u00e9clairage<\/strong>\u00a0: Ce clavier est r\u00e9tro\u00e9clair\u00e9, comme illustr\u00e9 sur la photo, ce qui vous permet de saisir du texte dans des environnements peu \u00e9clair\u00e9s.<\/li>\n<li><strong>Sans cadre<\/strong>\u00a0: Le clavier est livr\u00e9 sans cadre, comme illustr\u00e9 sur la photo, offrant un design \u00e9pur\u00e9 et compact.<\/li>\n<li><strong>Neuf<\/strong>\u00a0: Ce clavier est neuf et offre la qualit\u00e9 et les performances que vous attendez d&rsquo;un clavier neuf.<\/li>\n<li><strong>Installation facile<\/strong>\u00a0: Le remplacement du clavier de votre ordinateur portable est simple et ne n\u00e9cessite aucune comp\u00e9tence technique avanc\u00e9e. Des instructions d\u00e9taill\u00e9es peuvent \u00eatre fournies sur demande.<\/li>\n<\/ul>\n<p>Optimisez votre ordinateur portable Dell Latitude et Precision avec ce nouveau clavier r\u00e9tro\u00e9clair\u00e9 AZERTY fran\u00e7ais polyvalent, compatible avec de nombreux mod\u00e8les et r\u00e9f\u00e9rences. Profitez d&rsquo;un design sans cadre, de performances fiables et d&rsquo;une installation facile.<\/p>\n<p>Si vous avez d&rsquo;autres produits \u00e0 lister ou besoin d&rsquo;informations suppl\u00e9mentaires, n&rsquo;h\u00e9sitez pas \u00e0 me contacter et je vous aiderai.<\/p>\n","protected":false},"excerpt":{"rendered":"<p>Optimisez votre ordinateur portable Dell Latitude et Precision avec ce nouveau clavier fran\u00e7ais AZERTY r\u00e9tro\u00e9clair\u00e9. Compatible avec de nombreux mod\u00e8les et r\u00e9f\u00e9rences, il pr\u00e9sente un design sans cadre. Performances fiables et installation facile.<\/p>\n","protected":false},"featured_media":10231,"template":"","meta":[],"product_brand":[],"product_cat":[71],"product_tag":[53],"class_list":{"0":"post-10167","1":"product","2":"type-product","3":"status-publish","4":"has-post-thumbnail","6":"product_cat-laptop-keyboard","7":"product_tag-dell","9":"first","10":"instock","11":"taxable","12":"shipping-taxable","13":"purchasable","14":"product-type-simple"},"_links":{"self":[{"href":"https:\/\/boreait.com\/fr\/wp-json\/wp\/v2\/product\/10167","targetHints":{"allow":["GET"]}}],"collection":[{"href":"https:\/\/boreait.com\/fr\/wp-json\/wp\/v2\/product"}],"about":[{"href":"https:\/\/boreait.com\/fr\/wp-json\/wp\/v2\/types\/product"}],"wp:featuredmedia":[{"embeddable":true,"href":"https:\/\/boreait.com\/fr\/wp-json\/wp\/v2\/media\/10231"}],"wp:attachment":[{"href":"https:\/\/boreait.com\/fr\/wp-json\/wp\/v2\/media?parent=10167"}],"wp:term":[{"taxonomy":"product_brand","embeddable":true,"href":"https:\/\/boreait.com\/fr\/wp-json\/wp\/v2\/product_brand?post=10167"},{"taxonomy":"product_cat","embeddable":true,"href":"https:\/\/boreait.com\/fr\/wp-json\/wp\/v2\/product_cat?post=10167"},{"taxonomy":"product_tag","embeddable":true,"href":"https:\/\/boreait.com\/fr\/wp-json\/wp\/v2\/product_tag?post=10167"}],"curies":[{"name":"wp","href":"https:\/\/api.w.org\/{rel}","templated":true}]}}