{"id":10166,"date":"2025-09-15T15:13:41","date_gmt":"2025-09-15T13:13:41","guid":{"rendered":"https:\/\/boreait.com\/fr\/?post_type=product&#038;p=10166"},"modified":"2025-09-15T15:15:13","modified_gmt":"2025-09-15T13:15:13","slug":"nouveau-clavier-pour-hp-probook-650-g4-655-g4-650-g5-non-retroeclaire","status":"publish","type":"product","link":"https:\/\/boreait.com\/fr\/produit\/nouveau-clavier-pour-hp-probook-650-g4-655-g4-650-g5-non-retroeclaire\/","title":{"rendered":"Nouveau clavier pour HP ProBook 650 G4 655 G4 650 G5 &#8211; Non r\u00e9tro\u00e9clair\u00e9"},"content":{"rendered":"<p>Optimisez votre ordinateur portable HP ProBook 650 G4, 655 G4 ou 650 G5 avec ce tout nouveau clavier non r\u00e9tro\u00e9clair\u00e9. Ce clavier est compatible avec de nombreuses r\u00e9f\u00e9rences et configurations, y compris tch\u00e8que\/slovaque. Il offre des performances fiables et est facile \u00e0 installer. <\/p>\n<p><strong>Num\u00e9ros de pi\u00e8ces compatibles\u00a0:<\/strong><\/p>\n<ul>\n<li>L09594-FL1<\/li>\n<li>SG-87820-59A<\/li>\n<li>L00740-FL1<\/li>\n<li>6037B0133834<\/li>\n<li>L00740-051<\/li>\n<li>L09594-051<\/li>\n<li>L51009-041<\/li>\n<li>L09595-001<\/li>\n<li>L09593-001<\/li>\n<li>L00741-001<\/li>\n<li>6037B0134101<\/li>\n<li>6037B0134201<\/li>\n<li>L51009-001<\/li>\n<li>L62786-001<\/li>\n<li>6037B0153701<\/li>\n<li>L09593-001<\/li>\n<li>SN9171<\/li>\n<li>SH-87820-2FA<\/li>\n<li>6037B0133805<\/li>\n<\/ul>\n<p><strong>Principales caract\u00e9ristiques\u00a0:<\/strong><\/p>\n<ul>\n<li><strong>Compatibilit\u00e9\u00a0:<\/strong> Ce clavier est compatible avec les ordinateurs portables HP ProBook 650 G4, 655 G4 et 650 G5, avec diff\u00e9rentes r\u00e9f\u00e9rences et configurations pour une polyvalence accrue.<\/li>\n<li><strong>Disposition tch\u00e8que\/slovaque<\/strong>\u00a0: Dot\u00e9 d&rsquo;une disposition tch\u00e8que\/slovaque, ce clavier est id\u00e9al pour les utilisateurs de ces r\u00e9gions, mais est \u00e9galement enti\u00e8rement compatible avec d&rsquo;autres configurations et pays.<\/li>\n<li><strong>Non r\u00e9tro\u00e9clair\u00e9<\/strong>\u00a0: Ce clavier est non r\u00e9tro\u00e9clair\u00e9, comme illustr\u00e9 sur la photo. Il est con\u00e7u pour une saisie standard sans r\u00e9tro\u00e9clairage.<\/li>\n<li><strong>Neuf<\/strong>\u00a0: Ce clavier est neuf et offre la qualit\u00e9 et les performances que vous attendez d&rsquo;un clavier neuf.<\/li>\n<li><strong>Installation facile<\/strong>\u00a0: Le remplacement du clavier de votre ordinateur portable est simple et ne n\u00e9cessite aucune comp\u00e9tence technique avanc\u00e9e. Des instructions d\u00e9taill\u00e9es peuvent \u00eatre fournies sur demande.<\/li>\n<\/ul>\n<p>Mettez \u00e0 niveau votre ordinateur portable HP ProBook avec ce nouveau clavier polyvalent non r\u00e9tro\u00e9clair\u00e9, compatible avec diff\u00e9rentes r\u00e9f\u00e9rences et configurations, y compris tch\u00e8que\/slovaque. Profitez de performances fiables et d&rsquo;une installation facile. <\/p>\n<p>Si vous avez d&rsquo;autres produits \u00e0 lister ou si vous avez besoin d&rsquo;informations suppl\u00e9mentaires, n&rsquo;h\u00e9sitez pas \u00e0 me le faire savoir et je vous aiderai.<\/p>\n","protected":false},"excerpt":{"rendered":"<p>Am\u00e9liorez votre ordinateur portable HP ProBook 650 G4, 655 G4 ou 650 G5 avec ce nouveau clavier non r\u00e9tro\u00e9clair\u00e9. Compatible avec de nombreuses r\u00e9f\u00e9rences et configurations, y compris le tch\u00e8que et le slovaque, il offre des performances fiables et une installation facile.<\/p>\n","protected":false},"featured_media":10228,"template":"","meta":[],"product_brand":[],"product_cat":[71],"product_tag":[61],"class_list":{"0":"post-10166","1":"product","2":"type-product","3":"status-publish","4":"has-post-thumbnail","6":"product_cat-laptop-keyboard","7":"product_tag-hp","9":"first","10":"instock","11":"taxable","12":"shipping-taxable","13":"purchasable","14":"product-type-simple"},"_links":{"self":[{"href":"https:\/\/boreait.com\/fr\/wp-json\/wp\/v2\/product\/10166","targetHints":{"allow":["GET"]}}],"collection":[{"href":"https:\/\/boreait.com\/fr\/wp-json\/wp\/v2\/product"}],"about":[{"href":"https:\/\/boreait.com\/fr\/wp-json\/wp\/v2\/types\/product"}],"wp:featuredmedia":[{"embeddable":true,"href":"https:\/\/boreait.com\/fr\/wp-json\/wp\/v2\/media\/10228"}],"wp:attachment":[{"href":"https:\/\/boreait.com\/fr\/wp-json\/wp\/v2\/media?parent=10166"}],"wp:term":[{"taxonomy":"product_brand","embeddable":true,"href":"https:\/\/boreait.com\/fr\/wp-json\/wp\/v2\/product_brand?post=10166"},{"taxonomy":"product_cat","embeddable":true,"href":"https:\/\/boreait.com\/fr\/wp-json\/wp\/v2\/product_cat?post=10166"},{"taxonomy":"product_tag","embeddable":true,"href":"https:\/\/boreait.com\/fr\/wp-json\/wp\/v2\/product_tag?post=10166"}],"curies":[{"name":"wp","href":"https:\/\/api.w.org\/{rel}","templated":true}]}}