{"id":10146,"date":"2025-09-15T15:13:16","date_gmt":"2025-09-15T13:13:16","guid":{"rendered":"https:\/\/boreait.com\/fr\/?post_type=product&#038;p=10146"},"modified":"2025-09-15T15:14:35","modified_gmt":"2025-09-15T13:14:35","slug":"carte-de-commutation-du-bouton-dalimentation-pour-tablette-asus-t100t-t100chi-t100a-10-1","status":"publish","type":"product","link":"https:\/\/boreait.com\/fr\/produit\/carte-de-commutation-du-bouton-dalimentation-pour-tablette-asus-t100t-t100chi-t100a-10-1\/","title":{"rendered":"Carte de commutation du bouton d&rsquo;alimentation pour tablette ASUS T100T, T100CHI, T100A 10.1"},"content":{"rendered":"<p>D\u00e9couvrez la solution aux probl\u00e8mes de bouton d&rsquo;alimentation gr\u00e2ce \u00e0 la carte de commutation du bouton d&rsquo;alimentation con\u00e7ue pour les tablettes ASUS T100T, T100CHI et T100A 10,1&Prime;. Si le bouton d&rsquo;alimentation de votre tablette ne r\u00e9pond plus ou fonctionne mal, cette pi\u00e8ce de rechange est la solution pour restaurer toutes ses fonctionnalit\u00e9s.<\/p>\n<p>Caract\u00e9ristiques principales\u00a0:<\/p>\n<ul>\n<li>Compatible avec les tablettes ASUS T100T, T100CHI et T100A 10,1&Prime;.<\/li>\n<li>R\u00e9tablit la fonctionnalit\u00e9 du bouton d&rsquo;alimentation.<\/li>\n<li>Pi\u00e8ce de rechange fiable et de haute qualit\u00e9.<\/li>\n<\/ul>\n<p>Que votre tablette soit utilis\u00e9e pour le travail ou les loisirs, un bouton d&rsquo;alimentation fonctionnel est essentiel. Gr\u00e2ce \u00e0 cette carte de commutation, vous pouvez allumer et \u00e9teindre votre appareil selon vos besoins, sans aucun probl\u00e8me. Veuillez noter que cette annonce inclut de vraies photos de la carte de commutation du bouton d&rsquo;alimentation des tablettes ASUS T100T, T100CHI et T100A 10,1&Prime;. Pour toute question ou information compl\u00e9mentaire, n&rsquo;h\u00e9sitez pas \u00e0 nous contacter. Maintenez votre tablette ASUS en parfait \u00e9tat de fonctionnement gr\u00e2ce \u00e0 cette pi\u00e8ce de rechange de haute qualit\u00e9.<\/p>\n","protected":false},"excerpt":{"rendered":"<p>Am\u00e9liorez les fonctionnalit\u00e9s de votre tablette ASUS avec la carte de commutation du bouton d&rsquo;alimentation con\u00e7ue pour les tablettes ASUS T100T, T100CHI et T100A 10,1&Prime;. Cette pi\u00e8ce de rechange garantit le bon fonctionnement du bouton d&rsquo;alimentation de votre tablette, vous permettant d&rsquo;allumer et d&rsquo;\u00e9teindre votre appareil sans probl\u00e8me. Maintenez votre tablette en parfait \u00e9tat de fonctionnement gr\u00e2ce \u00e0 cette carte de commutation de haute qualit\u00e9.<\/p>\n","protected":false},"featured_media":10206,"template":"","meta":[],"product_brand":[],"product_cat":[63],"product_tag":[66],"class_list":{"0":"post-10146","1":"product","2":"type-product","3":"status-publish","4":"has-post-thumbnail","6":"product_cat-motherboards-board-parts","7":"product_tag-asus","9":"first","10":"instock","11":"taxable","12":"shipping-taxable","13":"purchasable","14":"product-type-simple"},"_links":{"self":[{"href":"https:\/\/boreait.com\/fr\/wp-json\/wp\/v2\/product\/10146","targetHints":{"allow":["GET"]}}],"collection":[{"href":"https:\/\/boreait.com\/fr\/wp-json\/wp\/v2\/product"}],"about":[{"href":"https:\/\/boreait.com\/fr\/wp-json\/wp\/v2\/types\/product"}],"wp:featuredmedia":[{"embeddable":true,"href":"https:\/\/boreait.com\/fr\/wp-json\/wp\/v2\/media\/10206"}],"wp:attachment":[{"href":"https:\/\/boreait.com\/fr\/wp-json\/wp\/v2\/media?parent=10146"}],"wp:term":[{"taxonomy":"product_brand","embeddable":true,"href":"https:\/\/boreait.com\/fr\/wp-json\/wp\/v2\/product_brand?post=10146"},{"taxonomy":"product_cat","embeddable":true,"href":"https:\/\/boreait.com\/fr\/wp-json\/wp\/v2\/product_cat?post=10146"},{"taxonomy":"product_tag","embeddable":true,"href":"https:\/\/boreait.com\/fr\/wp-json\/wp\/v2\/product_tag?post=10146"}],"curies":[{"name":"wp","href":"https:\/\/api.w.org\/{rel}","templated":true}]}}