{"id":10135,"date":"2025-09-15T15:12:54","date_gmt":"2025-09-15T13:12:54","guid":{"rendered":"https:\/\/boreait.com\/fr\/?post_type=product&#038;p=10135"},"modified":"2025-09-15T15:14:28","modified_gmt":"2025-09-15T13:14:28","slug":"carte-dextension-1205c-tp-rev1-1g-pour-ordinateur-portable-asus-1205c-carte-de-boutons-du-pave-tactile","status":"publish","type":"product","link":"https:\/\/boreait.com\/fr\/produit\/carte-dextension-1205c-tp-rev1-1g-pour-ordinateur-portable-asus-1205c-carte-de-boutons-du-pave-tactile\/","title":{"rendered":"Carte d&rsquo;extension 1205C TP Rev1.1G pour ordinateur portable Asus 1205C &#8211; Carte de boutons du pav\u00e9 tactile"},"content":{"rendered":"<p>Am\u00e9liorez votre ordinateur portable Asus 1205C avec la carte d&rsquo;extension 1205C TP Rev:1.1G, une carte de boutons de pav\u00e9 tactile sp\u00e9cialement con\u00e7ue pour ce mod\u00e8le.<\/p>\n<p>Principales caract\u00e9ristiques\u00a0:<\/p>\n<ul>\n<li>Compatibilit\u00e9\u00a0: Con\u00e7u pour les ordinateurs portables Asus 1205C<\/li>\n<li>Fonctionnalit\u00e9 du pav\u00e9 tactile\u00a0: Garantit un fonctionnement fluide et fiable du pav\u00e9 tactile<\/li>\n<li>Pi\u00e8ce de rechange d&rsquo;origine\u00a0: Pi\u00e8ce de rechange d&rsquo;origine de haute qualit\u00e9<\/li>\n<\/ul>\n<p>Le pav\u00e9 tactile est un composant essentiel de tout ordinateur portable, et son bon fonctionnement est essentiel pour une exp\u00e9rience utilisateur optimale. Si vous rencontrez des probl\u00e8mes avec votre pav\u00e9 tactile ou si vous devez le remplacer, la carte d&rsquo;extension 1205C TP Rev:1.1G est la solution id\u00e9ale. Il s&rsquo;agit d&rsquo;une pi\u00e8ce de rechange d&rsquo;origine, con\u00e7ue pour r\u00e9pondre aux sp\u00e9cifications d&rsquo;origine de votre ordinateur portable Asus 1205C.<br \/>\nVeuillez noter que cette annonce inclut des photos r\u00e9elles de la carte d&rsquo;extension 1205C TP Rev:1.1G, et ne comprend pas les instructions d&rsquo;installation. Pour plus d&rsquo;informations ou pour toute question, n&rsquo;h\u00e9sitez pas \u00e0 nous contacter. Am\u00e9liorez les performances du pav\u00e9 tactile de votre ordinateur portable Asus 1205C avec cette carte de boutons tactiles fiable et authentique.<\/p>\n","protected":false},"excerpt":{"rendered":"<p>Am\u00e9liorez les fonctionnalit\u00e9s de votre ordinateur portable Asus 1205C avec la carte d&rsquo;extension 1205C TP Rev:1.1G. Cette carte de boutons du pav\u00e9 tactile est une pi\u00e8ce de rechange d&rsquo;origine con\u00e7ue pour le mod\u00e8le d&rsquo;ordinateur portable Asus 1205C. Elle assure le bon fonctionnement du pav\u00e9 tactile et est essentielle au bon fonctionnement de votre appareil.<\/p>\n","protected":false},"featured_media":10197,"template":"","meta":[],"product_brand":[],"product_cat":[63],"product_tag":[66],"class_list":{"0":"post-10135","1":"product","2":"type-product","3":"status-publish","4":"has-post-thumbnail","6":"product_cat-motherboards-board-parts","7":"product_tag-asus","9":"first","10":"instock","11":"taxable","12":"shipping-taxable","13":"purchasable","14":"product-type-simple"},"_links":{"self":[{"href":"https:\/\/boreait.com\/fr\/wp-json\/wp\/v2\/product\/10135","targetHints":{"allow":["GET"]}}],"collection":[{"href":"https:\/\/boreait.com\/fr\/wp-json\/wp\/v2\/product"}],"about":[{"href":"https:\/\/boreait.com\/fr\/wp-json\/wp\/v2\/types\/product"}],"wp:featuredmedia":[{"embeddable":true,"href":"https:\/\/boreait.com\/fr\/wp-json\/wp\/v2\/media\/10197"}],"wp:attachment":[{"href":"https:\/\/boreait.com\/fr\/wp-json\/wp\/v2\/media?parent=10135"}],"wp:term":[{"taxonomy":"product_brand","embeddable":true,"href":"https:\/\/boreait.com\/fr\/wp-json\/wp\/v2\/product_brand?post=10135"},{"taxonomy":"product_cat","embeddable":true,"href":"https:\/\/boreait.com\/fr\/wp-json\/wp\/v2\/product_cat?post=10135"},{"taxonomy":"product_tag","embeddable":true,"href":"https:\/\/boreait.com\/fr\/wp-json\/wp\/v2\/product_tag?post=10135"}],"curies":[{"name":"wp","href":"https:\/\/api.w.org\/{rel}","templated":true}]}}