{"id":10120,"date":"2025-09-15T15:12:27","date_gmt":"2025-09-15T13:12:27","guid":{"rendered":"https:\/\/boreait.com\/fr\/?post_type=product&#038;p=10120"},"modified":"2026-01-14T13:40:30","modified_gmt":"2026-01-14T12:40:30","slug":"bouton-dalimentation-dorigine-pour-ordinateur-portable-lenovo-ideapad-s210-bh5290a","status":"publish","type":"product","link":"https:\/\/boreait.com\/fr\/produit\/bouton-dalimentation-dorigine-pour-ordinateur-portable-lenovo-ideapad-s210-bh5290a\/","title":{"rendered":"Bouton d&rsquo;alimentation d&rsquo;origine pour ordinateur portable Lenovo Ideapad S210 BH5290A"},"content":{"rendered":"<p>Le bouton d&rsquo;alimentation de votre ordinateur portable Lenovo Ideapad S210 ne fonctionne plus correctement\u00a0? Pas d&rsquo;inqui\u00e9tude, nous avons la solution qu&rsquo;il vous faut. D\u00e9couvrez le bouton d&rsquo;alimentation d&rsquo;origine pour ordinateur portable Lenovo Ideapad S210 (BH5290A).<\/p>\n<p>Caract\u00e9ristiques principales\u00a0:<\/p>\n<ul>\n<li>Pi\u00e8ce de rechange Lenovo authentique<\/li>\n<li>Compatible avec les ordinateurs portables Lenovo Ideapad S210<\/li>\n<li>R\u00e9tablissez l&rsquo;alimentation de votre ordinateur portable<\/li>\n<li>Haute qualit\u00e9 et fiabilit\u00e9<\/li>\n<\/ul>\n<p>Que votre bouton d&rsquo;alimentation ne r\u00e9ponde plus ou ait compl\u00e8tement cess\u00e9 de fonctionner, ce bouton de remplacement remettra votre ordinateur portable en marche en un rien de temps. Ce bouton d&rsquo;alimentation BH5290A est con\u00e7u pour r\u00e9pondre aux normes de qualit\u00e9 Lenovo, garantissant une compatibilit\u00e9 et des performances fiables.<br \/>\nVeuillez noter que cette annonce inclut des photos r\u00e9elles du bouton d&rsquo;alimentation BH5290A d&rsquo;origine pour ordinateur portable Lenovo Ideapad S210. Aucune instruction d&rsquo;installation n&rsquo;est fournie, mais n&rsquo;h\u00e9sitez pas \u00e0 nous contacter pour toute assistance. Restaurez le contr\u00f4le de l&rsquo;alimentation de votre ordinateur portable avec cette pi\u00e8ce de rechange Lenovo d&rsquo;origine et maintenez-le en excellent \u00e9tat de fonctionnement.<\/p>\n","protected":false},"excerpt":{"rendered":"<p>Remplacez le bouton d&rsquo;alimentation de votre ordinateur portable Lenovo Ideapad S210 par ce bouton d&rsquo;alimentation BH5290A d&rsquo;origine. Restaurez les fonctionnalit\u00e9s de votre ordinateur portable gr\u00e2ce \u00e0 cette pi\u00e8ce de rechange authentique.<\/p>\n","protected":false},"featured_media":10179,"template":"","meta":[],"product_brand":[],"product_cat":[63],"product_tag":[62],"class_list":{"0":"post-10120","1":"product","2":"type-product","3":"status-publish","4":"has-post-thumbnail","6":"product_cat-motherboards-board-parts","7":"product_tag-lenovo","9":"first","10":"instock","11":"taxable","12":"shipping-taxable","13":"purchasable","14":"product-type-simple"},"_links":{"self":[{"href":"https:\/\/boreait.com\/fr\/wp-json\/wp\/v2\/product\/10120","targetHints":{"allow":["GET"]}}],"collection":[{"href":"https:\/\/boreait.com\/fr\/wp-json\/wp\/v2\/product"}],"about":[{"href":"https:\/\/boreait.com\/fr\/wp-json\/wp\/v2\/types\/product"}],"wp:featuredmedia":[{"embeddable":true,"href":"https:\/\/boreait.com\/fr\/wp-json\/wp\/v2\/media\/10179"}],"wp:attachment":[{"href":"https:\/\/boreait.com\/fr\/wp-json\/wp\/v2\/media?parent=10120"}],"wp:term":[{"taxonomy":"product_brand","embeddable":true,"href":"https:\/\/boreait.com\/fr\/wp-json\/wp\/v2\/product_brand?post=10120"},{"taxonomy":"product_cat","embeddable":true,"href":"https:\/\/boreait.com\/fr\/wp-json\/wp\/v2\/product_cat?post=10120"},{"taxonomy":"product_tag","embeddable":true,"href":"https:\/\/boreait.com\/fr\/wp-json\/wp\/v2\/product_tag?post=10120"}],"curies":[{"name":"wp","href":"https:\/\/api.w.org\/{rel}","templated":true}]}}