{"id":10108,"date":"2025-09-15T15:12:00","date_gmt":"2025-09-15T13:12:00","guid":{"rendered":"https:\/\/boreait.com\/fr\/?post_type=product&#038;p=10108"},"modified":"2025-09-15T15:13:44","modified_gmt":"2025-09-15T13:13:44","slug":"carte-reseau-sans-fil-intel-wlan-wi-fi-m-2-dell-8260ngw-bluetooth-4-2-08xg1t","status":"publish","type":"product","link":"https:\/\/boreait.com\/fr\/produit\/carte-reseau-sans-fil-intel-wlan-wi-fi-m-2-dell-8260ngw-bluetooth-4-2-08xg1t\/","title":{"rendered":"Carte r\u00e9seau sans fil Intel WLAN Wi-Fi M.2 Dell 8260NGW Bluetooth 4.2 08XG1T"},"content":{"rendered":"<p>La carte r\u00e9seau sans fil Intel WLAN M.2 Dell 8260NGW, dot\u00e9e du Bluetooth 4.2, vous garantit une exp\u00e9rience sans fil sup\u00e9rieure. Con\u00e7ue pour une connectivit\u00e9 Wi-Fi rapide et fiable, cette carte M.2 vous permet de profiter d&rsquo;un streaming fluide, de jeux en ligne et d&rsquo;une navigation fluide.<\/p>\n<p>Caract\u00e9ristiques principales\u00a0:<\/p>\n<ul>\n<li>Mod\u00e8le\u00a0: Dell 8260NGW<\/li>\n<li>Norme Wi-Fi\u00a0: 802.11ac<\/li>\n<li>Version Bluetooth\u00a0: 4.2<\/li>\n<li>Format\u00a0: M.2<\/li>\n<\/ul>\n<p>Gr\u00e2ce \u00e0 sa norme Wi-Fi 802.11ac, vous b\u00e9n\u00e9ficiez de vitesses de transfert de donn\u00e9es rapides et d&rsquo;excellentes performances r\u00e9seau. Cette carte int\u00e8gre \u00e9galement le Bluetooth 4.2, am\u00e9liorant ainsi les options de connectivit\u00e9 de votre ordinateur portable. Elle s&rsquo;adapte parfaitement \u00e0 diff\u00e9rents mod\u00e8les d&rsquo;ordinateurs portables et peut donner un nouveau souffle \u00e0 vos capacit\u00e9s sans fil.<\/p>\n<p>Mettez \u00e0 niveau votre ordinateur portable et profitez de connexions sans fil plus rapides et plus stables. Que vous t\u00e9l\u00e9travailliez, regardiez vos contenus pr\u00e9f\u00e9r\u00e9s en streaming ou jouiez en ligne, la carte M.2 Intel WLAN WiFi Dell 8260NGW vous garantit une connexion sans interruption.<\/p>\n<p>Veuillez noter que cette annonce inclut de vraies photos de la carte M.2 Intel WLAN WiFi Dell 8260NGW et qu&rsquo;aucune instruction d&rsquo;installation n&rsquo;est fournie. Pour toute question ou information compl\u00e9mentaire, n&rsquo;h\u00e9sitez pas \u00e0 nous contacter. Optimisez les capacit\u00e9s sans fil de votre ordinateur portable avec cette carte M.2 fiable et performante.<\/p>\n","protected":false},"excerpt":{"rendered":"<p>Am\u00e9liorez la connectivit\u00e9 de votre ordinateur portable avec la carte r\u00e9seau sans fil Intel WLAN M.2 Dell 8260NGW. Cette carte offre des connexions Wi-Fi et Bluetooth 4.2 rapides et fiables. C&rsquo;est la solution id\u00e9ale pour am\u00e9liorer les performances sans fil de votre ordinateur portable. Que vous soyez en streaming, en jeu ou en travail, cette carte garantit une exp\u00e9rience sans fil fluide et stable.<\/p>\n","protected":false},"featured_media":10172,"template":"","meta":[],"product_brand":[],"product_cat":[63],"product_tag":[53],"class_list":{"0":"post-10108","1":"product","2":"type-product","3":"status-publish","4":"has-post-thumbnail","6":"product_cat-motherboards-board-parts","7":"product_tag-dell","9":"first","10":"instock","11":"taxable","12":"shipping-taxable","13":"purchasable","14":"product-type-simple"},"_links":{"self":[{"href":"https:\/\/boreait.com\/fr\/wp-json\/wp\/v2\/product\/10108","targetHints":{"allow":["GET"]}}],"collection":[{"href":"https:\/\/boreait.com\/fr\/wp-json\/wp\/v2\/product"}],"about":[{"href":"https:\/\/boreait.com\/fr\/wp-json\/wp\/v2\/types\/product"}],"wp:featuredmedia":[{"embeddable":true,"href":"https:\/\/boreait.com\/fr\/wp-json\/wp\/v2\/media\/10172"}],"wp:attachment":[{"href":"https:\/\/boreait.com\/fr\/wp-json\/wp\/v2\/media?parent=10108"}],"wp:term":[{"taxonomy":"product_brand","embeddable":true,"href":"https:\/\/boreait.com\/fr\/wp-json\/wp\/v2\/product_brand?post=10108"},{"taxonomy":"product_cat","embeddable":true,"href":"https:\/\/boreait.com\/fr\/wp-json\/wp\/v2\/product_cat?post=10108"},{"taxonomy":"product_tag","embeddable":true,"href":"https:\/\/boreait.com\/fr\/wp-json\/wp\/v2\/product_tag?post=10108"}],"curies":[{"name":"wp","href":"https:\/\/api.w.org\/{rel}","templated":true}]}}