{"id":10096,"date":"2025-09-15T15:11:34","date_gmt":"2025-09-15T13:11:34","guid":{"rendered":"https:\/\/boreait.com\/fr\/?post_type=product&#038;p=10096"},"modified":"2026-01-14T13:39:23","modified_gmt":"2026-01-14T12:39:23","slug":"carte-bouton-dalimentation-dorigine-lenovo-thinkpad-t460s-14-avec-cable-ns-b082-remplacez-votre-bouton-dalimentation-par-des-pieces-dorigine","status":"publish","type":"product","link":"https:\/\/boreait.com\/fr\/produit\/carte-bouton-dalimentation-dorigine-lenovo-thinkpad-t460s-14-avec-cable-ns-b082-remplacez-votre-bouton-dalimentation-par-des-pieces-dorigine\/","title":{"rendered":"Carte bouton d&rsquo;alimentation d&rsquo;origine Lenovo ThinkPad T460s 14 avec c\u00e2ble NS-B082 &#8211; Remplacez votre bouton d&rsquo;alimentation par des pi\u00e8ces d&rsquo;origine"},"content":{"rendered":"<p>La carte bouton d&rsquo;alimentation d&rsquo;origine Lenovo ThinkPad T460s 14&Prime; avec c\u00e2ble NS-B082 est la solution id\u00e9ale pour restaurer le fonctionnement du bouton d&rsquo;alimentation de votre ordinateur portable avec des pi\u00e8ces d&rsquo;origine.<\/p>\n<p>Principales caract\u00e9ristiques\u00a0:<\/p>\n<ul>\n<li>Pi\u00e8ce Lenovo d&rsquo;origine<\/li>\n<li>Compatible avec le Lenovo ThinkPad T460s<\/li>\n<li>Comprend la carte bouton d&rsquo;alimentation et son c\u00e2ble (NS-B082)<\/li>\n<\/ul>\n<p>Cette carte bouton d&rsquo;alimentation et son c\u00e2ble sont con\u00e7us pour s&rsquo;adapter parfaitement \u00e0 votre Lenovo ThinkPad T460s, garantissant un fonctionnement pr\u00e9cis et fiable du bouton d&rsquo;alimentation de votre ordinateur portable. Avec ce remplacement, vous pouvez redonner vie \u00e0 votre ordinateur portable sans compromettre la qualit\u00e9.<\/p>\n<p>Veuillez noter que cette annonce inclut de vraies photos de la carte bouton d&rsquo;alimentation d&rsquo;origine Lenovo ThinkPad T460s 14&Prime; avec c\u00e2ble NS-B082, et qu&rsquo;aucune instruction d&rsquo;installation n&rsquo;est fournie. Pour toute question ou information compl\u00e9mentaire, n&rsquo;h\u00e9sitez pas \u00e0 nous contacter. Restaurez le plein potentiel de votre ordinateur portable gr\u00e2ce \u00e0 cette pi\u00e8ce d&rsquo;origine Lenovo.<\/p>\n","protected":false},"excerpt":{"rendered":"<p>Redonnez vie \u00e0 votre ordinateur portable Lenovo ThinkPad T460s avec la carte et le c\u00e2ble d&rsquo;alimentation d&rsquo;origine NS-B082. Cette pi\u00e8ce d&rsquo;origine Lenovo garantit un fonctionnement fiable et pr\u00e9cis du bouton d&rsquo;alimentation. Ne faites aucun compromis sur la qualit\u00e9 pour les performances de votre ordinateur portable. Mettez-le \u00e0 niveau d\u00e8s aujourd&rsquo;hui\u00a0!<\/p>\n","protected":false},"featured_media":10159,"template":"","meta":[],"product_brand":[],"product_cat":[63],"product_tag":[62],"class_list":{"0":"post-10096","1":"product","2":"type-product","3":"status-publish","4":"has-post-thumbnail","6":"product_cat-motherboards-board-parts","7":"product_tag-lenovo","9":"first","10":"instock","11":"taxable","12":"shipping-taxable","13":"purchasable","14":"product-type-simple"},"_links":{"self":[{"href":"https:\/\/boreait.com\/fr\/wp-json\/wp\/v2\/product\/10096","targetHints":{"allow":["GET"]}}],"collection":[{"href":"https:\/\/boreait.com\/fr\/wp-json\/wp\/v2\/product"}],"about":[{"href":"https:\/\/boreait.com\/fr\/wp-json\/wp\/v2\/types\/product"}],"wp:featuredmedia":[{"embeddable":true,"href":"https:\/\/boreait.com\/fr\/wp-json\/wp\/v2\/media\/10159"}],"wp:attachment":[{"href":"https:\/\/boreait.com\/fr\/wp-json\/wp\/v2\/media?parent=10096"}],"wp:term":[{"taxonomy":"product_brand","embeddable":true,"href":"https:\/\/boreait.com\/fr\/wp-json\/wp\/v2\/product_brand?post=10096"},{"taxonomy":"product_cat","embeddable":true,"href":"https:\/\/boreait.com\/fr\/wp-json\/wp\/v2\/product_cat?post=10096"},{"taxonomy":"product_tag","embeddable":true,"href":"https:\/\/boreait.com\/fr\/wp-json\/wp\/v2\/product_tag?post=10096"}],"curies":[{"name":"wp","href":"https:\/\/api.w.org\/{rel}","templated":true}]}}