{"id":10094,"date":"2025-09-15T15:11:34","date_gmt":"2025-09-15T13:11:34","guid":{"rendered":"https:\/\/boreait.com\/fr\/?post_type=product&#038;p=10094"},"modified":"2026-01-14T13:38:39","modified_gmt":"2026-01-14T12:38:39","slug":"kit-de-charnieres-oem-lenovo-sh50f50292-sh50e50294-pour-petit-modele-t460s-20f9-003cus-remplacement-dorigine","status":"publish","type":"product","link":"https:\/\/boreait.com\/fr\/produit\/kit-de-charnieres-oem-lenovo-sh50f50292-sh50e50294-pour-petit-modele-t460s-20f9-003cus-remplacement-dorigine\/","title":{"rendered":"Kit de charni\u00e8res OEM LENOVO SH50F50292 SH50E50294 pour petit mod\u00e8le T460S 20F9-003CUS &#8211; Remplacement d&rsquo;origine"},"content":{"rendered":"<p>Si vous rencontrez des probl\u00e8mes avec les charni\u00e8res de votre ordinateur portable Lenovo T460S 20F9-003CUS, il est temps de restaurer son fonctionnement et son esth\u00e9tique gr\u00e2ce au KIT DE CHARNI\u00c8RES OEM LENOVO SH50F50292 SH50E50294.<\/p>\n<p>Principales caract\u00e9ristiques\u00a0:<\/p>\n<ul>\n<li>Kit de charni\u00e8res OEM Lenovo d&rsquo;origine<\/li>\n<li>Compatible avec le Lenovo T460S 20F9-003CUS (version petite taille)<\/li>\n<li>R\u00e9tablit le bon fonctionnement des charni\u00e8res et l&rsquo;esth\u00e9tique de l&rsquo;ordinateur portable<\/li>\n<li>Pi\u00e8ce de rechange fiable et durable<\/li>\n<\/ul>\n<p>Ce kit de charni\u00e8res est une pi\u00e8ce de rechange Lenovo authentique, vous pouvez donc faire confiance \u00e0 sa qualit\u00e9 et \u00e0 son ajustement pr\u00e9cis. Lenovo a con\u00e7u ces charni\u00e8res pour garantir un fonctionnement fluide et s\u00e9curis\u00e9 de l&rsquo;\u00e9cran de votre ordinateur portable. Avec ce kit de charni\u00e8res OEM, vous b\u00e9n\u00e9ficierez de toute la libert\u00e9 de mouvement et de positionnement que vous attendez de votre ordinateur portable.<\/p>\n<p>Veuillez noter que cette annonce inclut de vraies photos du kit de charni\u00e8res OEM LENOVO SH50F50292 SH50E50294, et qu&rsquo;aucune instruction d&rsquo;installation n&rsquo;est fournie. Pour toute question ou besoin d&rsquo;aide, n&rsquo;h\u00e9sitez pas \u00e0 nous contacter. Ravivez les performances et l&rsquo;esth\u00e9tique de votre ordinateur portable avec ce kit de charni\u00e8res Lenovo d&rsquo;origine.<\/p>\n","protected":false},"excerpt":{"rendered":"<p>Remplacez les charni\u00e8res us\u00e9es ou endommag\u00e9es de votre ordinateur portable par le kit de charni\u00e8res d&rsquo;origine LENOVO SH50F50292 et SH50E50294, con\u00e7u pour le petit ordinateur portable T460S 20F9-003CUS. Ces charni\u00e8res de haute qualit\u00e9 sont des pi\u00e8ces de rechange Lenovo authentiques, garantissant un ajustement pr\u00e9cis et des performances fiables. Restaurez les fonctionnalit\u00e9s et l&rsquo;apparence de votre ordinateur portable gr\u00e2ce \u00e0 ce kit de charni\u00e8res d&rsquo;origine.<\/p>\n","protected":false},"featured_media":10157,"template":"","meta":[],"product_brand":[],"product_cat":[55],"product_tag":[62],"class_list":{"0":"post-10094","1":"product","2":"type-product","3":"status-publish","4":"has-post-thumbnail","6":"product_cat-screen-hinge","7":"product_tag-lenovo","9":"first","10":"instock","11":"taxable","12":"shipping-taxable","13":"purchasable","14":"product-type-simple"},"_links":{"self":[{"href":"https:\/\/boreait.com\/fr\/wp-json\/wp\/v2\/product\/10094","targetHints":{"allow":["GET"]}}],"collection":[{"href":"https:\/\/boreait.com\/fr\/wp-json\/wp\/v2\/product"}],"about":[{"href":"https:\/\/boreait.com\/fr\/wp-json\/wp\/v2\/types\/product"}],"wp:featuredmedia":[{"embeddable":true,"href":"https:\/\/boreait.com\/fr\/wp-json\/wp\/v2\/media\/10157"}],"wp:attachment":[{"href":"https:\/\/boreait.com\/fr\/wp-json\/wp\/v2\/media?parent=10094"}],"wp:term":[{"taxonomy":"product_brand","embeddable":true,"href":"https:\/\/boreait.com\/fr\/wp-json\/wp\/v2\/product_brand?post=10094"},{"taxonomy":"product_cat","embeddable":true,"href":"https:\/\/boreait.com\/fr\/wp-json\/wp\/v2\/product_cat?post=10094"},{"taxonomy":"product_tag","embeddable":true,"href":"https:\/\/boreait.com\/fr\/wp-json\/wp\/v2\/product_tag?post=10094"}],"curies":[{"name":"wp","href":"https:\/\/api.w.org\/{rel}","templated":true}]}}