{"id":10052,"date":"2025-09-15T15:10:17","date_gmt":"2025-09-15T13:10:17","guid":{"rendered":"https:\/\/boreait.com\/fr\/?post_type=product&#038;p=10052"},"modified":"2026-01-14T13:36:10","modified_gmt":"2026-01-14T12:36:10","slug":"haut-parleur-pk230004b0l-pour-latitude-d620-qualite-sonore-testee-et-garantie","status":"publish","type":"product","link":"https:\/\/boreait.com\/fr\/produit\/haut-parleur-pk230004b0l-pour-latitude-d620-qualite-sonore-testee-et-garantie\/","title":{"rendered":"Haut-parleur PK230004B0L pour Latitude D620 &#8211; Qualit\u00e9 sonore test\u00e9e et garantie"},"content":{"rendered":"<p>Optimisez le son de votre ordinateur portable Dell Latitude D620 gr\u00e2ce au haut-parleur PK230004B0L. Ce haut-parleur a \u00e9t\u00e9 soigneusement test\u00e9 pour garantir des performances audio de qualit\u00e9 et un son clair et net.<\/p>\n<p>Principales caract\u00e9ristiques\u00a0:<\/p>\n<ul>\n<li>Compatibilit\u00e9\u00a0: Con\u00e7u pour les ordinateurs portables Latitude D620<\/li>\n<li>Qualit\u00e9 test\u00e9e\u00a0: Le haut-parleur a \u00e9t\u00e9 soumis \u00e0 des tests rigoureux pour garantir des performances fiables<\/li>\n<li>Installation facile\u00a0: Con\u00e7u pour un remplacement facile<\/li>\n<\/ul>\n<p>Ne vous contentez pas d&rsquo;un son m\u00e9diocre quand vous pouvez opter pour un haut-parleur de remplacement authentique. Que le haut-parleur de votre ordinateur portable soit d\u00e9fectueux ou que vous souhaitiez simplement une mise \u00e0 niveau audio, le haut-parleur PK230004B0L est la solution.<\/p>\n<p>Veuillez noter que cette annonce inclut de vraies photos du haut-parleur PK230004B0L et qu&rsquo;aucune instruction d&rsquo;installation n&rsquo;est fournie. Pour toute question ou information compl\u00e9mentaire, n&rsquo;h\u00e9sitez pas \u00e0 nous contacter. Am\u00e9liorez la qualit\u00e9 audio de votre ordinateur portable avec le haut-parleur PK230004B0L test\u00e9 et garanti pour Latitude D620.<\/p>\n","protected":false},"excerpt":{"rendered":"<p>Am\u00e9liorez la qualit\u00e9 audio de votre ordinateur portable Latitude D620 avec le haut-parleur PK230004B0L. Ce haut-parleur a \u00e9t\u00e9 rigoureusement test\u00e9 et garantit des performances sonores exceptionnelles pour votre ordinateur portable. Passez \u00e0 la version sup\u00e9rieure d\u00e8s maintenant pour une meilleure exp\u00e9rience audio\u00a0!<\/p>\n","protected":false},"featured_media":10124,"template":"","meta":[],"product_brand":[],"product_cat":[54],"product_tag":[53],"class_list":{"0":"post-10052","1":"product","2":"type-product","3":"status-publish","4":"has-post-thumbnail","6":"product_cat-laptop-speakers","7":"product_tag-dell","9":"first","10":"instock","11":"taxable","12":"shipping-taxable","13":"purchasable","14":"product-type-simple"},"_links":{"self":[{"href":"https:\/\/boreait.com\/fr\/wp-json\/wp\/v2\/product\/10052","targetHints":{"allow":["GET"]}}],"collection":[{"href":"https:\/\/boreait.com\/fr\/wp-json\/wp\/v2\/product"}],"about":[{"href":"https:\/\/boreait.com\/fr\/wp-json\/wp\/v2\/types\/product"}],"wp:featuredmedia":[{"embeddable":true,"href":"https:\/\/boreait.com\/fr\/wp-json\/wp\/v2\/media\/10124"}],"wp:attachment":[{"href":"https:\/\/boreait.com\/fr\/wp-json\/wp\/v2\/media?parent=10052"}],"wp:term":[{"taxonomy":"product_brand","embeddable":true,"href":"https:\/\/boreait.com\/fr\/wp-json\/wp\/v2\/product_brand?post=10052"},{"taxonomy":"product_cat","embeddable":true,"href":"https:\/\/boreait.com\/fr\/wp-json\/wp\/v2\/product_cat?post=10052"},{"taxonomy":"product_tag","embeddable":true,"href":"https:\/\/boreait.com\/fr\/wp-json\/wp\/v2\/product_tag?post=10052"}],"curies":[{"name":"wp","href":"https:\/\/api.w.org\/{rel}","templated":true}]}}