{"id":10049,"date":"2025-09-15T15:10:16","date_gmt":"2025-09-15T13:10:16","guid":{"rendered":"https:\/\/boreait.com\/fr\/?post_type=product&#038;p=10049"},"modified":"2026-01-14T13:35:30","modified_gmt":"2026-01-14T12:35:30","slug":"pave-tactile-et-souris-pour-ordinateur-portable-dell-latitude-d620-dorigine-kgdden006b-hub-02","status":"publish","type":"product","link":"https:\/\/boreait.com\/fr\/produit\/pave-tactile-et-souris-pour-ordinateur-portable-dell-latitude-d620-dorigine-kgdden006b-hub-02\/","title":{"rendered":"Pav\u00e9 tactile et souris pour ordinateur portable Dell Latitude D620 d&rsquo;origine KGDDEN006B HUB 02"},"content":{"rendered":"<p>Am\u00e9liorez et restaurez votre ordinateur portable Dell Latitude D620 avec le pav\u00e9 tactile Dell KGDDEN006B HUB 02. Ce pav\u00e9 tactile Dell authentique est la pi\u00e8ce de rechange ou de r\u00e9paration id\u00e9ale pour votre ordinateur portable, con\u00e7u pour un contr\u00f4le pr\u00e9cis et fiable du curseur.<\/p>\n<p>Principales caract\u00e9ristiques\u00a0:<\/p>\n<ul>\n<li>Compatible avec les ordinateurs portables Dell Latitude D620.<\/li>\n<li>Produit Dell authentique, gage de qualit\u00e9 et de compatibilit\u00e9.<\/li>\n<li>Remplacez le pav\u00e9 tactile de votre ordinateur portable pour retrouver toutes ses fonctionnalit\u00e9s.<\/li>\n<\/ul>\n<p>Que vous r\u00e9pariez un pav\u00e9 tactile d\u00e9fectueux ou que vous recherchiez simplement un pav\u00e9 tactile Dell de remplacement, ce pav\u00e9 tactile est la solution. C&rsquo;est un \u00e9l\u00e9ment essentiel pour pr\u00e9server la facilit\u00e9 de navigation sur votre ordinateur portable Dell Latitude D620.<br \/>\nVeuillez noter que cette annonce inclut des photos r\u00e9elles du pav\u00e9 tactile KGDDEN006B HUB 02 pour ordinateur portable Dell Latitude D620. Aucune instruction d&rsquo;installation n&rsquo;est fournie. Pour toute question ou information compl\u00e9mentaire, n&rsquo;h\u00e9sitez pas \u00e0 nous contacter. Am\u00e9liorez le pav\u00e9 tactile de votre ordinateur portable et profitez d&rsquo;un contr\u00f4le pr\u00e9cis du curseur gr\u00e2ce \u00e0 cette pi\u00e8ce Dell d&rsquo;origine.<\/p>\n","protected":false},"excerpt":{"rendered":"<p>Am\u00e9liorez les fonctionnalit\u00e9s de votre ordinateur portable Dell Latitude D620 avec ce pav\u00e9 tactile de souris Dell authentique (KGDDEN006B HUB 02).<\/p>\n","protected":false},"featured_media":10115,"template":"","meta":[],"product_brand":[],"product_cat":[78],"product_tag":[53],"class_list":{"0":"post-10049","1":"product","2":"type-product","3":"status-publish","4":"has-post-thumbnail","6":"product_cat-laptop-touchpads","7":"product_tag-dell","9":"first","10":"instock","11":"taxable","12":"shipping-taxable","13":"purchasable","14":"product-type-simple"},"_links":{"self":[{"href":"https:\/\/boreait.com\/fr\/wp-json\/wp\/v2\/product\/10049","targetHints":{"allow":["GET"]}}],"collection":[{"href":"https:\/\/boreait.com\/fr\/wp-json\/wp\/v2\/product"}],"about":[{"href":"https:\/\/boreait.com\/fr\/wp-json\/wp\/v2\/types\/product"}],"wp:featuredmedia":[{"embeddable":true,"href":"https:\/\/boreait.com\/fr\/wp-json\/wp\/v2\/media\/10115"}],"wp:attachment":[{"href":"https:\/\/boreait.com\/fr\/wp-json\/wp\/v2\/media?parent=10049"}],"wp:term":[{"taxonomy":"product_brand","embeddable":true,"href":"https:\/\/boreait.com\/fr\/wp-json\/wp\/v2\/product_brand?post=10049"},{"taxonomy":"product_cat","embeddable":true,"href":"https:\/\/boreait.com\/fr\/wp-json\/wp\/v2\/product_cat?post=10049"},{"taxonomy":"product_tag","embeddable":true,"href":"https:\/\/boreait.com\/fr\/wp-json\/wp\/v2\/product_tag?post=10049"}],"curies":[{"name":"wp","href":"https:\/\/api.w.org\/{rel}","templated":true}]}}