{"id":10036,"date":"2025-09-15T15:09:50","date_gmt":"2025-09-15T13:09:50","guid":{"rendered":"https:\/\/boreait.com\/fr\/?post_type=product&#038;p=10036"},"modified":"2025-09-15T15:11:58","modified_gmt":"2025-09-15T13:11:58","slug":"clavier-pour-ordinateur-portable-toshiba-9j-n7482-j1d-claviers-de-remplacement-pour-ordinateurs-portables-toshiba","status":"publish","type":"product","link":"https:\/\/boreait.com\/fr\/produit\/clavier-pour-ordinateur-portable-toshiba-9j-n7482-j1d-claviers-de-remplacement-pour-ordinateurs-portables-toshiba\/","title":{"rendered":"Clavier pour ordinateur portable Toshiba 9J.N7482.J1D &#8211; Claviers de remplacement pour ordinateurs portables Toshiba"},"content":{"rendered":"<p>Le clavier d&rsquo;ordinateur portable Toshiba 9J.N7482.J1D est la solution id\u00e9ale pour les propri\u00e9taires d&rsquo;ordinateurs portables Toshiba souhaitant remplacer leur clavier et restaurer les fonctionnalit\u00e9s de leur ordinateur. Ce clavier Toshiba d&rsquo;origine est con\u00e7u pour s&rsquo;adapter parfaitement aux ordinateurs portables Toshiba, garantissant une exp\u00e9rience de frappe fluide.<\/p>\n<p>Caract\u00e9ristiques principales\u00a0:<\/p>\n<ul>\n<li>Mod\u00e8le\u00a0: 9J.N7482.J1D<\/li>\n<li>Disposition\u00a0: Slov\u00e8ne \/ SLO<\/li>\n<li>Compatibilit\u00e9\u00a0: Con\u00e7u pour une utilisation avec les ordinateurs portables Toshiba<\/li>\n<\/ul>\n<p>Ce clavier de remplacement est une solution \u00e9conomique pour r\u00e9soudre les probl\u00e8mes de clavier ou pour remplacer le clavier de votre ordinateur portable. Que vous ayez renvers\u00e9 du liquide sur votre clavier, que certaines touches ne r\u00e9pondent plus ou que vous souhaitiez simplement am\u00e9liorer votre exp\u00e9rience de frappe, le clavier d&rsquo;ordinateur portable Toshiba 9J.N7482.J1D est la solution. Veuillez noter que cette annonce inclut des photos r\u00e9elles du clavier d&rsquo;ordinateur portable Toshiba 9J.N7482.J1D et qu&rsquo;aucune instruction d&rsquo;installation n&rsquo;est fournie. Pour toute question ou besoin d&rsquo;aide, n&rsquo;h\u00e9sitez pas \u00e0 nous contacter. Retrouvez une exp\u00e9rience de frappe optimale sur votre ordinateur portable Toshiba gr\u00e2ce \u00e0 ce clavier Toshiba d&rsquo;origine.<\/p>\n","protected":false},"excerpt":{"rendered":"<p>Am\u00e9liorez votre ordinateur portable Toshiba avec le clavier Toshiba 9J.N7482.J1D. Ce clavier de remplacement de haute qualit\u00e9 est con\u00e7u pour les ordinateurs portables Toshiba et offre un ajustement parfait et une frappe fluide. Retrouvez toutes les fonctionnalit\u00e9s de votre ordinateur portable gr\u00e2ce \u00e0 ce clavier Toshiba d&rsquo;origine.<\/p>\n","protected":false},"featured_media":10106,"template":"","meta":[],"product_brand":[],"product_cat":[71],"product_tag":[70],"class_list":{"0":"post-10036","1":"product","2":"type-product","3":"status-publish","4":"has-post-thumbnail","6":"product_cat-laptop-keyboard","7":"product_tag-toshiba","9":"first","10":"instock","11":"taxable","12":"shipping-taxable","13":"purchasable","14":"product-type-simple"},"_links":{"self":[{"href":"https:\/\/boreait.com\/fr\/wp-json\/wp\/v2\/product\/10036","targetHints":{"allow":["GET"]}}],"collection":[{"href":"https:\/\/boreait.com\/fr\/wp-json\/wp\/v2\/product"}],"about":[{"href":"https:\/\/boreait.com\/fr\/wp-json\/wp\/v2\/types\/product"}],"wp:featuredmedia":[{"embeddable":true,"href":"https:\/\/boreait.com\/fr\/wp-json\/wp\/v2\/media\/10106"}],"wp:attachment":[{"href":"https:\/\/boreait.com\/fr\/wp-json\/wp\/v2\/media?parent=10036"}],"wp:term":[{"taxonomy":"product_brand","embeddable":true,"href":"https:\/\/boreait.com\/fr\/wp-json\/wp\/v2\/product_brand?post=10036"},{"taxonomy":"product_cat","embeddable":true,"href":"https:\/\/boreait.com\/fr\/wp-json\/wp\/v2\/product_cat?post=10036"},{"taxonomy":"product_tag","embeddable":true,"href":"https:\/\/boreait.com\/fr\/wp-json\/wp\/v2\/product_tag?post=10036"}],"curies":[{"name":"wp","href":"https:\/\/api.w.org\/{rel}","templated":true}]}}