{"id":10034,"date":"2025-09-15T15:09:50","date_gmt":"2025-09-15T13:09:50","guid":{"rendered":"https:\/\/boreait.com\/fr\/?post_type=product&#038;p=10034"},"modified":"2026-01-14T13:35:01","modified_gmt":"2026-01-14T12:35:01","slug":"lecteur-de-disque-dvd-rw-dell-dorigine-c3284-a00-lecteur-optique-de-haute-qualite","status":"publish","type":"product","link":"https:\/\/boreait.com\/fr\/produit\/lecteur-de-disque-dvd-rw-dell-dorigine-c3284-a00-lecteur-optique-de-haute-qualite\/","title":{"rendered":"Lecteur de disque DVD-RW Dell d&rsquo;origine C3284-A00 &#8211; Lecteur optique de haute qualit\u00e9"},"content":{"rendered":"<p>Le lecteur de CD-ROM DVD-RW Dell authentique C3284-A00 est le compl\u00e9ment id\u00e9al de votre ordinateur portable ou de bureau, offrant des fonctionnalit\u00e9s de lecteur optique polyvalentes. Que vous visionniez des DVD, installiez des logiciels ou graviez vos donn\u00e9es sur CD ou DVD, ce lecteur Dell authentique garantit des performances et une compatibilit\u00e9 fiables.<\/p>\n<p>Principales caract\u00e9ristiques\u00a0:<\/p>\n<ul>\n<li>Produit Dell authentique<\/li>\n<li>Lecture et \u00e9criture de CD et DVD<\/li>\n<li>Id\u00e9al pour regarder des films, installer des logiciels ou cr\u00e9er des sauvegardes<\/li>\n<\/ul>\n<p>Am\u00e9liorez les performances de votre ordinateur portable avec ce lecteur de CD de haute qualit\u00e9. Il est con\u00e7u pour s&rsquo;int\u00e9grer parfaitement \u00e0 votre ordinateur portable ou de bureau Dell, garantissant une exp\u00e9rience utilisateur fluide. Il suffit de le brancher et de l&rsquo;utiliser pour profiter des avantages d&rsquo;un lecteur optique fiable.<\/p>\n<p>Veuillez noter que cette annonce inclut de vraies photos du lecteur de CD-ROM DVD-RW Dell authentique C3284-A00. Aucune instruction d&rsquo;installation n&rsquo;est fournie, mais si vous avez des questions ou besoin d&rsquo;aide, n&rsquo;h\u00e9sitez pas \u00e0 nous contacter. Am\u00e9liorez les fonctionnalit\u00e9s de votre ordinateur portable avec ce lecteur optique Dell d&rsquo;origine et profitez de la simplicit\u00e9 de la lecture et de l&rsquo;\u00e9criture de CD et de DVD.<\/p>\n","protected":false},"excerpt":{"rendered":"<p>Am\u00e9liorez les performances de votre ordinateur portable avec le lecteur de CD-ROM DVD-RW Dell C3284-A00 d&rsquo;origine. Ce lecteur optique de haute qualit\u00e9 est id\u00e9al pour lire et graver des CD et des DVD. Ce produit Dell d&rsquo;origine garantit compatibilit\u00e9 et fiabilit\u00e9 avec votre ordinateur portable ou PC Dell. Que vous ayez besoin de regarder des films, d&rsquo;installer des logiciels ou de cr\u00e9er des sauvegardes, ce lecteur de CD est l\u00e0 pour vous.<\/p>\n","protected":false},"featured_media":10103,"template":"","meta":[],"product_brand":[],"product_cat":[63],"product_tag":[53],"class_list":{"0":"post-10034","1":"product","2":"type-product","3":"status-publish","4":"has-post-thumbnail","6":"product_cat-motherboards-board-parts","7":"product_tag-dell","9":"first","10":"instock","11":"taxable","12":"shipping-taxable","13":"purchasable","14":"product-type-simple"},"_links":{"self":[{"href":"https:\/\/boreait.com\/fr\/wp-json\/wp\/v2\/product\/10034","targetHints":{"allow":["GET"]}}],"collection":[{"href":"https:\/\/boreait.com\/fr\/wp-json\/wp\/v2\/product"}],"about":[{"href":"https:\/\/boreait.com\/fr\/wp-json\/wp\/v2\/types\/product"}],"wp:featuredmedia":[{"embeddable":true,"href":"https:\/\/boreait.com\/fr\/wp-json\/wp\/v2\/media\/10103"}],"wp:attachment":[{"href":"https:\/\/boreait.com\/fr\/wp-json\/wp\/v2\/media?parent=10034"}],"wp:term":[{"taxonomy":"product_brand","embeddable":true,"href":"https:\/\/boreait.com\/fr\/wp-json\/wp\/v2\/product_brand?post=10034"},{"taxonomy":"product_cat","embeddable":true,"href":"https:\/\/boreait.com\/fr\/wp-json\/wp\/v2\/product_cat?post=10034"},{"taxonomy":"product_tag","embeddable":true,"href":"https:\/\/boreait.com\/fr\/wp-json\/wp\/v2\/product_tag?post=10034"}],"curies":[{"name":"wp","href":"https:\/\/api.w.org\/{rel}","templated":true}]}}