{"id":10012,"date":"2025-09-15T15:09:26","date_gmt":"2025-09-15T13:09:26","guid":{"rendered":"https:\/\/boreait.com\/fr\/?post_type=product&#038;p=10012"},"modified":"2025-09-15T15:10:55","modified_gmt":"2025-09-15T13:10:55","slug":"repose-poignets-avec-pave-tactile-et-clavier-britannique-slovaque-pour-lenovo-s20-30-remplacement-dorigine","status":"publish","type":"product","link":"https:\/\/boreait.com\/fr\/produit\/repose-poignets-avec-pave-tactile-et-clavier-britannique-slovaque-pour-lenovo-s20-30-remplacement-dorigine\/","title":{"rendered":"Repose-poignets avec pav\u00e9 tactile et clavier britannique\/slovaque pour Lenovo S20-30 &#8211; Remplacement d&rsquo;origine"},"content":{"rendered":"<p>Si vous avez besoin d&rsquo;un repose-poignets de remplacement pour votre ordinateur portable Lenovo S20-30, ne cherchez plus\u00a0! Ce produit est une pi\u00e8ce d&rsquo;origine comprenant le repose-poignets, le pav\u00e9 tactile et un clavier britannique. Il est con\u00e7u pour restaurer votre ordinateur portable \u00e0 son \u00e9tat d&rsquo;origine, lui garantissant un aspect et des fonctionnalit\u00e9s comme neufs.<\/p>\n<p>Disposition du clavier\u00a0: Royaume-Uni avec gravure laser slov\u00e8ne.<\/p>\n<p>Principales caract\u00e9ristiques\u00a0:<\/p>\n<ul>\n<li>Pi\u00e8ce de rechange Lenovo d&rsquo;origine<\/li>\n<li>Comprend le repose-poignets, le pav\u00e9 tactile et le clavier britannique<\/li>\n<li>Compatible avec les ordinateurs portables Lenovo S20-30<\/li>\n<\/ul>\n<p>Que votre repose-poignets actuel soit endommag\u00e9 ou que vous souhaitiez le remplacer, cette pi\u00e8ce de rechange est la solution id\u00e9ale. Facile \u00e0 installer, elle vous permet de revitaliser votre ordinateur portable en toute simplicit\u00e9. Veuillez noter que cette annonce inclut des photos r\u00e9elles du repose-poignets Lenovo S20-30 avec pav\u00e9 tactile et clavier britannique. Aucune instruction d&rsquo;installation n&rsquo;est fournie, mais si vous avez des questions ou besoin d&rsquo;aide, n&rsquo;h\u00e9sitez pas \u00e0 nous contacter. Am\u00e9liorez votre ordinateur portable Lenovo S20-30 avec cette pi\u00e8ce de rechange d&rsquo;origine et profitez d&rsquo;une exp\u00e9rience informatique comme neuve.<\/p>\n","protected":false},"excerpt":{"rendered":"<p>Am\u00e9liorez l&rsquo;apparence de votre ordinateur portable Lenovo S20-30 avec ce repose-poignets de remplacement d&rsquo;origine, comprenant un pav\u00e9 tactile et un clavier britannique. Restaurez l&rsquo;apparence et les fonctionnalit\u00e9s de votre ordinateur portable gr\u00e2ce \u00e0 cette pi\u00e8ce de haute qualit\u00e9.<\/p>\n","protected":false},"featured_media":10076,"template":"","meta":[],"product_brand":[],"product_cat":[52],"product_tag":[62],"class_list":{"0":"post-10012","1":"product","2":"type-product","3":"status-publish","4":"has-post-thumbnail","6":"product_cat-laptop-housing","7":"product_tag-lenovo","9":"first","10":"instock","11":"taxable","12":"shipping-taxable","13":"purchasable","14":"product-type-simple"},"_links":{"self":[{"href":"https:\/\/boreait.com\/fr\/wp-json\/wp\/v2\/product\/10012","targetHints":{"allow":["GET"]}}],"collection":[{"href":"https:\/\/boreait.com\/fr\/wp-json\/wp\/v2\/product"}],"about":[{"href":"https:\/\/boreait.com\/fr\/wp-json\/wp\/v2\/types\/product"}],"wp:featuredmedia":[{"embeddable":true,"href":"https:\/\/boreait.com\/fr\/wp-json\/wp\/v2\/media\/10076"}],"wp:attachment":[{"href":"https:\/\/boreait.com\/fr\/wp-json\/wp\/v2\/media?parent=10012"}],"wp:term":[{"taxonomy":"product_brand","embeddable":true,"href":"https:\/\/boreait.com\/fr\/wp-json\/wp\/v2\/product_brand?post=10012"},{"taxonomy":"product_cat","embeddable":true,"href":"https:\/\/boreait.com\/fr\/wp-json\/wp\/v2\/product_cat?post=10012"},{"taxonomy":"product_tag","embeddable":true,"href":"https:\/\/boreait.com\/fr\/wp-json\/wp\/v2\/product_tag?post=10012"}],"curies":[{"name":"wp","href":"https:\/\/api.w.org\/{rel}","templated":true}]}}