{"id":10010,"date":"2025-09-15T15:09:26","date_gmt":"2025-09-15T13:09:26","guid":{"rendered":"https:\/\/boreait.com\/fr\/?post_type=product&#038;p=10010"},"modified":"2025-09-15T15:10:43","modified_gmt":"2025-09-15T13:10:43","slug":"ecran-lcd-led-de-remplacement-pour-asus-b101xan02-0-asus-t100-t100ta-101-pouces","status":"publish","type":"product","link":"https:\/\/boreait.com\/fr\/produit\/ecran-lcd-led-de-remplacement-pour-asus-b101xan02-0-asus-t100-t100ta-101-pouces\/","title":{"rendered":"\u00c9cran LCD LED de remplacement pour ASUS B101XAN02.0 ASUS T100 T100TA 10,1 pouces"},"content":{"rendered":"<p>Redonnez vie \u00e0 votre ordinateur portable ASUS T100 ou T100TA avec cet \u00e9cran LCD LED de remplacement 10,1&Prime; (r\u00e9f\u00e9rence\u00a0: B101XAN02.0). Si l&rsquo;\u00e9cran de votre ordinateur portable est fissur\u00e9, endommag\u00e9 ou fonctionne mal, cet \u00e9cran de remplacement de haute qualit\u00e9 restaurera l&rsquo;exp\u00e9rience visuelle de votre ordinateur portable \u00e0 son \u00e9tat d&rsquo;origine.<\/p>\n<p><strong>Caract\u00e9ristiques principales\u00a0:<\/strong><\/p>\n<ul>\n<li><strong>Compatibilit\u00e9\u00a0:<\/strong> Con\u00e7u sp\u00e9cifiquement pour les ordinateurs portables ASUS T100 et T100TA, il garantit un ajustement et une compatibilit\u00e9 parfaits.<\/li>\n<li><strong>\u00c9cran LCD 10,1&Prime;\u00a0:<\/strong> Profitez d&rsquo;images \u00e9clatantes et d&rsquo;une qualit\u00e9 d&rsquo;image nette sur cet \u00e9cran LCD 10,1&Prime;.<\/li>\n<li><strong>Remplacement de haute qualit\u00e9\u00a0:<\/strong> Cet \u00e9cran LCD LED de remplacement est fabriqu\u00e9 avec des mat\u00e9riaux de premi\u00e8re qualit\u00e9 pour garantir durabilit\u00e9 et performances durables.<\/li>\n<li><strong>Installation facile\u00a0:<\/strong> Remplacement de votre L&rsquo;\u00e9cran de votre ordinateur portable est simple \u00e0 installer et ne n\u00e9cessite aucune comp\u00e9tence technique avanc\u00e9e. Des instructions d\u00e9taill\u00e9es peuvent \u00eatre fournies sur demande.<\/li>\n<li><strong>Visualisation restaur\u00e9e\u00a0:<\/strong> Dites adieu aux \u00e9crans fissur\u00e9s ou d\u00e9fectueux et retrouvez un affichage clair et lumineux sur votre ordinateur portable.<\/li>\n<li><strong>Assurance qualit\u00e9\u00a0:<\/strong> Cet \u00e9cran de remplacement est soumis \u00e0 des contr\u00f4les qualit\u00e9 pour garantir sa fiabilit\u00e9 et ses performances.<\/li>\n<\/ul>\n<p>Remplacez l&rsquo;\u00e9cran de votre ordinateur portable endommag\u00e9 ou d\u00e9fectueux par cet \u00e9cran LCD LED de 10,1 pouces (r\u00e9f\u00e9rence\u00a0: B101XAN02.0) pour ordinateurs portables ASUS T100 et T100TA. Profitez d&rsquo;un affichage clair et \u00e9clatant et retrouvez toutes les fonctionnalit\u00e9s de l&rsquo;\u00e9cran de votre ordinateur portable.<\/p>\n<p>Si vous avez d&rsquo;autres produits \u00e0 proposer ou si vous avez besoin d&rsquo;informations suppl\u00e9mentaires, n&rsquo;h\u00e9sitez pas \u00e0 me contacter\u00a0; je vous aiderai.<\/p>\n","protected":false},"excerpt":{"rendered":"<p>Remplacez l&rsquo;\u00e9cran LCD de votre ordinateur portable ASUS T100 ou T100TA par cet \u00e9cran LCD LED 10,1&Prime; de haute qualit\u00e9 (r\u00e9f\u00e9rence\u00a0: B101XAN02.0). Profitez d&rsquo;images \u00e9clatantes et redonnez \u00e0 l&rsquo;\u00e9cran de votre ordinateur portable toute sa splendeur.<\/p>\n","protected":false},"featured_media":10073,"template":"","meta":[],"product_brand":[],"product_cat":[57],"product_tag":[66],"class_list":{"0":"post-10010","1":"product","2":"type-product","3":"status-publish","4":"has-post-thumbnail","6":"product_cat-laptop-screens-lcd-panels","7":"product_tag-asus","9":"first","10":"instock","11":"taxable","12":"shipping-taxable","13":"purchasable","14":"product-type-simple"},"_links":{"self":[{"href":"https:\/\/boreait.com\/fr\/wp-json\/wp\/v2\/product\/10010","targetHints":{"allow":["GET"]}}],"collection":[{"href":"https:\/\/boreait.com\/fr\/wp-json\/wp\/v2\/product"}],"about":[{"href":"https:\/\/boreait.com\/fr\/wp-json\/wp\/v2\/types\/product"}],"wp:featuredmedia":[{"embeddable":true,"href":"https:\/\/boreait.com\/fr\/wp-json\/wp\/v2\/media\/10073"}],"wp:attachment":[{"href":"https:\/\/boreait.com\/fr\/wp-json\/wp\/v2\/media?parent=10010"}],"wp:term":[{"taxonomy":"product_brand","embeddable":true,"href":"https:\/\/boreait.com\/fr\/wp-json\/wp\/v2\/product_brand?post=10010"},{"taxonomy":"product_cat","embeddable":true,"href":"https:\/\/boreait.com\/fr\/wp-json\/wp\/v2\/product_cat?post=10010"},{"taxonomy":"product_tag","embeddable":true,"href":"https:\/\/boreait.com\/fr\/wp-json\/wp\/v2\/product_tag?post=10010"}],"curies":[{"name":"wp","href":"https:\/\/api.w.org\/{rel}","templated":true}]}}