{"id":3,"date":"2025-09-13T17:55:14","date_gmt":"2025-09-13T15:55:14","guid":{"rendered":"https:\/\/boreait.com\/fr\/?page_id=3"},"modified":"2025-11-20T11:03:13","modified_gmt":"2025-11-20T10:03:13","slug":"politique-de-confidentialite","status":"publish","type":"page","link":"https:\/\/boreait.com\/fr\/politique-de-confidentialite\/","title":{"rendered":"Politique de confidentialit\u00e9"},"content":{"rendered":"\n<p><strong>Conditions g\u00e9n\u00e9rales (CGV)<\/strong><\/p>\n\n\n\n<p>Les conditions g\u00e9n\u00e9rales ont \u00e9t\u00e9 \u00e9tablies conform\u00e9ment \u00e0 la loi slov\u00e8ne sur la protection des consommateurs ZVPot. Elles contiennent des informations sur le fonctionnement de la boutique, les droits des utilisateurs ainsi que la relation commerciale entre la boutique (<a href=\"https:\/\/boreait.com\/fr\">https:\/\/boreait.com\/fr<\/a>) et les acheteurs.<\/p>\n\n\n\n<p><strong>Vendeur \/ Exploitant<\/strong><\/p>\n\n\n\n<p>Borea IT d.o.o.<br>Adresse : Budanje 6g, 5271 Vipava, Slov\u00e9nie<br>Num\u00e9ro de TVA : SI64114317<br>Assujetti \u00e0 la TVA : Oui<br>Num\u00e9ro d\u2019enregistrement : 9923802<br>Inscription : Tribunal de district de Nova Gorica<br>Capital social : 7 500,00 EUR<\/p>\n\n\n\n<p><strong>Informations de paiement<\/strong><br>IBAN : SI56 6400 0990 2107 659<br>BIC\/SWIFT : HKVISI22<br>Adresse de la banque : PRIMORSKA HRANILNICA VIPAVA d.d., Glavni trg 15, 5271 VIPAVA<\/p>\n\n\n\n<p><strong>Modes de paiement<\/strong><\/p>\n\n\n\n<ul class=\"wp-block-list\">\n<li>Virement bancaire (paiement anticip\u00e9)<\/li>\n\n\n\n<li>PayPal<\/li>\n\n\n\n<li>Paiement par carte<\/li>\n<\/ul>\n\n\n\n<p><strong>Prix<\/strong><\/p>\n\n\n\n<p>Tous les prix sont indiqu\u00e9s en euros et incluent la TVA l\u00e9gale. Le vendeur se r\u00e9serve le droit de modifier les prix quotidiennement. Le contrat de vente entre le vendeur et l\u2019acheteur est conclu d\u00e8s que le vendeur confirme la commande par e-mail. \u00c0 partir de ce moment, tous les prix et conditions sont contraignants pour les deux parties.<\/p>\n\n\n\n<p><strong>Processus de commande<\/strong><\/p>\n\n\n\n<ol class=\"wp-block-list\">\n<li><strong>Commande re\u00e7ue<\/strong> : Apr\u00e8s avoir pass\u00e9 la commande, l\u2019acheteur re\u00e7oit une confirmation de commande par e-mail. \u00c0 ce stade, l\u2019acheteur dispose d\u2019une heure pour annuler la commande. Toutes les informations concernant la commande sont disponibles sur le site du vendeur.<\/li>\n\n\n\n<li><strong>Commande en cours de traitement<\/strong> : Si aucune annulation n\u2019est effectu\u00e9e, la commande est trait\u00e9e. Le vendeur v\u00e9rifie la disponibilit\u00e9 des articles et confirme ou refuse la commande. Pour toute pr\u00e9cision, le vendeur peut contacter l\u2019acheteur. Avec cette confirmation, le contrat de vente devient d\u00e9finitivement contraignant.<\/li>\n\n\n\n<li><strong>Marchandises exp\u00e9di\u00e9es<\/strong> : Le vendeur pr\u00e9pare les marchandises, les exp\u00e9die et informe l\u2019acheteur de l\u2019exp\u00e9dition par e-mail.<\/li>\n<\/ol>\n\n\n\n<p><strong>Droit de r\u00e9tractation &amp; retour<\/strong><\/p>\n\n\n\n<p>Conform\u00e9ment \u00e0 la loi ZVPot, l\u2019acheteur a le droit d\u2019informer le vendeur de sa r\u00e9tractation dans un d\u00e9lai de 14 jours, sans devoir en indiquer le motif. La notification s\u2019effectue par e-mail \u00e0 l\u2019adresse suivante : <strong><a href=\"mailto:bostjan@pracek.si\">bostjan@pracek.si<\/a><\/strong><\/p>\n","protected":false},"excerpt":{"rendered":"<p>Conditions g\u00e9n\u00e9rales (CGV) Les conditions g\u00e9n\u00e9rales ont \u00e9t\u00e9 \u00e9tablies conform\u00e9ment \u00e0 la loi slov\u00e8ne sur la protection des consommateurs ZVPot. Elles contiennent des informations sur le fonctionnement de la boutique, les droits des utilisateurs ainsi que la relation commerciale entre la boutique (https:\/\/boreait.com\/fr) et les acheteurs. Vendeur \/ Exploitant Borea IT d.o.o.Adresse : Budanje 6g, [&hellip;]<\/p>\n","protected":false},"author":1,"featured_media":0,"parent":0,"menu_order":0,"comment_status":"closed","ping_status":"open","template":"","meta":{"footnotes":""},"class_list":["post-3","page","type-page","status-publish","hentry"],"_links":{"self":[{"href":"https:\/\/boreait.com\/fr\/wp-json\/wp\/v2\/pages\/3","targetHints":{"allow":["GET"]}}],"collection":[{"href":"https:\/\/boreait.com\/fr\/wp-json\/wp\/v2\/pages"}],"about":[{"href":"https:\/\/boreait.com\/fr\/wp-json\/wp\/v2\/types\/page"}],"author":[{"embeddable":true,"href":"https:\/\/boreait.com\/fr\/wp-json\/wp\/v2\/users\/1"}],"replies":[{"embeddable":true,"href":"https:\/\/boreait.com\/fr\/wp-json\/wp\/v2\/comments?post=3"}],"version-history":[{"count":1,"href":"https:\/\/boreait.com\/fr\/wp-json\/wp\/v2\/pages\/3\/revisions"}],"predecessor-version":[{"id":18707,"href":"https:\/\/boreait.com\/fr\/wp-json\/wp\/v2\/pages\/3\/revisions\/18707"}],"wp:attachment":[{"href":"https:\/\/boreait.com\/fr\/wp-json\/wp\/v2\/media?parent=3"}],"curies":[{"name":"wp","href":"https:\/\/api.w.org\/{rel}","templated":true}]}}