{"id":9966,"date":"2025-09-15T15:06:21","date_gmt":"2025-09-15T13:06:21","guid":{"rendered":"https:\/\/boreait.com\/de\/?post_type=product&#038;p=9966"},"modified":"2025-09-16T12:50:42","modified_gmt":"2025-09-16T10:50:42","slug":"stromanschluss-dc-magsafe-apple-macbook-pro-retina-a1502-13-mitte-2014-macbookpro11-1","status":"publish","type":"product","link":"https:\/\/boreait.com\/de\/produkt\/stromanschluss-dc-magsafe-apple-macbook-pro-retina-a1502-13-mitte-2014-macbookpro11-1\/","title":{"rendered":"Stromanschluss DC MAGSAFE Apple MacBook Pro Retina A1502 13 Mitte 2014 MacBookPro11.1"},"content":{"rendered":"<p>L\u00e4dt Ihr Apple MacBook Pro Retina A1502 13 Zoll (Mitte 2014, MacBookPro 11.1) nicht oder hat es Probleme mit der Stromverbindung? Dann ist wahrscheinlich die MagSafe-DC-Strombuchse defekt. Keine Sorge, wir haben die L\u00f6sung.<\/p>\n<p>Unser POWER JACK DC MAGSAFE ist ein zuverl\u00e4ssiges Ersatzteil, das die volle Ladefunktion Ihres MacBooks wiederherstellt. Pr\u00e4zise und kompatibel gefertigt, gew\u00e4hrleistet diese Strombuchse eine sichere Verbindung mit Ihrem Ladeger\u00e4t, sodass Ihr MacBook stets mit Strom versorgt und einsatzbereit ist.<\/p>\n<p>Hauptmerkmale:<\/p>\n<ul>\n<li>Kompatibilit\u00e4t: Apple MacBook Pro Retina A1502 13 Zoll (Mitte 2014, MacBook Pro 11.1)<\/li>\n<li>Typ: MagSafe DC-Stromanschluss<\/li>\n<li>Hochwertige Verarbeitung: F\u00fcr lange Lebensdauer konzipiert<\/li>\n<li>Sichere Verbindung: Gew\u00e4hrleistet zuverl\u00e4ssiges Laden<\/li>\n<\/ul>\n<p>Ob Heimwerker oder professioneller Techniker \u2013 dieses Ersatzteil ist der Schl\u00fcssel zur L\u00f6sung von Stromversorgungsproblemen Ihres MacBooks. Bitte beachten Sie, dass dieses Angebot echte Fotos der POWER JACK DC MAGSAFE-Komponente enth\u00e4lt.<\/p>\n<p>Bitte beachten Sie, dass keine Installationsanleitung beiliegt. Bei Fragen oder f\u00fcr weitere Unterst\u00fctzung wenden Sie sich bitte an uns. Stellen Sie die Ladefunktion Ihres MacBooks mit diesem originalen MagSafe DC-Stromanschluss wieder her \u2013 erweckt Ihr MacBook wieder zum Leben.<\/p>\n<p>Denken Sie daran, die tats\u00e4chlichen Produktfotos in Ihr eBay-Angebot aufzunehmen und den Inhalt an das Design und die Formatierung Ihrer Website anzupassen.<\/p>\n","protected":false},"excerpt":{"rendered":"<p>Ersetzen Sie Ihre besch\u00e4digte oder nicht funktionierende MagSafe-DC-Strombuchse durch dieses hochwertige Bauteil f\u00fcr das Apple MacBook Pro Retina A1502 13 Zoll (Mitte 2014, MacBookPro11.1). Stellen Sie mit diesem Original-Ersatzteil sicher, dass Ihr MacBook ordnungsgem\u00e4\u00df l\u00e4dt und seine volle Funktionalit\u00e4t wiedererlangt.<\/p>\n","protected":false},"featured_media":10023,"template":"","meta":[],"product_brand":[],"product_cat":[56],"product_tag":[87],"class_list":{"0":"post-9966","1":"product","2":"type-product","3":"status-publish","4":"has-post-thumbnail","6":"product_cat-cables","7":"product_tag-apple","9":"first","10":"instock","11":"taxable","12":"shipping-taxable","13":"purchasable","14":"product-type-simple"},"_links":{"self":[{"href":"https:\/\/boreait.com\/de\/wp-json\/wp\/v2\/product\/9966","targetHints":{"allow":["GET"]}}],"collection":[{"href":"https:\/\/boreait.com\/de\/wp-json\/wp\/v2\/product"}],"about":[{"href":"https:\/\/boreait.com\/de\/wp-json\/wp\/v2\/types\/product"}],"wp:featuredmedia":[{"embeddable":true,"href":"https:\/\/boreait.com\/de\/wp-json\/wp\/v2\/media\/10023"}],"wp:attachment":[{"href":"https:\/\/boreait.com\/de\/wp-json\/wp\/v2\/media?parent=9966"}],"wp:term":[{"taxonomy":"product_brand","embeddable":true,"href":"https:\/\/boreait.com\/de\/wp-json\/wp\/v2\/product_brand?post=9966"},{"taxonomy":"product_cat","embeddable":true,"href":"https:\/\/boreait.com\/de\/wp-json\/wp\/v2\/product_cat?post=9966"},{"taxonomy":"product_tag","embeddable":true,"href":"https:\/\/boreait.com\/de\/wp-json\/wp\/v2\/product_tag?post=9966"}],"curies":[{"name":"wp","href":"https:\/\/api.w.org\/{rel}","templated":true}]}}