{"id":9964,"date":"2025-09-15T15:06:20","date_gmt":"2025-09-15T13:06:20","guid":{"rendered":"https:\/\/boreait.com\/de\/?post_type=product&#038;p=9964"},"modified":"2025-09-16T12:50:41","modified_gmt":"2025-09-16T10:50:41","slug":"04x5449-neues-original-lenovo-thinkpad-t440-lcd-edp-kabel-dc02c003y00-sc10a23623","status":"publish","type":"product","link":"https:\/\/boreait.com\/de\/produkt\/04x5449-neues-original-lenovo-thinkpad-t440-lcd-edp-kabel-dc02c003y00-sc10a23623\/","title":{"rendered":"04X5449 Neues Original Lenovo ThinkPad T440 LCD eDP-Kabel DC02C003Y00 SC10A23623"},"content":{"rendered":"<p>Das originale Lenovo ThinkPad T440 LCD-Kabel DC02C003Y00 SC10A23623 (04X5449) ist ein wichtiges Bauteil f\u00fcr die optimale Funktion des Displays Ihres Lenovo ThinkPad T440. Dieses hochwertige Original-LCD-Kabel sorgt f\u00fcr eine sichere und stabile Verbindung zwischen dem LCD-Bildschirm Ihres Laptops und dem Motherboard.<\/p>\n<p>Hauptmerkmale:<\/p>\n<ul>\n<li>Teilenummer: 04X5449<\/li>\n<li>Lenovo Originalteil<\/li>\n<li>Kompatibel mit Lenovo ThinkPad T440<\/li>\n<li>Sorgt f\u00fcr eine zuverl\u00e4ssige Verbindung zum Laptop-Display<\/li>\n<\/ul>\n<p>Wenn Sie Probleme mit dem Display Ihres Lenovo ThinkPad T440 haben, ist dieses originale Lenovo Ersatzkabel die L\u00f6sung. Es erf\u00fcllt die strengen Qualit\u00e4tsstandards von Lenovo und gew\u00e4hrleistet so die Langlebigkeit und Zuverl\u00e4ssigkeit Ihres Laptop-Displays.<\/p>\n<p>Bitte beachten Sie, dass dieses Angebot Fotos des originalen Lenovo ThinkPad T440 LCD-Kabels DC02C003Y00 SC10A23623 (04X5449) enth\u00e4lt. Es liegt keine Installationsanleitung bei. Bei Fragen oder f\u00fcr Unterst\u00fctzung wenden Sie sich bitte an uns. Halten Sie Ihr Laptop-Display mit diesem originalen Lenovo LCD-Kabel in Topform.<\/p>\n<p>Denken Sie daran, die Produktfotos in Ihr eBay-Angebot aufzunehmen und den Inhalt an das Design und die Formatierung Ihrer Website anzupassen.<\/p>\n","protected":false},"excerpt":{"rendered":"<p>Verbessern Sie die Displayleistung Ihres Lenovo ThinkPad T440 Laptops mit dem neuen LCD-Kabel 04X5449 DC02C003Y00 SC10A23623. Dieses hochwertige, originale LCD-Kabel sorgt f\u00fcr eine zuverl\u00e4ssige und nahtlose Verbindung zwischen Bildschirm und Motherboard. Sorgen Sie mit diesem Original-Ersatzteil von Lenovo f\u00fcr optimale Displayleistung.<\/p>\n","protected":false},"featured_media":10021,"template":"","meta":[],"product_brand":[],"product_cat":[56],"product_tag":[62],"class_list":{"0":"post-9964","1":"product","2":"type-product","3":"status-publish","4":"has-post-thumbnail","6":"product_cat-cables","7":"product_tag-lenovo","9":"first","10":"instock","11":"taxable","12":"shipping-taxable","13":"purchasable","14":"product-type-simple"},"_links":{"self":[{"href":"https:\/\/boreait.com\/de\/wp-json\/wp\/v2\/product\/9964","targetHints":{"allow":["GET"]}}],"collection":[{"href":"https:\/\/boreait.com\/de\/wp-json\/wp\/v2\/product"}],"about":[{"href":"https:\/\/boreait.com\/de\/wp-json\/wp\/v2\/types\/product"}],"wp:featuredmedia":[{"embeddable":true,"href":"https:\/\/boreait.com\/de\/wp-json\/wp\/v2\/media\/10021"}],"wp:attachment":[{"href":"https:\/\/boreait.com\/de\/wp-json\/wp\/v2\/media?parent=9964"}],"wp:term":[{"taxonomy":"product_brand","embeddable":true,"href":"https:\/\/boreait.com\/de\/wp-json\/wp\/v2\/product_brand?post=9964"},{"taxonomy":"product_cat","embeddable":true,"href":"https:\/\/boreait.com\/de\/wp-json\/wp\/v2\/product_cat?post=9964"},{"taxonomy":"product_tag","embeddable":true,"href":"https:\/\/boreait.com\/de\/wp-json\/wp\/v2\/product_tag?post=9964"}],"curies":[{"name":"wp","href":"https:\/\/api.w.org\/{rel}","templated":true}]}}