{"id":9949,"date":"2025-09-15T15:05:57","date_gmt":"2025-09-15T13:05:57","guid":{"rendered":"https:\/\/boreait.com\/de\/?post_type=product&#038;p=9949"},"modified":"2025-09-16T12:50:41","modified_gmt":"2025-09-16T10:50:41","slug":"765809-001-hp-elitebook-740-745-840-845-g1-g2-untere-gehaeuseunterseite","status":"publish","type":"product","link":"https:\/\/boreait.com\/de\/produkt\/765809-001-hp-elitebook-740-745-840-845-g1-g2-untere-gehaeuseunterseite\/","title":{"rendered":"765809-001 HP EliteBook 740 745 840 845 G1 G2 Untere Geh\u00e4useunterseite"},"content":{"rendered":"<p>Optimieren Sie das Erscheinungsbild und den Schutz Ihres HP EliteBook mit der unteren Geh\u00e4useabdeckung (765809-001) f\u00fcr das HP EliteBook 740, 745, 840, 845 G1 G2. Dieses Original-HP-Teil passt perfekt zu Ihrem Laptop und ist ein perfekter Ersatz oder Upgrade.<\/p>\n<p>Hauptmerkmale:<\/p>\n<ul>\n<li>Kompatibilit\u00e4t: Entwickelt f\u00fcr die HP EliteBook-Modelle 740, 745, 840 und 845 G1 G2.<\/li>\n<li>Langlebigkeit: Hergestellt aus hochwertigen Materialien zum Schutz des unteren Geh\u00e4uses.<\/li>\n<li>Optik: Verbessern Sie das Gesamtbild Ihres Laptops mit dieser eleganten und professionellen unteren Geh\u00e4useabdeckung.<\/li>\n<\/ul>\n<p>Ob Sie ein besch\u00e4digtes unteres Geh\u00e4use ersetzen oder das Erscheinungsbild Ihres Laptops aufwerten m\u00f6chten \u2013 diese HP-Abdeckung ist die ideale Wahl. Es ist pr\u00e4zise gefertigt und langlebig und bietet die bekannte HP Qualit\u00e4t.<\/p>\n<p>Bitte beachten Sie, dass die Auflistung echte Produktfotos der unteren Geh\u00e4useabdeckung des HP EliteBook 740, 745, 840, 845 G1 G2 enth\u00e4lt. Es liegt keine Installationsanleitung bei. Bei Fragen oder f\u00fcr Unterst\u00fctzung kontaktieren Sie uns gerne. Verleihen Sie Ihrem EliteBook mit dieser Original-HP-Abdeckung den Schutz und Stil, den es verdient.<\/p>\n","protected":false},"excerpt":{"rendered":"<p>Verbessern Sie die Haltbarkeit und \u00c4sthetik Ihres HP EliteBook G1- oder G2-Laptops mit dieser unteren Geh\u00e4useabdeckung. Diese passgenaue Abdeckung f\u00fcr die HP EliteBook-Modelle 740, 745, 840 und 845 ist eine hervorragende Ersatz- oder Upgrade-Option. Es handelt sich um ein Original-HP-Teil, das perfekte Passform und zuverl\u00e4ssige Qualit\u00e4t garantiert.<\/p>\n","protected":false},"featured_media":10001,"template":"","meta":[],"product_brand":[],"product_cat":[52],"product_tag":[61],"class_list":{"0":"post-9949","1":"product","2":"type-product","3":"status-publish","4":"has-post-thumbnail","6":"product_cat-laptop-housing","7":"product_tag-hp","9":"first","10":"instock","11":"taxable","12":"shipping-taxable","13":"purchasable","14":"product-type-simple"},"_links":{"self":[{"href":"https:\/\/boreait.com\/de\/wp-json\/wp\/v2\/product\/9949","targetHints":{"allow":["GET"]}}],"collection":[{"href":"https:\/\/boreait.com\/de\/wp-json\/wp\/v2\/product"}],"about":[{"href":"https:\/\/boreait.com\/de\/wp-json\/wp\/v2\/types\/product"}],"wp:featuredmedia":[{"embeddable":true,"href":"https:\/\/boreait.com\/de\/wp-json\/wp\/v2\/media\/10001"}],"wp:attachment":[{"href":"https:\/\/boreait.com\/de\/wp-json\/wp\/v2\/media?parent=9949"}],"wp:term":[{"taxonomy":"product_brand","embeddable":true,"href":"https:\/\/boreait.com\/de\/wp-json\/wp\/v2\/product_brand?post=9949"},{"taxonomy":"product_cat","embeddable":true,"href":"https:\/\/boreait.com\/de\/wp-json\/wp\/v2\/product_cat?post=9949"},{"taxonomy":"product_tag","embeddable":true,"href":"https:\/\/boreait.com\/de\/wp-json\/wp\/v2\/product_tag?post=9949"}],"curies":[{"name":"wp","href":"https:\/\/api.w.org\/{rel}","templated":true}]}}