{"id":9796,"date":"2025-09-15T15:02:11","date_gmt":"2025-09-15T13:02:11","guid":{"rendered":"https:\/\/boreait.com\/de\/?post_type=product&#038;p=9796"},"modified":"2025-09-16T12:50:26","modified_gmt":"2025-09-16T10:50:26","slug":"fujitsu-siemens-amilo-pro-v2030d-bildschirmabdeckung-oben-mit-lcd-kabel","status":"publish","type":"product","link":"https:\/\/boreait.com\/de\/produkt\/fujitsu-siemens-amilo-pro-v2030d-bildschirmabdeckung-oben-mit-lcd-kabel\/","title":{"rendered":"Fujitsu Siemens AMILO Pro V2030D Bildschirmabdeckung oben mit LCD-Kabel"},"content":{"rendered":"<p>Verbessern Sie das Aussehen und den Schutz Ihres Fujitsu Siemens AMILO Pro V2030D Laptops mit der Fujitsu Siemens AMILO Pro V2030D Bildschirmabdeckung mit LCD-Kabel. Diese Original-Bildschirmabdeckung wurde entwickelt, um die \u00c4sthetik und Haltbarkeit Ihres Laptops zu verbessern und bietet ein elegantes Design und zus\u00e4tzlichen Schutz f\u00fcr Ihr Ger\u00e4t.<\/p>\n<p>Die AMILO Pro V2030D Bildschirmabdeckung wurde von Fujitsu Siemens, einem renommierten Unternehmen in der Computertechnologie, hergestellt und ist so konzipiert, dass sie nahtlos auf Ihren Laptop passt. Als wichtige Komponente zum Schutz des Laptop-Displays verleiht diese Abdeckung nicht nur einen Hauch von Eleganz, sondern sch\u00fctzt Ihren Bildschirm auch vor Kratzern und leichten St\u00f6\u00dfen.<\/p>\n<p>Die Abdeckung wurde pr\u00e4zise gefertigt, um einen festen und sicheren Sitz zu gew\u00e4hrleisten und die Integrit\u00e4t des Laptop-Designs zu bewahren. Ihr elegantes und professionelles Erscheinungsbild wertet das Gesamtbild Ihres Laptops auf und macht ihn ideal f\u00fcr den professionellen und privaten Gebrauch.<\/p>\n<p>Die Installation ist dank des OEM-Designs, das perfekt auf die Originalkomponenten Ihres Laptops abgestimmt ist, unkompliziert. Mit Originalteilen von Fujitsu Siemens investieren Sie in die Qualit\u00e4t, Langlebigkeit und \u00c4sthetik Ihres Laptops.<\/p>\n<p>Verbessern Sie die Optik und den Schutz Ihres Laptops mit der Fujitsu Siemens AMILO Pro V2030D Displayschutzfolie. Genie\u00dfen Sie ein frisches und elegantes Aussehen und sch\u00fctzen Sie gleichzeitig das Display Ihres Laptops vor allt\u00e4glicher Abnutzung.<\/p>\n<p>Bitte \u00fcberpr\u00fcfen Sie vor dem Kauf die Kompatibilit\u00e4t mit Ihrem Laptop-Modell.<\/p>\n","protected":false},"excerpt":{"rendered":"<p>Verbessern Sie das Aussehen und den Schutz Ihres Fujitsu Siemens AMILO Pro V2030D Laptops mit der Fujitsu Siemens AMILO Pro V2030D Bildschirmabdeckung. Werten Sie das Aussehen Ihres Laptops auf und sch\u00fctzen Sie sein Display mit dieser Originalabdeckung.<\/p>\n","protected":false},"featured_media":9861,"template":"","meta":[],"product_brand":[],"product_cat":[52],"product_tag":[64],"class_list":{"0":"post-9796","1":"product","2":"type-product","3":"status-publish","4":"has-post-thumbnail","6":"product_cat-laptop-housing","7":"product_tag-fujitsu","9":"first","10":"instock","11":"taxable","12":"shipping-taxable","13":"purchasable","14":"product-type-simple"},"_links":{"self":[{"href":"https:\/\/boreait.com\/de\/wp-json\/wp\/v2\/product\/9796","targetHints":{"allow":["GET"]}}],"collection":[{"href":"https:\/\/boreait.com\/de\/wp-json\/wp\/v2\/product"}],"about":[{"href":"https:\/\/boreait.com\/de\/wp-json\/wp\/v2\/types\/product"}],"wp:featuredmedia":[{"embeddable":true,"href":"https:\/\/boreait.com\/de\/wp-json\/wp\/v2\/media\/9861"}],"wp:attachment":[{"href":"https:\/\/boreait.com\/de\/wp-json\/wp\/v2\/media?parent=9796"}],"wp:term":[{"taxonomy":"product_brand","embeddable":true,"href":"https:\/\/boreait.com\/de\/wp-json\/wp\/v2\/product_brand?post=9796"},{"taxonomy":"product_cat","embeddable":true,"href":"https:\/\/boreait.com\/de\/wp-json\/wp\/v2\/product_cat?post=9796"},{"taxonomy":"product_tag","embeddable":true,"href":"https:\/\/boreait.com\/de\/wp-json\/wp\/v2\/product_tag?post=9796"}],"curies":[{"name":"wp","href":"https:\/\/api.w.org\/{rel}","templated":true}]}}