{"id":9781,"date":"2025-09-15T15:01:47","date_gmt":"2025-09-15T13:01:47","guid":{"rendered":"https:\/\/boreait.com\/de\/?post_type=product&#038;p=9781"},"modified":"2025-09-16T12:50:25","modified_gmt":"2025-09-16T10:50:25","slug":"fuer-lenovo-dc-spannung-jack-flex-kabel-g700-g710-z710-g700-5937-g700-5938-g700-5939","status":"publish","type":"product","link":"https:\/\/boreait.com\/de\/produkt\/fuer-lenovo-dc-spannung-jack-flex-kabel-g700-g710-z710-g700-5937-g700-5938-g700-5939\/","title":{"rendered":"F\u00dcR Lenovo DC Spannung Jack Flex Kabel G700 G710 Z710 G700-5937 G700-5938 G700-5939"},"content":{"rendered":"<p>Verbessern und reparieren Sie die Stromversorgung Ihres Lenovo Laptops mit dem Lenovo DC-Netzanschluss-Flexkabel. Dieses Original-Ersatzteil verbessert die Stromversorgung Ihres Laptops und sorgt f\u00fcr einen reibungslosen Betrieb ohne Unterbrechungen.<\/p>\n<p>Dieses DC-Netzanschluss-Flexkabel von Lenovo, einem renommierten Anbieter in der Computertechnologie, l\u00e4sst sich nahtlos in Ihren Laptop integrieren. Es dient als wichtige Komponente, die das Netzteil mit der internen Stromversorgung Ihres Laptops verbindet.<\/p>\n<p>Ob Sie Probleme mit der Stromversorgung haben oder einfach nur die Zuverl\u00e4ssigkeit der Stromversorgung Ihres Laptops sicherstellen m\u00f6chten \u2013 dieses Ersatzkabel ist die L\u00f6sung. Es ist mit verschiedenen Lenovo-Modellen kompatibel, darunter G700, G710, Z710, G700-5937, G700-5938 und G700-5939.<\/p>\n<p>Die Installation ist dank des OEM-Designs, das den Originalkomponenten Ihres Laptops entspricht, unkompliziert. Mit Original-Lenovo-Komponenten investieren Sie in die Qualit\u00e4t und Zuverl\u00e4ssigkeit Ihres Laptop-Netzteils.<\/p>\n<p>Verbessern und reparieren Sie die Stromversorgung Ihres Laptops mit dem Lenovo DC-Netzanschluss-Flexkabel. Genie\u00dfen Sie eine zuverl\u00e4ssige und unterbrechungsfreie Stromversorgung f\u00fcr Ihr Lenovo G700, G710, Z710, G700-5937, G700-5938 oder G700-5939. Sorgen Sie mit diesem zuverl\u00e4ssigen und effizienten Ersatzkabel f\u00fcr optimale Leistung Ihres Laptops.<\/p>\n<p>Bitte \u00fcberpr\u00fcfen Sie vor dem Kauf die Kompatibilit\u00e4t mit Ihrem Laptop-Modell.<\/p>\n","protected":false},"excerpt":{"rendered":"<p>Verbessern Sie die Stromversorgung Ihres Lenovo-Laptops mit dem Lenovo DC Power Jack Flex Cable. Sorgen Sie f\u00fcr eine zuverl\u00e4ssige Stromversorgung f\u00fcr die Modelle G700, G710, Z710, G700-5937, G700-5938 und G700-5939.<\/p>\n","protected":false},"featured_media":9847,"template":"","meta":[],"product_brand":[],"product_cat":[56],"product_tag":[62],"class_list":{"0":"post-9781","1":"product","2":"type-product","3":"status-publish","4":"has-post-thumbnail","6":"product_cat-cables","7":"product_tag-lenovo","9":"first","10":"instock","11":"taxable","12":"shipping-taxable","13":"purchasable","14":"product-type-simple"},"_links":{"self":[{"href":"https:\/\/boreait.com\/de\/wp-json\/wp\/v2\/product\/9781","targetHints":{"allow":["GET"]}}],"collection":[{"href":"https:\/\/boreait.com\/de\/wp-json\/wp\/v2\/product"}],"about":[{"href":"https:\/\/boreait.com\/de\/wp-json\/wp\/v2\/types\/product"}],"wp:featuredmedia":[{"embeddable":true,"href":"https:\/\/boreait.com\/de\/wp-json\/wp\/v2\/media\/9847"}],"wp:attachment":[{"href":"https:\/\/boreait.com\/de\/wp-json\/wp\/v2\/media?parent=9781"}],"wp:term":[{"taxonomy":"product_brand","embeddable":true,"href":"https:\/\/boreait.com\/de\/wp-json\/wp\/v2\/product_brand?post=9781"},{"taxonomy":"product_cat","embeddable":true,"href":"https:\/\/boreait.com\/de\/wp-json\/wp\/v2\/product_cat?post=9781"},{"taxonomy":"product_tag","embeddable":true,"href":"https:\/\/boreait.com\/de\/wp-json\/wp\/v2\/product_tag?post=9781"}],"curies":[{"name":"wp","href":"https:\/\/api.w.org\/{rel}","templated":true}]}}