{"id":9757,"date":"2025-09-15T15:00:58","date_gmt":"2025-09-15T13:00:58","guid":{"rendered":"https:\/\/boreait.com\/de\/?post_type=product&#038;p=9757"},"modified":"2025-09-16T12:50:21","modified_gmt":"2025-09-16T10:50:21","slug":"641186-001-641186-001-lautsprecher-fuer-hp-probook-6570b6460b6560b","status":"publish","type":"product","link":"https:\/\/boreait.com\/de\/produkt\/641186-001-641186-001-lautsprecher-fuer-hp-probook-6570b6460b6560b\/","title":{"rendered":"641186-001 &#8211; 641186-001 Lautsprecher f\u00fcr HP Probook 6570b,6460b,6560b"},"content":{"rendered":"<p>Verbessern Sie die Audioqualit\u00e4t Ihres HP ProBook 6570b, 6460b oder 6560b Laptops mit den 641186-001 Lautsprechern. Diese originalen HP Lautsprecher wurden entwickelt, um das Audioerlebnis Ihres Laptops zu verbessern und sorgen f\u00fcr einen klareren und satteren Klang.<\/p>\n<p>Die 641186-001 Lautsprecher von HP, einem vertrauensw\u00fcrdigen Namen in der Computertechnologie, sind f\u00fcr die nahtlose Integration in Ihr ProBook Laptop konzipiert. Als wesentliche Komponenten des Audiosystems Ihres Laptops liefern diese Lautsprecher klaren und beeindruckenden Klang f\u00fcr Ihre Multimedia-, Kommunikations- und Unterhaltungsbed\u00fcrfnisse.<\/p>\n<p>Ob Sie Filme ansehen, an Videokonferenzen teilnehmen oder Ihre Lieblingsmusik genie\u00dfen \u2013 diese Lautsprecher verbessern Ihr Audioerlebnis. Ihre pr\u00e4zise Konstruktion sorgt f\u00fcr eine pr\u00e4zise Klangwiedergabe und verleiht der Audioausgabe Ihres Laptops au\u00dfergew\u00f6hnliche Klarheit und Tiefe.<\/p>\n<p>Die Installation ist dank des OEM-Designs, das auf die Originalkomponenten Ihres Laptops abgestimmt ist, unkompliziert. Mit Original-HP-Teilen investieren Sie in die Qualit\u00e4t und Zuverl\u00e4ssigkeit der Audioleistung Ihres Laptops.<\/p>\n<p>Verbessern Sie die Audiofunktionen Ihres Laptops mit den Lautsprechern 641186-001 f\u00fcr HP ProBook 6570b, 6460b und 6560b. Genie\u00dfen Sie verbesserte Klangqualit\u00e4t, ein beeindruckendes Klangerlebnis und klare Kommunikation auf Ihrem ProBook-Laptop. Optimieren Sie Ihre Unterhaltung und Kommunikation mit diesem zuverl\u00e4ssigen und effizienten Lautsprecherset.<\/p>\n<p>Bitte \u00fcberpr\u00fcfen Sie vor dem Kauf die Kompatibilit\u00e4t mit Ihrem Laptop-Modell.<\/p>\n","protected":false},"excerpt":{"rendered":"<p>Verbessern Sie die Audioqualit\u00e4t Ihres HP ProBook 6570b, 6460b oder 6560b Laptops mit den Lautsprechern 641186-001. Genie\u00dfen Sie klareren Klang und verbesserte Leistung.<\/p>\n","protected":false},"featured_media":9825,"template":"","meta":[],"product_brand":[],"product_cat":[54],"product_tag":[61],"class_list":{"0":"post-9757","1":"product","2":"type-product","3":"status-publish","4":"has-post-thumbnail","6":"product_cat-laptop-speakers","7":"product_tag-hp","9":"first","10":"instock","11":"taxable","12":"shipping-taxable","13":"purchasable","14":"product-type-simple"},"_links":{"self":[{"href":"https:\/\/boreait.com\/de\/wp-json\/wp\/v2\/product\/9757","targetHints":{"allow":["GET"]}}],"collection":[{"href":"https:\/\/boreait.com\/de\/wp-json\/wp\/v2\/product"}],"about":[{"href":"https:\/\/boreait.com\/de\/wp-json\/wp\/v2\/types\/product"}],"wp:featuredmedia":[{"embeddable":true,"href":"https:\/\/boreait.com\/de\/wp-json\/wp\/v2\/media\/9825"}],"wp:attachment":[{"href":"https:\/\/boreait.com\/de\/wp-json\/wp\/v2\/media?parent=9757"}],"wp:term":[{"taxonomy":"product_brand","embeddable":true,"href":"https:\/\/boreait.com\/de\/wp-json\/wp\/v2\/product_brand?post=9757"},{"taxonomy":"product_cat","embeddable":true,"href":"https:\/\/boreait.com\/de\/wp-json\/wp\/v2\/product_cat?post=9757"},{"taxonomy":"product_tag","embeddable":true,"href":"https:\/\/boreait.com\/de\/wp-json\/wp\/v2\/product_tag?post=9757"}],"curies":[{"name":"wp","href":"https:\/\/api.w.org\/{rel}","templated":true}]}}