{"id":9709,"date":"2025-09-15T14:59:39","date_gmt":"2025-09-15T12:59:39","guid":{"rendered":"https:\/\/boreait.com\/de\/?post_type=product&#038;p=9709"},"modified":"2025-09-16T12:50:19","modified_gmt":"2025-09-16T10:50:19","slug":"hp-compaq-6820s-netzschalter-kabel","status":"publish","type":"product","link":"https:\/\/boreait.com\/de\/produkt\/hp-compaq-6820s-netzschalter-kabel\/","title":{"rendered":"HP Compaq 6820s Netzschalter + Kabel"},"content":{"rendered":"<p>Erweitern Sie die Funktionalit\u00e4t Ihres HP Compaq 6820s Laptops mit dem HP Compaq 6820s Power Button + Kabel. Dieses Original-Power-Button-Kabel wurde entwickelt, um die Benutzerfreundlichkeit Ihres Laptops zu verbessern und sorgt f\u00fcr nahtlose Integration und verbesserte Leistung f\u00fcr ein optimales Computererlebnis.<\/p>\n<p>Das HP Compaq 6820s Power Button-Kabel wurde von HP, einem vertrauensw\u00fcrdigen Namen in der Computertechnologie, entwickelt und bietet zuverl\u00e4ssige Power-Button-Funktionalit\u00e4t. Als wesentlicher Bestandteil der Benutzeroberfl\u00e4che Ihres Laptops tr\u00e4gt dieses Kabel ma\u00dfgeblich dazu bei, dass Sie Ihren Laptop problemlos starten und herunterfahren k\u00f6nnen.<\/p>\n<p>Ob Sie beruflich einen reaktionsschnellen Power Button ben\u00f6tigen oder Wert auf eine zuverl\u00e4ssige Stromversorgung legen \u2013 dieses Kabel bietet Ihnen die Unterst\u00fctzung, die Sie ben\u00f6tigen. Dank des OEM-Designs, das den Originalkomponenten Ihres HP Compaq 6820s Laptops entspricht, ist die Installation unkompliziert. Mit Original-HP-Teilen investieren Sie in die Qualit\u00e4t und Zuverl\u00e4ssigkeit der Stromversorgung Ihres Laptops.<\/p>\n<p>Upgraden Sie den Netzschalter Ihres Laptops mit dem HP Compaq 6820s Netzschalterkabel. Genie\u00dfen Sie eine reaktionsschnelle und zuverl\u00e4ssige Energiesteuerung auf Ihrem HP Compaq 6820s. Verbessern Sie Ihre Benutzeroberfl\u00e4che und nutzen Sie die Funktionen Ihres Laptops optimal mit diesem zuverl\u00e4ssigen und effizienten Netzschalterkabel.<\/p>\n<p>Bitte \u00fcberpr\u00fcfen Sie vor dem Kauf die Kompatibilit\u00e4t mit Ihrem Laptopmodell.<\/p>\n","protected":false},"excerpt":{"rendered":"<p>Verbessern Sie die Netzschalterfunktion Ihres HP Compaq 6820s-Laptops mit dem HP Compaq 6820s-Netzschalterkabel. Genie\u00dfen Sie eine reaktionsschnelle und zuverl\u00e4ssige Stromversorgung.<\/p>\n","protected":false},"featured_media":9776,"template":"","meta":[],"product_brand":[],"product_cat":[56],"product_tag":[61],"class_list":{"0":"post-9709","1":"product","2":"type-product","3":"status-publish","4":"has-post-thumbnail","6":"product_cat-cables","7":"product_tag-hp","9":"first","10":"instock","11":"taxable","12":"shipping-taxable","13":"purchasable","14":"product-type-simple"},"_links":{"self":[{"href":"https:\/\/boreait.com\/de\/wp-json\/wp\/v2\/product\/9709","targetHints":{"allow":["GET"]}}],"collection":[{"href":"https:\/\/boreait.com\/de\/wp-json\/wp\/v2\/product"}],"about":[{"href":"https:\/\/boreait.com\/de\/wp-json\/wp\/v2\/types\/product"}],"wp:featuredmedia":[{"embeddable":true,"href":"https:\/\/boreait.com\/de\/wp-json\/wp\/v2\/media\/9776"}],"wp:attachment":[{"href":"https:\/\/boreait.com\/de\/wp-json\/wp\/v2\/media?parent=9709"}],"wp:term":[{"taxonomy":"product_brand","embeddable":true,"href":"https:\/\/boreait.com\/de\/wp-json\/wp\/v2\/product_brand?post=9709"},{"taxonomy":"product_cat","embeddable":true,"href":"https:\/\/boreait.com\/de\/wp-json\/wp\/v2\/product_cat?post=9709"},{"taxonomy":"product_tag","embeddable":true,"href":"https:\/\/boreait.com\/de\/wp-json\/wp\/v2\/product_tag?post=9709"}],"curies":[{"name":"wp","href":"https:\/\/api.w.org\/{rel}","templated":true}]}}