{"id":9702,"date":"2025-09-15T14:59:38","date_gmt":"2025-09-15T12:59:38","guid":{"rendered":"https:\/\/boreait.com\/de\/?post_type=product&#038;p=9702"},"modified":"2025-09-16T12:50:17","modified_gmt":"2025-09-16T10:50:17","slug":"775087-001-ap14d000d00-echte-hp-basis-abdeckung-fuer-hp-15-r-15-g-250-255-256-g3","status":"publish","type":"product","link":"https:\/\/boreait.com\/de\/produkt\/775087-001-ap14d000d00-echte-hp-basis-abdeckung-fuer-hp-15-r-15-g-250-255-256-g3\/","title":{"rendered":"775087-001 AP14D000D00 ECHTE HP BASIS ABDECKUNG F\u00fcr HP 15-R 15-G 250 255 256 G3"},"content":{"rendered":"<p>Verbessern Sie den Schutz und die Optik Ihres HP 15-G 15-G023CL Laptops mit der Original HP Basisabdeckung 775087-001 AP14D000D00. Diese Original HP Basisabdeckung bietet perfekte Passform und zuverl\u00e4ssige Haltbarkeit. Sie verbessert die Gesamtoptik Ihres Laptops und sch\u00fctzt gleichzeitig die wichtigsten internen Komponenten. Kompatibel mit: HP 15-R 15-G 250 255 256 G3 749643-001 HP 15 15-r104nf<\/p>\n<p>Die von HP, einem f\u00fchrenden Anbieter von Computertechnologie, entwickelte Basisabdeckung 775087-001 AP14D000D00 gew\u00e4hrleistet eine nahtlose Integration mit Ihrem HP 15-G 15-G023CL Laptop. Als wichtige Komponente sch\u00fctzt diese Basisabdeckung die internen Systeme Ihres Laptops vor Staub, Schmutz und leichten St\u00f6\u00dfen.<\/p>\n<p>Ob Sie als Profi Wert auf die Langlebigkeit Ihres Laptops legen oder als Nutzer Wert auf ein elegantes und gepflegtes Erscheinungsbild legen \u2013 diese Bodenabdeckung bietet Ihnen den Schutz und die \u00c4sthetik, die Sie sich w\u00fcnschen. Die pr\u00e4zise Verarbeitung und die robuste Konstruktion garantieren lang anhaltende Leistung.<\/p>\n<p>Die Installation ist dank des OEM-Designs, das perfekt auf die Originalkomponenten Ihres Laptops abgestimmt ist, unkompliziert. Mit Original-HP-Teilen investieren Sie in die Qualit\u00e4t und Zuverl\u00e4ssigkeit von Schutz und Optik Ihres Laptops.<\/p>\n<p>Verbessern Sie den Schutz und die \u00c4sthetik Ihres Laptops mit der Original-HP-Bodenabdeckung 775087-001 AP14D000D00. Genie\u00dfen Sie ein elegantes und gepflegtes Erscheinungsbild und sch\u00fctzen Sie gleichzeitig die internen Komponenten Ihres HP 15-G 15-G023CL Laptops. Verbessern Sie Ihr Computererlebnis mit dieser zuverl\u00e4ssigen und effizienten Bodenabdeckung.<\/p>\n<p>Bitte \u00fcberpr\u00fcfen Sie vor dem Kauf die Kompatibilit\u00e4t mit Ihrem Laptopmodell.<\/p>\n","protected":false},"excerpt":{"rendered":"<p>Verbessern Sie den Schutz und die Optik Ihres HP 15-G 15-G023CL Laptops mit der Original HP Basisabdeckung 775087-001 AP14D000D00. Freuen Sie sich \u00fcber ein elegantes Erscheinungsbild und zuverl\u00e4ssige Haltbarkeit.<\/p>\n","protected":false},"featured_media":9754,"template":"","meta":[],"product_brand":[],"product_cat":[52],"product_tag":[61],"class_list":{"0":"post-9702","1":"product","2":"type-product","3":"status-publish","4":"has-post-thumbnail","6":"product_cat-laptop-housing","7":"product_tag-hp","9":"first","10":"instock","11":"taxable","12":"shipping-taxable","13":"purchasable","14":"product-type-simple"},"_links":{"self":[{"href":"https:\/\/boreait.com\/de\/wp-json\/wp\/v2\/product\/9702","targetHints":{"allow":["GET"]}}],"collection":[{"href":"https:\/\/boreait.com\/de\/wp-json\/wp\/v2\/product"}],"about":[{"href":"https:\/\/boreait.com\/de\/wp-json\/wp\/v2\/types\/product"}],"wp:featuredmedia":[{"embeddable":true,"href":"https:\/\/boreait.com\/de\/wp-json\/wp\/v2\/media\/9754"}],"wp:attachment":[{"href":"https:\/\/boreait.com\/de\/wp-json\/wp\/v2\/media?parent=9702"}],"wp:term":[{"taxonomy":"product_brand","embeddable":true,"href":"https:\/\/boreait.com\/de\/wp-json\/wp\/v2\/product_brand?post=9702"},{"taxonomy":"product_cat","embeddable":true,"href":"https:\/\/boreait.com\/de\/wp-json\/wp\/v2\/product_cat?post=9702"},{"taxonomy":"product_tag","embeddable":true,"href":"https:\/\/boreait.com\/de\/wp-json\/wp\/v2\/product_tag?post=9702"}],"curies":[{"name":"wp","href":"https:\/\/api.w.org\/{rel}","templated":true}]}}