{"id":9701,"date":"2025-09-15T14:59:38","date_gmt":"2025-09-15T12:59:38","guid":{"rendered":"https:\/\/boreait.com\/de\/?post_type=product&#038;p=9701"},"modified":"2025-09-16T12:50:17","modified_gmt":"2025-09-16T10:50:17","slug":"809328-001-su-208-original-hp-dvd-laufwerk-mit-luenette-pavilion15-ab-15-ab165us","status":"publish","type":"product","link":"https:\/\/boreait.com\/de\/produkt\/809328-001-su-208-original-hp-dvd-laufwerk-mit-luenette-pavilion15-ab-15-ab165us\/","title":{"rendered":"809328-001 SU-208 ORIGINAL HP DVD-LAUFWERK MIT L\u00dcNETTE PAVILION15-AB 15-AB165US"},"content":{"rendered":"<p>Erweitern Sie die Leistung Ihres HP Pavilion 15-AB 15-AB165US Laptops mit dem 809328-001 SU-208 Original HP DVD-Laufwerk mit Blende. Dieses Original HP DVD-Laufwerk mit Blende wurde f\u00fcr zuverl\u00e4ssige optische Medien entwickelt und sorgt f\u00fcr nahtlose Integration und ein verbessertes Computererlebnis.<\/p>\n<p>Das 809328-001 SU-208 DVD-Laufwerk wurde von HP, einem vertrauensw\u00fcrdigen Namen in der Computertechnologie, entwickelt und bietet zuverl\u00e4ssige Unterst\u00fctzung f\u00fcr optische Medien. Ob Sie CDs und DVDs lesen, schreiben oder brennen m\u00f6chten \u2013 dieses Laufwerk bietet Ihnen den Komfort und die Effizienz, die Sie f\u00fcr Aufgaben wie Softwareinstallation, Filmwiedergabe oder Datensicherung ben\u00f6tigen.<\/p>\n<p>Die mitgelieferte Blende verleiht Ihrem Laptop den letzten Schliff und sorgt daf\u00fcr, dass sich das DVD-Laufwerk nahtlos in das Design Ihres Laptops der Pavilion 15-AB-Serie einf\u00fcgt. Dieses optische Laufwerk mit Blende ist ein perfekter Ersatz oder ein Upgrade, mit dem Sie die Funktionalit\u00e4t Ihres Laptops erhalten oder verbessern k\u00f6nnen.<\/p>\n<p>Die Installation ist dank des OEM-Designs, das auf die Originalkomponenten Ihres Laptops abgestimmt ist, unkompliziert. Mit Original-HP-Teilen investieren Sie in die Qualit\u00e4t und Zuverl\u00e4ssigkeit der optischen Medien Ihres Laptops.<\/p>\n<p>Erweitern Sie die Funktionalit\u00e4t Ihres Laptops mit dem 809328-001 SU-208 Original HP DVD-Laufwerk mit Blende f\u00fcr Pavilion 15-AB 15-AB165US. Profitieren Sie von zuverl\u00e4ssiger Unterst\u00fctzung optischer Medien, vielseitiger Funktionalit\u00e4t und einem verbesserten Computererlebnis auf Ihrem HP Laptop. Erweitern Sie Ihre optischen Medien mit diesem zuverl\u00e4ssigen und effizienten DVD-Laufwerk mit Blende.<\/p>\n<p>Bitte \u00fcberpr\u00fcfen Sie vor dem Kauf die Kompatibilit\u00e4t mit Ihrem Laptopmodell.<\/p>\n","protected":false},"excerpt":{"rendered":"<p>Erweitern Sie Ihr HP Pavilion 15-AB 15-AB165US-Notebook mit dem Original HP DVD-Laufwerk 809328-001 SU-208 mit Blende. Profitieren Sie von zuverl\u00e4ssiger Unterst\u00fctzung optischer Medien und vielseitiger Funktionalit\u00e4t.<\/p>\n","protected":false},"featured_media":9753,"template":"","meta":[],"product_brand":[],"product_cat":[63],"product_tag":[61],"class_list":{"0":"post-9701","1":"product","2":"type-product","3":"status-publish","4":"has-post-thumbnail","6":"product_cat-motherboards-board-parts","7":"product_tag-hp","9":"first","10":"instock","11":"taxable","12":"shipping-taxable","13":"purchasable","14":"product-type-simple"},"_links":{"self":[{"href":"https:\/\/boreait.com\/de\/wp-json\/wp\/v2\/product\/9701","targetHints":{"allow":["GET"]}}],"collection":[{"href":"https:\/\/boreait.com\/de\/wp-json\/wp\/v2\/product"}],"about":[{"href":"https:\/\/boreait.com\/de\/wp-json\/wp\/v2\/types\/product"}],"wp:featuredmedia":[{"embeddable":true,"href":"https:\/\/boreait.com\/de\/wp-json\/wp\/v2\/media\/9753"}],"wp:attachment":[{"href":"https:\/\/boreait.com\/de\/wp-json\/wp\/v2\/media?parent=9701"}],"wp:term":[{"taxonomy":"product_brand","embeddable":true,"href":"https:\/\/boreait.com\/de\/wp-json\/wp\/v2\/product_brand?post=9701"},{"taxonomy":"product_cat","embeddable":true,"href":"https:\/\/boreait.com\/de\/wp-json\/wp\/v2\/product_cat?post=9701"},{"taxonomy":"product_tag","embeddable":true,"href":"https:\/\/boreait.com\/de\/wp-json\/wp\/v2\/product_tag?post=9701"}],"curies":[{"name":"wp","href":"https:\/\/api.w.org\/{rel}","templated":true}]}}