{"id":9683,"date":"2025-09-15T14:59:17","date_gmt":"2025-09-15T12:59:17","guid":{"rendered":"https:\/\/boreait.com\/de\/?post_type=product&#038;p=9683"},"modified":"2025-09-16T12:50:12","modified_gmt":"2025-09-16T10:50:12","slug":"hp-15-g-15-r-15-g094sa-touchpad-tastenplatine-und-kabel-ls-a992p","status":"publish","type":"product","link":"https:\/\/boreait.com\/de\/produkt\/hp-15-g-15-r-15-g094sa-touchpad-tastenplatine-und-kabel-ls-a992p\/","title":{"rendered":"HP 15-G 15-R 15-G094SA Touchpad-Tastenplatine und Kabel LS-A992P"},"content":{"rendered":"<p>Erweitern Sie die Funktionalit\u00e4t Ihres HP 15-G 15-G094SA Laptops mit der HP LS-A992P Touchpad-Tastenplatine und dem dazugeh\u00f6rigen Kabel. Diese Original-HP-Komponente optimiert die Touchpad- und Tastenleistung Ihres Laptops und sorgt f\u00fcr nahtlose Integration und verbesserte Benutzerfreundlichkeit f\u00fcr ein optimales Computererlebnis.<\/p>\n<p>Die LS-A992P Touchpad-Tastenplatine und das dazugeh\u00f6rige Kabel wurden von HP, einem f\u00fchrenden Anbieter von Computertechnologie, entwickelt und bieten zuverl\u00e4ssige Touchpad- und Tastenfunktionalit\u00e4t. Als wesentliche Komponenten des Eingabesystems Ihres Laptops tragen diese Platine und das dazugeh\u00f6rige Kabel ma\u00dfgeblich zur Verbesserung der Benutzerfreundlichkeit und Reaktionsf\u00e4higkeit Ihres Laptops bei.<\/p>\n<p>Ob beim Navigieren in Dokumenten, Surfen im Internet oder bei verschiedenen Computeraufgaben \u2013 diese Touchpad-Tastenplatine und das dazugeh\u00f6rige Kabel bieten Ihnen den Komfort und die Effizienz, die Sie ben\u00f6tigen. Das Touchpad erm\u00f6glicht eine pr\u00e4zise Cursorsteuerung, w\u00e4hrend die Tasten taktiles Feedback f\u00fcr eine reibungslose Bedienung bieten.<\/p>\n<p>Die Installation ist dank des OEM-Designs, das auf die Originalkomponenten Ihres Laptops abgestimmt ist, unkompliziert. Mit Original-HP-Teilen investieren Sie in die Qualit\u00e4t und Zuverl\u00e4ssigkeit des Eingabesystems Ihres Laptops.<\/p>\n<p>Erweitern Sie die Touchpad- und Tastenfunktionalit\u00e4t Ihres Laptops mit der HP LS-A992P Touchpad-Tastenplatine und dem dazugeh\u00f6rigen Kabel. Freuen Sie sich auf verbesserte Navigation, pr\u00e4zise Cursorsteuerung und verbesserte Benutzerfreundlichkeit auf Ihrem HP 15-G 15-G094SA Laptop. Optimieren Sie Ihr Computererlebnis mit diesem zuverl\u00e4ssigen und effizienten Platinen- und Kabelsatz.<\/p>\n<p>Bitte \u00fcberpr\u00fcfen Sie vor dem Kauf die Kompatibilit\u00e4t mit Ihrem Laptop-Modell.<\/p>\n","protected":false},"excerpt":{"rendered":"<p>Verbessern Sie die Touchpad- und Tastenleistung Ihres HP 15-G 15-G094SA Laptops mit der HP LS-A992P Touchpad-Tastenplatine und dem Kabel. Freuen Sie sich \u00fcber verbesserte Navigation und verbesserte Benutzerfreundlichkeit.<\/p>\n","protected":false},"featured_media":9747,"template":"","meta":[],"product_brand":[],"product_cat":[63],"product_tag":[61],"class_list":{"0":"post-9683","1":"product","2":"type-product","3":"status-publish","4":"has-post-thumbnail","6":"product_cat-motherboards-board-parts","7":"product_tag-hp","9":"first","10":"instock","11":"taxable","12":"shipping-taxable","13":"purchasable","14":"product-type-simple"},"_links":{"self":[{"href":"https:\/\/boreait.com\/de\/wp-json\/wp\/v2\/product\/9683","targetHints":{"allow":["GET"]}}],"collection":[{"href":"https:\/\/boreait.com\/de\/wp-json\/wp\/v2\/product"}],"about":[{"href":"https:\/\/boreait.com\/de\/wp-json\/wp\/v2\/types\/product"}],"wp:featuredmedia":[{"embeddable":true,"href":"https:\/\/boreait.com\/de\/wp-json\/wp\/v2\/media\/9747"}],"wp:attachment":[{"href":"https:\/\/boreait.com\/de\/wp-json\/wp\/v2\/media?parent=9683"}],"wp:term":[{"taxonomy":"product_brand","embeddable":true,"href":"https:\/\/boreait.com\/de\/wp-json\/wp\/v2\/product_brand?post=9683"},{"taxonomy":"product_cat","embeddable":true,"href":"https:\/\/boreait.com\/de\/wp-json\/wp\/v2\/product_cat?post=9683"},{"taxonomy":"product_tag","embeddable":true,"href":"https:\/\/boreait.com\/de\/wp-json\/wp\/v2\/product_tag?post=9683"}],"curies":[{"name":"wp","href":"https:\/\/api.w.org\/{rel}","templated":true}]}}