{"id":9682,"date":"2025-09-15T14:59:17","date_gmt":"2025-09-15T12:59:17","guid":{"rendered":"https:\/\/boreait.com\/de\/?post_type=product&#038;p=9682"},"modified":"2025-09-16T12:50:12","modified_gmt":"2025-09-16T10:50:12","slug":"hp-778186-005-697243-001-500-gb-sata-25-festplatte-toshiba-mq01abf050","status":"publish","type":"product","link":"https:\/\/boreait.com\/de\/produkt\/hp-778186-005-697243-001-500-gb-sata-25-festplatte-toshiba-mq01abf050\/","title":{"rendered":"HP 778186-005 697243-001 500 GB SATA 2,5 Festplatte TOSHIBA MQ01ABF050"},"content":{"rendered":"<p>Erweitern Sie Ihre Speicherkapazit\u00e4t mit der HP 778186-005 697243-001 500 GB SATA 2,5-Zoll-Festplatte mit Toshiba MQ01ABF050. Diese Original-HP-Festplatte bietet reichlich Speicherplatz f\u00fcr Ihre Dateien, Anwendungen und Daten sowie zuverl\u00e4ssige Leistung und Kompatibilit\u00e4t.<\/p>\n<p>Die HP 778186-005 697243-001 Festplatte ist mit der Toshiba MQ01ABF050-Technologie ausgestattet, die f\u00fcr ihre Langlebigkeit und Effizienz bekannt ist. Mit einer Speicherkapazit\u00e4t von 500 GB k\u00f6nnen Sie eine gro\u00dfe Menge an Dokumenten, Fotos, Videos und mehr speichern. Damit ist sie die ideale Wahl, um den Speicher Ihres Laptops zu erweitern oder eine alte Festplatte zu ersetzen.<\/p>\n<p>Die SATA-Schnittstelle gew\u00e4hrleistet eine einfache Installation und Kompatibilit\u00e4t mit einer Vielzahl von Laptops und Ger\u00e4ten. Ob Sie als Profi zus\u00e4tzlichen Speicherplatz f\u00fcr Ihre Arbeitsdateien ben\u00f6tigen oder als Gelegenheitsanwender mehr Platz f\u00fcr Ihre Multimedia-Sammlung suchen \u2013 diese Festplatte bietet Ihnen die n\u00f6tige Vielseitigkeit.<\/p>\n<p>Die Installation ist unkompliziert und somit die ideale Wahl sowohl f\u00fcr technisch versierte Anwender als auch f\u00fcr Einsteiger in die Hardware-Upgrade-Branche.<\/p>\n<p>Erweitern Sie Ihre Speicherkapazit\u00e4t, steigern Sie die Leistung und gew\u00e4hrleisten Sie Datenzuverl\u00e4ssigkeit mit dieser Original HP Festplatte mit dem Toshiba MQ01ABF050. Profitieren Sie von mehr Speicherplatz und der Gewissheit, eine vertrauensw\u00fcrdige Marke f\u00fcr Ihre Speicheranforderungen zu w\u00e4hlen.<\/p>\n<p>Bitte \u00fcberpr\u00fcfen Sie vor dem Kauf die Kompatibilit\u00e4t mit Ihrem Laptop- oder Ger\u00e4temodell.<\/p>\n","protected":false},"excerpt":{"rendered":"<p>Erweitern Sie den Speicher Ihres Laptops mit der HP 778186-005 697243-001 500 GB SATA 2,5-Festplatte mit dem Toshiba MQ01ABF050. Genie\u00dfen Sie reichlich Speicherplatz und zuverl\u00e4ssige Leistung.<\/p>\n","protected":false},"featured_media":9746,"template":"","meta":[],"product_brand":[],"product_cat":[85,67],"product_tag":[],"class_list":{"0":"post-9682","1":"product","2":"type-product","3":"status-publish","4":"has-post-thumbnail","6":"product_cat-2-5-hdd","7":"product_cat-ssd-hdd-drives","9":"first","10":"instock","11":"taxable","12":"shipping-taxable","13":"purchasable","14":"product-type-simple"},"_links":{"self":[{"href":"https:\/\/boreait.com\/de\/wp-json\/wp\/v2\/product\/9682","targetHints":{"allow":["GET"]}}],"collection":[{"href":"https:\/\/boreait.com\/de\/wp-json\/wp\/v2\/product"}],"about":[{"href":"https:\/\/boreait.com\/de\/wp-json\/wp\/v2\/types\/product"}],"wp:featuredmedia":[{"embeddable":true,"href":"https:\/\/boreait.com\/de\/wp-json\/wp\/v2\/media\/9746"}],"wp:attachment":[{"href":"https:\/\/boreait.com\/de\/wp-json\/wp\/v2\/media?parent=9682"}],"wp:term":[{"taxonomy":"product_brand","embeddable":true,"href":"https:\/\/boreait.com\/de\/wp-json\/wp\/v2\/product_brand?post=9682"},{"taxonomy":"product_cat","embeddable":true,"href":"https:\/\/boreait.com\/de\/wp-json\/wp\/v2\/product_cat?post=9682"},{"taxonomy":"product_tag","embeddable":true,"href":"https:\/\/boreait.com\/de\/wp-json\/wp\/v2\/product_tag?post=9682"}],"curies":[{"name":"wp","href":"https:\/\/api.w.org\/{rel}","templated":true}]}}