{"id":9679,"date":"2025-09-15T14:59:16","date_gmt":"2025-09-15T12:59:16","guid":{"rendered":"https:\/\/boreait.com\/de\/?post_type=product&#038;p=9679"},"modified":"2026-01-10T16:46:21","modified_gmt":"2026-01-10T15:46:21","slug":"hp-15-g-15-r-15-h-15-t-250-g3-255-g3-tastaturhalter-tastaturhalterung","status":"publish","type":"product","link":"https:\/\/boreait.com\/de\/produkt\/hp-15-g-15-r-15-h-15-t-250-g3-255-g3-tastaturhalter-tastaturhalterung\/","title":{"rendered":"HP 15-G 15-R 15-H 15-T 250 G3 255 G3 Tastaturhalter \/ Tastaturhalterung"},"content":{"rendered":"<p>Verbessern Sie die Benutzerfreundlichkeit und Funktionalit\u00e4t Ihres HP 15-r099sm Laptops mit dem HP 15-r099sm Tastaturhalter. Auch kompatibel mit HP 15-G 15-R 15-H 15-T 250 G3 255 G3. Diese Original-Tastaturhalterung sichert und st\u00fctzt die Tastatur Ihres Laptops und sorgt f\u00fcr Stabilit\u00e4t w\u00e4hrend der Nutzung.<\/p>\n<p>Der HP 15-r099sm Tastaturhalter wurde von HP, einem vertrauensw\u00fcrdigen Namen in der Computertechnologie, f\u00fcr die nahtlose Integration in Ihren Laptop entwickelt. Er bietet Ihrer Tastatur einen sicheren Halt, verhindert unerw\u00fcnschte Bewegungen und sorgt f\u00fcr ein komfortables Tipperlebnis.<\/p>\n<p>Ob Sie stundenlang tippen oder als Student Hausaufgaben erledigen \u2013 dieser Tastaturhalter bietet Ihnen die n\u00f6tige Stabilit\u00e4t. Er sch\u00fctzt die Tastatur Ihres Laptops, verhindert ein Verbiegen und sorgt f\u00fcr eine gleichm\u00e4\u00dfige Tastenreaktion.<\/p>\n<p>Die Installation ist dank des pr\u00e4zisen Designs, das perfekt auf die Originalkomponenten Ihres Laptops abgestimmt ist, unkompliziert. Mit Original-HP-Teilen investieren Sie in die Qualit\u00e4t und Zuverl\u00e4ssigkeit der Tastaturhalterung Ihres Laptops.<\/p>\n<p>Erweitern Sie die Tastaturhalterung Ihres Laptops mit der HP 15-r099sm Tastaturhalterung. Genie\u00dfen Sie ein stabiles und komfortables Tipperlebnis, egal ob Sie an wichtigen Dokumenten arbeiten oder einfach im Internet surfen. Steigern Sie die Benutzerfreundlichkeit Ihres Laptops mit dieser zuverl\u00e4ssigen und effizienten Tastaturhalterung.<\/p>\n<p>Bitte \u00fcberpr\u00fcfen Sie vor dem Kauf die Kompatibilit\u00e4t mit Ihrem Laptopmodell.<\/p>\n","protected":false},"excerpt":{"rendered":"<p>Verbessern Sie die Tastaturunterst\u00fctzung Ihres HP 15-G 15-R 15-H 15-T 250 G3 255 G3 Laptops mit dem HP 15-r099sm Tastaturhalter. Genie\u00dfen Sie stabiles und komfortables Tippen mit dieser Original-Tastaturhalterung.<\/p>\n","protected":false},"featured_media":9737,"template":"","meta":[],"product_brand":[],"product_cat":[52],"product_tag":[61],"class_list":{"0":"post-9679","1":"product","2":"type-product","3":"status-publish","4":"has-post-thumbnail","6":"product_cat-laptop-housing","7":"product_tag-hp","9":"first","10":"instock","11":"taxable","12":"shipping-taxable","13":"purchasable","14":"product-type-simple"},"_links":{"self":[{"href":"https:\/\/boreait.com\/de\/wp-json\/wp\/v2\/product\/9679","targetHints":{"allow":["GET"]}}],"collection":[{"href":"https:\/\/boreait.com\/de\/wp-json\/wp\/v2\/product"}],"about":[{"href":"https:\/\/boreait.com\/de\/wp-json\/wp\/v2\/types\/product"}],"wp:featuredmedia":[{"embeddable":true,"href":"https:\/\/boreait.com\/de\/wp-json\/wp\/v2\/media\/9737"}],"wp:attachment":[{"href":"https:\/\/boreait.com\/de\/wp-json\/wp\/v2\/media?parent=9679"}],"wp:term":[{"taxonomy":"product_brand","embeddable":true,"href":"https:\/\/boreait.com\/de\/wp-json\/wp\/v2\/product_brand?post=9679"},{"taxonomy":"product_cat","embeddable":true,"href":"https:\/\/boreait.com\/de\/wp-json\/wp\/v2\/product_cat?post=9679"},{"taxonomy":"product_tag","embeddable":true,"href":"https:\/\/boreait.com\/de\/wp-json\/wp\/v2\/product_tag?post=9679"}],"curies":[{"name":"wp","href":"https:\/\/api.w.org\/{rel}","templated":true}]}}