{"id":9677,"date":"2025-09-15T14:59:16","date_gmt":"2025-09-15T12:59:16","guid":{"rendered":"https:\/\/boreait.com\/de\/?post_type=product&#038;p=9677"},"modified":"2025-09-16T12:50:12","modified_gmt":"2025-09-16T10:50:12","slug":"hp-probook-4540s-4545s-bildschirmscharniere-34-45j03-34-45j04","status":"publish","type":"product","link":"https:\/\/boreait.com\/de\/produkt\/hp-probook-4540s-4545s-bildschirmscharniere-34-45j03-34-45j04\/","title":{"rendered":"HP Probook 4540s 4545S Bildschirmscharniere 34.45J03, 34.45J04"},"content":{"rendered":"<p>Verbessern Sie die Funktionalit\u00e4t und Haltbarkeit Ihres HP ProBook 4540s 4545S 34.45J03, 34.45J04 Laptops mit diesen hochwertigen Bildschirmscharnieren. Diese Scharniere bieten zuverl\u00e4ssigen Halt und reibungslose Bewegung und sorgen f\u00fcr ein stabiles und pr\u00e4zises \u00d6ffnen und Schlie\u00dfen des Laptop-Displays.<\/p>\n<p>Diese auf Kompatibilit\u00e4t und Langlebigkeit ausgelegten Bildschirmscharniere f\u00fcr das HP ProBook 4540s 4545S sind Original-Ersatzteile und f\u00fcgen sich nahtlos in Ihr Notebook ein. Egal, ob Sie Ihr Notebook beruflich oder f\u00fcr Ihr Studium nutzen \u2013 diese Scharniere sind unerl\u00e4sslich f\u00fcr die strukturelle Integrit\u00e4t Ihres Ger\u00e4ts.<\/p>\n<p>Die Montage dieser Scharniere ist dank des pr\u00e4zisen Designs, das auf die Originalkomponenten Ihres HP ProBook 4540s abgestimmt ist, ganz einfach.<\/p>\n<p>R\u00fcsten Sie die Displayscharniere Ihres Laptops noch heute auf und sichern Sie sich eine zuverl\u00e4ssige und langlebige Leistung. Diese Scharniere sind die ideale Wahl f\u00fcr Nutzer, die sich eine verbesserte Bildschirmstabilit\u00e4t und Langlebigkeit f\u00fcr ihr HP ProBook 4540s 4545S w\u00fcnschen.<\/p>\n<p>Bitte \u00fcberpr\u00fcfen Sie vor dem Kauf die Kompatibilit\u00e4t mit Ihrem Laptop-Modell.<\/p>\n","protected":false},"excerpt":{"rendered":"<p>Werten Sie Ihr HP ProBook 4540s 4545S\u00a0Laptop mit diesen Original-OEM-Bildschirmscharnieren auf. Genie\u00dfen Sie sanfte und stabile Displaybewegungen f\u00fcr verbesserte Funktionalit\u00e4t und Haltbarkeit.<\/p>\n","protected":false},"featured_media":9725,"template":"","meta":[],"product_brand":[],"product_cat":[55],"product_tag":[61],"class_list":{"0":"post-9677","1":"product","2":"type-product","3":"status-publish","4":"has-post-thumbnail","6":"product_cat-screen-hinge","7":"product_tag-hp","9":"first","10":"instock","11":"taxable","12":"shipping-taxable","13":"purchasable","14":"product-type-simple"},"_links":{"self":[{"href":"https:\/\/boreait.com\/de\/wp-json\/wp\/v2\/product\/9677","targetHints":{"allow":["GET"]}}],"collection":[{"href":"https:\/\/boreait.com\/de\/wp-json\/wp\/v2\/product"}],"about":[{"href":"https:\/\/boreait.com\/de\/wp-json\/wp\/v2\/types\/product"}],"wp:featuredmedia":[{"embeddable":true,"href":"https:\/\/boreait.com\/de\/wp-json\/wp\/v2\/media\/9725"}],"wp:attachment":[{"href":"https:\/\/boreait.com\/de\/wp-json\/wp\/v2\/media?parent=9677"}],"wp:term":[{"taxonomy":"product_brand","embeddable":true,"href":"https:\/\/boreait.com\/de\/wp-json\/wp\/v2\/product_brand?post=9677"},{"taxonomy":"product_cat","embeddable":true,"href":"https:\/\/boreait.com\/de\/wp-json\/wp\/v2\/product_cat?post=9677"},{"taxonomy":"product_tag","embeddable":true,"href":"https:\/\/boreait.com\/de\/wp-json\/wp\/v2\/product_tag?post=9677"}],"curies":[{"name":"wp","href":"https:\/\/api.w.org\/{rel}","templated":true}]}}