{"id":9656,"date":"2025-09-15T14:58:50","date_gmt":"2025-09-15T12:58:50","guid":{"rendered":"https:\/\/boreait.com\/de\/?post_type=product&#038;p=9656"},"modified":"2025-09-16T12:50:11","modified_gmt":"2025-09-16T10:50:11","slug":"hp-probook-4540s-touchpad-tasten-56-17531","status":"publish","type":"product","link":"https:\/\/boreait.com\/de\/produkt\/hp-probook-4540s-touchpad-tasten-56-17531\/","title":{"rendered":"HP Probook 4540s Touchpad-Tasten 56.17531"},"content":{"rendered":"<p>Erweitern Sie die Funktionalit\u00e4t Ihres HP Probook 4540s Laptops mit den HP Probook 4540s 56.17531 Touchpad-Tasten. Diese Original-Ersatz-Touchpad-Tasten bieten nahtlose Integration, verbesserte Reaktionsf\u00e4higkeit und verbesserte Benutzerfreundlichkeit f\u00fcr ein optimiertes Computererlebnis.<\/p>\n<p>Die HP Probook 4540s Touchpad-Tasten werden von HP, einem vertrauensw\u00fcrdigen Namen in der Computertechnologie, hergestellt und gew\u00e4hrleisten zuverl\u00e4ssige Leistung und Langlebigkeit. Als wesentliche Komponenten des Touchpad-Systems Ihres Laptops spielen diese Tasten eine entscheidende Rolle f\u00fcr pr\u00e4zise und komfortable Navigation und Auswahl.<\/p>\n<p>Ob Sie als Profi effiziente Steuerung f\u00fcr produktive Aufgaben suchen oder als Gelegenheitsnutzer Wert auf einfache Bedienung legen \u2013 diese Touchpad-Tasten bieten Ihnen den Komfort und die Effizienz, die Sie ben\u00f6tigen. Genie\u00dfen Sie fl\u00fcssigere Navigation, pr\u00e4zise Cursorsteuerung und m\u00fchelose Klicks f\u00fcr Ihre allt\u00e4glichen Computeraufgaben.<\/p>\n<p>Die Installation ist dank des OEM-Designs, das auf die Originalkomponenten Ihres Laptops abgestimmt ist, unkompliziert. Mit Original-HP-Teilen investieren Sie in die Qualit\u00e4t und Zuverl\u00e4ssigkeit des Touchpads Ihres Laptops.<\/p>\n<p>Erweitern Sie die Touchpad-Funktionalit\u00e4t Ihres Laptops mit den Touchpad-Tasten des HP Probook 4540s. Freuen Sie sich auf verbesserte Reaktionsf\u00e4higkeit, verbesserte Benutzerfreundlichkeit und pr\u00e4zise Navigation auf Ihrem HP Probook 4540s. Optimieren Sie Ihr Computererlebnis mit diesen zuverl\u00e4ssigen und effizienten Touchpad-Tasten.<\/p>\n<p>Bitte \u00fcberpr\u00fcfen Sie vor dem Kauf die Kompatibilit\u00e4t mit Ihrem Laptop-Modell.<\/p>\n","protected":false},"excerpt":{"rendered":"<p>Verbessern Sie die Touchpad-Leistung Ihres HP Probook 4540s-Laptops mit den HP Probook 4540s-Touchpad-Tasten. Freuen Sie sich \u00fcber verbesserte Reaktionsf\u00e4higkeit und pr\u00e4zise Navigation.<\/p>\n","protected":false},"featured_media":9716,"template":"","meta":[],"product_brand":[],"product_cat":[78],"product_tag":[61],"class_list":{"0":"post-9656","1":"product","2":"type-product","3":"status-publish","4":"has-post-thumbnail","6":"product_cat-laptop-touchpads","7":"product_tag-hp","9":"first","10":"instock","11":"taxable","12":"shipping-taxable","13":"purchasable","14":"product-type-simple"},"_links":{"self":[{"href":"https:\/\/boreait.com\/de\/wp-json\/wp\/v2\/product\/9656","targetHints":{"allow":["GET"]}}],"collection":[{"href":"https:\/\/boreait.com\/de\/wp-json\/wp\/v2\/product"}],"about":[{"href":"https:\/\/boreait.com\/de\/wp-json\/wp\/v2\/types\/product"}],"wp:featuredmedia":[{"embeddable":true,"href":"https:\/\/boreait.com\/de\/wp-json\/wp\/v2\/media\/9716"}],"wp:attachment":[{"href":"https:\/\/boreait.com\/de\/wp-json\/wp\/v2\/media?parent=9656"}],"wp:term":[{"taxonomy":"product_brand","embeddable":true,"href":"https:\/\/boreait.com\/de\/wp-json\/wp\/v2\/product_brand?post=9656"},{"taxonomy":"product_cat","embeddable":true,"href":"https:\/\/boreait.com\/de\/wp-json\/wp\/v2\/product_cat?post=9656"},{"taxonomy":"product_tag","embeddable":true,"href":"https:\/\/boreait.com\/de\/wp-json\/wp\/v2\/product_tag?post=9656"}],"curies":[{"name":"wp","href":"https:\/\/api.w.org\/{rel}","templated":true}]}}