{"id":9637,"date":"2025-09-15T14:58:26","date_gmt":"2025-09-15T12:58:26","guid":{"rendered":"https:\/\/boreait.com\/de\/?post_type=product&#038;p=9637"},"modified":"2026-01-14T09:37:31","modified_gmt":"2026-01-14T08:37:31","slug":"lautsprecher-04x4889-fuer-lenovo-thinkpad-l540","status":"publish","type":"product","link":"https:\/\/boreait.com\/de\/produkt\/lautsprecher-04x4889-fuer-lenovo-thinkpad-l540\/","title":{"rendered":"Lautsprecher 04X4889 f\u00fcr Lenovo Thinkpad L540"},"content":{"rendered":"<div class=\"group w-full text-token-text-primary border-b border-black\/10 gizmo:border-0 dark:border-gray-900\/50 gizmo:dark:border-0 bg-gray-50 gizmo:bg-transparent dark:bg-[#444654] gizmo:dark:bg-transparent\" data-testid=\"conversation-turn-55\">\n<div class=\"p-4 justify-center text-base md:gap-6 md:py-6 m-auto\">\n<div class=\"flex flex-1 gap-4 text-base mx-auto md:gap-6 gizmo:gap-3 gizmo:md:px-5 gizmo:lg:px-1 gizmo:xl:px-5 md:max-w-2xl lg:max-w-[38rem] gizmo:md:max-w-3xl gizmo:lg:max-w-[40rem] gizmo:xl:max-w-[48rem] xl:max-w-3xl }\">\n<div class=\"relative flex w-[calc(100%-50px)] flex-col gap-1 gizmo:w-full md:gap-3 lg:w-[calc(100%-115px)] agent-turn\">\n<div class=\"flex flex-grow flex-col gap-3 max-w-full\">\n<div class=\"min-h-[20px] flex flex-col items-start gap-3 overflow-x-auto whitespace-pre-wrap break-words\">\n<div class=\"markdown prose w-full break-words dark:prose-invert light\">\n<p>Sprecher 04X4889 f\u00fcr Lenovo Thinkpad L540 \u2013 Optimieren Sie Ihr Audioerlebnis:<\/p>\n<p>Erleben Sie \u00fcberragende Klangklarheit und einen dynamischen Klangumfang mit den Lautsprechern 04X4889, die exklusiv f\u00fcr das Lenovo Thinkpad L540 entwickelt wurden. Diese Originalkomponenten garantieren Kompatibilit\u00e4t, Langlebigkeit und ein beeindruckendes Klangerlebnis.<\/p>\n<p><strong>Hauptmerkmale<\/strong>:<\/p>\n<ol>\n<li><strong>Original Lenovo Produkt<\/strong>: Als Original Lenovo-Teil garantieren diese Lautsprecher einwandfreie Kompatibilit\u00e4t mit dem Thinkpad L540 und gew\u00e4hrleisten so eine nahtlose Integration und optimale Leistung.<\/li>\n<li><strong>Hervorragende Klangqualit\u00e4t<\/strong>: Ob Musik, Filme oder Videoanrufe \u2013 erleben Sie klaren, deutlichen und lebendigen Klang. Die Lautsprecher 04X4889 bieten ein ausgewogenes Klangprofil mit optimierten H\u00f6hen und Tiefen.<\/li>\n<li><strong>Langlebigkeit<\/strong>: Diese Lautsprecher werden aus hochwertigen Materialien und mit pr\u00e4ziser Technik gefertigt und sind langlebig und widerstandsf\u00e4hig gegen Abnutzung im t\u00e4glichen Gebrauch.<\/li>\n<li><strong>Einfache Installation<\/strong>: Dank der exakten Passform und des speziellen Designs f\u00fcr das Thinkpad L540 ist die Installation oder der Austausch der Lautsprecher unkompliziert, sodass Sie im Handumdrehen wieder hervorragenden Klang genie\u00dfen k\u00f6nnen.<\/li>\n<li><strong>Optimale Leistung<\/strong>: Verbessern Sie die Audiofunktionen Ihres Laptops mit leistungsstarken Komponenten. Lassen Sie sich nicht von schlechter Klangqualit\u00e4t beeintr\u00e4chtigen. Steigen Sie auf die Original-Lautsprecher 04X4889 um und erleben Sie den Unterschied.<\/li>\n<\/ol>\n<p>F\u00fcr Thinkpad L540-Nutzer, die Wert auf Klangqualit\u00e4t legen und ein intensives Klangerlebnis genie\u00dfen m\u00f6chten, sind die Lautsprecher 04X4889 f\u00fcr das Lenovo Thinkpad L540 die erste Wahl. Optimieren Sie Ihre Multimedia-Aktivit\u00e4ten und sichern Sie sich die optimale Audioausgabe. Entscheiden Sie sich f\u00fcr Original, Qualit\u00e4t und sorgen Sie daf\u00fcr, dass jede Tonnote den richtigen Ton trifft!<\/p>\n<\/div>\n<\/div>\n<\/div>\n<div class=\"flex justify-between empty:hidden lg:block\">\n<div class=\"text-gray-400 flex self-end lg:self-center justify-center gizmo:lg:justify-start mt-2 gizmo:mt-0 visible lg:gap-1 lg:absolute lg:top-0 lg:translate-x-full lg:right-0 lg:mt-0 lg:pl-2 gap-2 md:gap-3\"><button class=\"flex ml-auto gizmo:ml-0 gap-2 items-center rounded-md p-1 text-xs gizmo:gap-1.5 gizmo:pl-0 dark:text-gray-400 dark:hover:bg-gray-700 dark:hover:text-gray-200 deaktiviert: dunkel: hover: text-gray-400 hover: bg-gray-100 hover: text-gray-700\"><\/button><\/p>\n<div class=\"flex gap-1 gizmo:gap-3\"><\/div>\n<\/div>\n<\/div>\n<\/div>\n<\/div>\n<\/div>\n<\/div>\n","protected":false},"excerpt":{"rendered":"<p>Lautsprecher 04X4889: Original-Audiokomponenten f\u00fcr Lenovo Thinkpad L540, die f\u00fcr klaren und deutlichen Klang sorgen.<\/p>\n","protected":false},"featured_media":9695,"template":"","meta":[],"product_brand":[],"product_cat":[54],"product_tag":[62],"class_list":{"0":"post-9637","1":"product","2":"type-product","3":"status-publish","4":"has-post-thumbnail","6":"product_cat-laptop-speakers","7":"product_tag-lenovo","9":"first","10":"instock","11":"taxable","12":"shipping-taxable","13":"purchasable","14":"product-type-simple"},"_links":{"self":[{"href":"https:\/\/boreait.com\/de\/wp-json\/wp\/v2\/product\/9637","targetHints":{"allow":["GET"]}}],"collection":[{"href":"https:\/\/boreait.com\/de\/wp-json\/wp\/v2\/product"}],"about":[{"href":"https:\/\/boreait.com\/de\/wp-json\/wp\/v2\/types\/product"}],"wp:featuredmedia":[{"embeddable":true,"href":"https:\/\/boreait.com\/de\/wp-json\/wp\/v2\/media\/9695"}],"wp:attachment":[{"href":"https:\/\/boreait.com\/de\/wp-json\/wp\/v2\/media?parent=9637"}],"wp:term":[{"taxonomy":"product_brand","embeddable":true,"href":"https:\/\/boreait.com\/de\/wp-json\/wp\/v2\/product_brand?post=9637"},{"taxonomy":"product_cat","embeddable":true,"href":"https:\/\/boreait.com\/de\/wp-json\/wp\/v2\/product_cat?post=9637"},{"taxonomy":"product_tag","embeddable":true,"href":"https:\/\/boreait.com\/de\/wp-json\/wp\/v2\/product_tag?post=9637"}],"curies":[{"name":"wp","href":"https:\/\/api.w.org\/{rel}","templated":true}]}}