{"id":9633,"date":"2025-09-15T14:58:26","date_gmt":"2025-09-15T12:58:26","guid":{"rendered":"https:\/\/boreait.com\/de\/?post_type=product&#038;p=9633"},"modified":"2025-09-16T12:50:09","modified_gmt":"2025-09-16T10:50:09","slug":"lenovo-thinkpad-x1-carbon-1-generation-power-media-button-palmrest-connector-board","status":"publish","type":"product","link":"https:\/\/boreait.com\/de\/produkt\/lenovo-thinkpad-x1-carbon-1-generation-power-media-button-palmrest-connector-board\/","title":{"rendered":"Lenovo Thinkpad X1 Carbon 1. Generation Power Media Button Palmrest Connector Board"},"content":{"rendered":"<p>Erweitern Sie die Funktionalit\u00e4t Ihres Lenovo ThinkPad X1 Carbon (1. Generation) mit der Power Media Button Handballenauflage-Anschlussplatine. Diese Original-Anschlussplatine optimiert die Stromversorgung und Mediensteuerung Ihres Laptops und sorgt f\u00fcr nahtlose Integration und verbesserte Benutzerfreundlichkeit f\u00fcr ein verbessertes Computererlebnis.<\/p>\n<p>Die Power Media Button Handballenauflage-Anschlussplatine von Lenovo, einem vertrauensw\u00fcrdigen Anbieter in der Computertechnologie, bietet zuverl\u00e4ssige und effiziente Funktionalit\u00e4t. Als wichtiger Bestandteil der internen Systeme Ihres Laptops spielt diese Platine eine entscheidende Rolle bei der Erweiterung Ihrer Kontrolle \u00fcber Stromversorgungsfunktionen und Medienwiedergabe.<\/p>\n<p>Ob Sie schnellen Zugriff auf Stromversorgungsfunktionen ben\u00f6tigen oder eine bequeme Mediensteuerung w\u00fcnschen \u2013 diese Anschlussplatine bietet Ihnen den Komfort und die Effizienz, die Sie ben\u00f6tigen. Passen Sie die Lautst\u00e4rke einfach an, spielen Sie Medieninhalte ab, pausieren Sie sie, \u00fcberspringen Sie sie und verwalten Sie die Stromversorgungsoptionen m\u00fchelos.<\/p>\n<p>Die Installation ist dank des OEM-Designs, das auf die Originalkomponenten Ihres Laptops abgestimmt ist, unkompliziert. Mit Originalteilen von Lenovo investieren Sie in die Qualit\u00e4t und Zuverl\u00e4ssigkeit der Stromversorgung und Mediensteuerung Ihres Laptops.<\/p>\n<p>Erweitern Sie die Funktionalit\u00e4t Ihres Laptops mit der Power Media Button-Handballenauflage-Anschlussplatine f\u00fcr das Lenovo ThinkPad X1 Carbon der 1. Generation. Genie\u00dfen Sie erweiterte Kontrolle \u00fcber Stromversorgung und Medienwiedergabe, optimierte Funktionen und verbesserte Benutzerfreundlichkeit auf Ihrem X1 Carbon. Optimieren Sie Ihr Computererlebnis mit dieser zuverl\u00e4ssigen und effizienten Anschlussplatine.<\/p>\n<p>Bitte \u00fcberpr\u00fcfen Sie vor dem Kauf die Kompatibilit\u00e4t mit Ihrem Laptop-Modell.<\/p>\n","protected":false},"excerpt":{"rendered":"<p>Verbessern Sie die Stromversorgung und Mediensteuerung Ihres Lenovo ThinkPad X1 Carbon 1. Generation mit dem Power Media Button Palmrest Connector Board. Freuen Sie sich \u00fcber optimierte Funktionen und erweiterte Kontrolle.<\/p>\n","protected":false},"featured_media":9689,"template":"","meta":[],"product_brand":[],"product_cat":[63],"product_tag":[],"class_list":{"0":"post-9633","1":"product","2":"type-product","3":"status-publish","4":"has-post-thumbnail","6":"product_cat-motherboards-board-parts","8":"first","9":"instock","10":"taxable","11":"shipping-taxable","12":"purchasable","13":"product-type-simple"},"_links":{"self":[{"href":"https:\/\/boreait.com\/de\/wp-json\/wp\/v2\/product\/9633","targetHints":{"allow":["GET"]}}],"collection":[{"href":"https:\/\/boreait.com\/de\/wp-json\/wp\/v2\/product"}],"about":[{"href":"https:\/\/boreait.com\/de\/wp-json\/wp\/v2\/types\/product"}],"wp:featuredmedia":[{"embeddable":true,"href":"https:\/\/boreait.com\/de\/wp-json\/wp\/v2\/media\/9689"}],"wp:attachment":[{"href":"https:\/\/boreait.com\/de\/wp-json\/wp\/v2\/media?parent=9633"}],"wp:term":[{"taxonomy":"product_brand","embeddable":true,"href":"https:\/\/boreait.com\/de\/wp-json\/wp\/v2\/product_brand?post=9633"},{"taxonomy":"product_cat","embeddable":true,"href":"https:\/\/boreait.com\/de\/wp-json\/wp\/v2\/product_cat?post=9633"},{"taxonomy":"product_tag","embeddable":true,"href":"https:\/\/boreait.com\/de\/wp-json\/wp\/v2\/product_tag?post=9633"}],"curies":[{"name":"wp","href":"https:\/\/api.w.org\/{rel}","templated":true}]}}