{"id":9593,"date":"2025-09-15T14:57:41","date_gmt":"2025-09-15T12:57:41","guid":{"rendered":"https:\/\/boreait.com\/de\/?post_type=product&#038;p=9593"},"modified":"2025-09-16T12:50:04","modified_gmt":"2025-09-16T10:50:04","slug":"asus-sonicmaster-x553m-cd-rom-laufwerk-uj8g6","status":"publish","type":"product","link":"https:\/\/boreait.com\/de\/produkt\/asus-sonicmaster-x553m-cd-rom-laufwerk-uj8g6\/","title":{"rendered":"ASUS Sonicmaster X553M CD-ROM-Laufwerk UJ8G6"},"content":{"rendered":"<p>Erweitern Sie die Funktionalit\u00e4t Ihres ASUS Sonicmaster X553M Laptops mit dem ASUS Sonicmaster X553M CD-ROM-Laufwerk UJ8G6. Dieses Original-CD-ROM-Laufwerk wurde f\u00fcr das Lesen optischer Datentr\u00e4ger entwickelt und gew\u00e4hrleistet eine nahtlose Integration und verbesserte Vielseitigkeit f\u00fcr Ihr Computererlebnis.<\/p>\n<p>Das ASUS Sonicmaster X553M CD-ROM-Laufwerk UJ8G6 von ASUS, einem vertrauensw\u00fcrdigen Namen in der Computertechnologie, wurde f\u00fcr das effiziente Lesen optischer Datentr\u00e4ger entwickelt. Als wesentlicher Bestandteil der internen Systeme Ihres Laptops spielt dieses CD-ROM-Laufwerk eine entscheidende Rolle bei der Erweiterung der Funktionalit\u00e4t Ihres Laptops.<\/p>\n<p>Ob Sie CDs oder DVDs lesen, Software von physischen Medien installieren oder Multimedia-Inhalte genie\u00dfen m\u00f6chten \u2013 dieses CD-ROM-Laufwerk bietet Ihnen den Komfort und die Vielseitigkeit, die Sie ben\u00f6tigen. Greifen Sie problemlos auf optische Datentr\u00e4ger zu und verwenden Sie sie ohne externe Laufwerke oder Adapter.<\/p>\n<p>Die Installation ist dank des Designs, das auf die Originalkomponenten Ihres Laptops abgestimmt ist, unkompliziert. Mit originalen ASUS-Teilen investieren Sie in die Qualit\u00e4t und Zuverl\u00e4ssigkeit der optischen Disc-Lesefunktionen Ihres Laptops.<\/p>\n<p>Erweitern Sie die Funktionalit\u00e4t Ihres Laptops mit dem ASUS Sonicmaster X553M CD-ROM-Laufwerk UJ8G6. Profitieren Sie von effizientem optischen Disc-Leseverm\u00f6gen, nahtloser Integration und erweiterter Vielseitigkeit auf Ihrem ASUS Sonicmaster X553M Laptop. Optimieren Sie Ihr Computererlebnis mit diesem zuverl\u00e4ssigen und effizienten CD-ROM-Laufwerk.<\/p>\n<p>Bitte \u00fcberpr\u00fcfen Sie vor dem Kauf die Kompatibilit\u00e4t mit Ihrem Laptop-Modell.<\/p>\n","protected":false},"excerpt":{"rendered":"<p>Erweitern Sie Ihr ASUS Sonicmaster X553M-Notebook mit dem ASUS Sonicmaster X553M CD-ROM-Laufwerk UJ8G6. Profitieren Sie von effizientem Lesen optischer Datentr\u00e4ger und erweiterter Vielseitigkeit.<\/p>\n","protected":false},"featured_media":9663,"template":"","meta":[],"product_brand":[],"product_cat":[63],"product_tag":[66],"class_list":{"0":"post-9593","1":"product","2":"type-product","3":"status-publish","4":"has-post-thumbnail","6":"product_cat-motherboards-board-parts","7":"product_tag-asus","9":"first","10":"instock","11":"taxable","12":"shipping-taxable","13":"purchasable","14":"product-type-simple"},"_links":{"self":[{"href":"https:\/\/boreait.com\/de\/wp-json\/wp\/v2\/product\/9593","targetHints":{"allow":["GET"]}}],"collection":[{"href":"https:\/\/boreait.com\/de\/wp-json\/wp\/v2\/product"}],"about":[{"href":"https:\/\/boreait.com\/de\/wp-json\/wp\/v2\/types\/product"}],"wp:featuredmedia":[{"embeddable":true,"href":"https:\/\/boreait.com\/de\/wp-json\/wp\/v2\/media\/9663"}],"wp:attachment":[{"href":"https:\/\/boreait.com\/de\/wp-json\/wp\/v2\/media?parent=9593"}],"wp:term":[{"taxonomy":"product_brand","embeddable":true,"href":"https:\/\/boreait.com\/de\/wp-json\/wp\/v2\/product_brand?post=9593"},{"taxonomy":"product_cat","embeddable":true,"href":"https:\/\/boreait.com\/de\/wp-json\/wp\/v2\/product_cat?post=9593"},{"taxonomy":"product_tag","embeddable":true,"href":"https:\/\/boreait.com\/de\/wp-json\/wp\/v2\/product_tag?post=9593"}],"curies":[{"name":"wp","href":"https:\/\/api.w.org\/{rel}","templated":true}]}}