{"id":9592,"date":"2025-09-15T14:57:41","date_gmt":"2025-09-15T12:57:41","guid":{"rendered":"https:\/\/boreait.com\/de\/?post_type=product&#038;p=9592"},"modified":"2025-09-16T12:50:04","modified_gmt":"2025-09-16T10:50:04","slug":"verwendet-lenovo-thinkpad-l540-laptop-lcd-hinten-deckel-top-zurueck-abdeckung-fall-04x4855","status":"publish","type":"product","link":"https:\/\/boreait.com\/de\/produkt\/verwendet-lenovo-thinkpad-l540-laptop-lcd-hinten-deckel-top-zurueck-abdeckung-fall-04x4855\/","title":{"rendered":"Verwendet Lenovo Thinkpad L540 Laptop LCD Hinten Deckel Top Zur\u00fcck Abdeckung Fall 04X4855"},"content":{"rendered":"<p><strong>DIE GLEICHE ABDECKUNG WIE AUF DEM FOTO IM ANGEBOT!<\/strong><\/p>\n<p>Gebrauchte Lenovo Thinkpad L540 Laptop-LCD-R\u00fcckabdeckung 04X4855 \u2013 Robuster Schutz trifft auf edles Design:<\/p>\n<p>F\u00fcr Thinkpad L540-Nutzer ist die Erhaltung des makellosen Aussehens und der Schutz des Laptops vor m\u00f6glichen Sch\u00e4den oberste Priorit\u00e4t. Die gebrauchte Lenovo Thinkpad L540 Laptop-LCD-R\u00fcckabdeckung 04X4855 ist die perfekte L\u00f6sung, die sowohl Schutz als auch einen Hauch von Eleganz bietet.<\/p>\n<p><strong>Hauptmerkmale<\/strong>:<\/p>\n<ol>\n<li><strong>Original Lenovo Produkt<\/strong>: Sichern Sie sich Kompatibilit\u00e4t und Qualit\u00e4t mit einer originalen Lenovo-R\u00fcckabdeckung. Es verspricht eine exakte Passform und ein hochwertiges Tragegef\u00fchl f\u00fcr Ihr Thinkpad L540.<\/li>\n<li><strong>Verbesserter Schutz<\/strong>: Diese R\u00fcckabdeckung bietet optimalen Schutz und sch\u00fctzt Ihr LCD vor Kratzern, Dellen und allt\u00e4glicher Abnutzung. So bleibt Ihr Laptop l\u00e4nger sch\u00f6n und funktionsf\u00e4hig.<\/li>\n<li><strong>Durchdachtes Design<\/strong>: Obwohl die Hauptfunktion dieser R\u00fcckabdeckung der Schutz ist, geht sie keine Kompromisse bei der \u00c4sthetik ein. Sie bewahrt das edle Aussehen Ihres Thinkpads und sorgt daf\u00fcr, dass es sich von der Masse abhebt.<\/li>\n<li><strong>Einfache Installation<\/strong>: Da es sich um ein Originalprodukt von Lenovo handelt, gew\u00e4hrleistet es eine problemlose und pr\u00e4zise Passform. Egal, ob Sie eine besch\u00e4digte R\u00fcckabdeckung ersetzen oder einfach nur aufr\u00fcsten m\u00f6chten, der Vorgang ist unkompliziert.<\/li>\n<li><strong>Kosteng\u00fcnstige L\u00f6sung<\/strong>: Anstatt in einen neuen Laptop zu investieren, k\u00f6nnen Sie Ihrem Ger\u00e4t durch den Austausch oder die Aufr\u00fcstung von Teilen wie der R\u00fcckabdeckung ein frisches Aussehen und eine l\u00e4ngere Lebensdauer verleihen.<\/li>\n<\/ol>\n<p>F\u00fcr alle, die das Aussehen und die Funktionalit\u00e4t ihres Lenovo Thinkpad L540 erhalten m\u00f6chten, ist die gebrauchte Lenovo Thinkpad L540 Laptop-LCD-R\u00fcckabdeckung 04X4855 eine ausgezeichnete Wahl. Sie bietet nicht nur Schutz, sondern verleiht Ihrem Ger\u00e4t auch einen Hauch von Eleganz. Lassen Sie Ihr Notebook wieder wie neu aussehen, ohne Ihr Budget zu sprengen!<\/p>\n","protected":false},"excerpt":{"rendered":"<p>Gebrauchtes Lenovo Thinkpad L540 04X4855: Authentisches Geh\u00e4use f\u00fcr die obere LCD-R\u00fcckabdeckung zum Schutz und zur Verbesserung der \u00c4sthetik Ihres Laptops.<\/p>\n","protected":false},"featured_media":9653,"template":"","meta":[],"product_brand":[],"product_cat":[52],"product_tag":[62],"class_list":{"0":"post-9592","1":"product","2":"type-product","3":"status-publish","4":"has-post-thumbnail","6":"product_cat-laptop-housing","7":"product_tag-lenovo","9":"first","10":"instock","11":"taxable","12":"shipping-taxable","13":"purchasable","14":"product-type-simple"},"_links":{"self":[{"href":"https:\/\/boreait.com\/de\/wp-json\/wp\/v2\/product\/9592","targetHints":{"allow":["GET"]}}],"collection":[{"href":"https:\/\/boreait.com\/de\/wp-json\/wp\/v2\/product"}],"about":[{"href":"https:\/\/boreait.com\/de\/wp-json\/wp\/v2\/types\/product"}],"wp:featuredmedia":[{"embeddable":true,"href":"https:\/\/boreait.com\/de\/wp-json\/wp\/v2\/media\/9653"}],"wp:attachment":[{"href":"https:\/\/boreait.com\/de\/wp-json\/wp\/v2\/media?parent=9592"}],"wp:term":[{"taxonomy":"product_brand","embeddable":true,"href":"https:\/\/boreait.com\/de\/wp-json\/wp\/v2\/product_brand?post=9592"},{"taxonomy":"product_cat","embeddable":true,"href":"https:\/\/boreait.com\/de\/wp-json\/wp\/v2\/product_cat?post=9592"},{"taxonomy":"product_tag","embeddable":true,"href":"https:\/\/boreait.com\/de\/wp-json\/wp\/v2\/product_tag?post=9592"}],"curies":[{"name":"wp","href":"https:\/\/api.w.org\/{rel}","templated":true}]}}