{"id":9571,"date":"2025-09-15T14:57:18","date_gmt":"2025-09-15T12:57:18","guid":{"rendered":"https:\/\/boreait.com\/de\/?post_type=product&#038;p=9571"},"modified":"2026-01-09T14:22:21","modified_gmt":"2026-01-09T13:22:21","slug":"628824-001-original-hp-modemkarte-probook-6450b","status":"publish","type":"product","link":"https:\/\/boreait.com\/de\/produkt\/628824-001-original-hp-modemkarte-probook-6450b\/","title":{"rendered":"628824-001 ORIGINAL HP MODEMKARTE PROBOOK 6450B"},"content":{"rendered":"<p>Verbessern Sie die Konnektivit\u00e4t Ihres HP ProBook 6450B Laptops mit der Original HP Modemkarte 628824-001. Diese authentische Modemkarte bietet zuverl\u00e4ssige und effiziente Konnektivit\u00e4tsoptionen und sorgt f\u00fcr eine nahtlose Integration f\u00fcr ein verbessertes Computererlebnis.<\/p>\n<p>Die von HP, einem f\u00fchrenden Anbieter von Computertechnologie, entwickelte Modemkarte 628824-001 bietet Kompatibilit\u00e4t und Zuverl\u00e4ssigkeit. Als wichtiger Bestandteil der internen Systeme Ihres Laptops spielt diese Modemkarte eine entscheidende Rolle bei der Erweiterung Ihrer Konnektivit\u00e4tsoptionen.<\/p>\n<p>Ob Sie eine sichere Internetverbindung herstellen, auf Remote-Netzwerke zugreifen oder unterwegs in Verbindung bleiben m\u00f6chten \u2013 diese Modemkarte bietet Ihnen den Komfort und die Effizienz, die Sie ben\u00f6tigen. Bleiben Sie in Verbindung, greifen Sie auf wichtige Informationen zu und bleiben Sie produktiv mit dieser Original HP Komponente.<\/p>\n<p>Die Installation ist dank des OEM-Designs, das auf die Originalkomponenten Ihres Laptops abgestimmt ist, unkompliziert. Mit Original HP Teilen investieren Sie in die Qualit\u00e4t und Zuverl\u00e4ssigkeit der Konnektivit\u00e4t Ihres Laptops.<\/p>\n<p>Erweitern Sie die Konnektivit\u00e4t Ihres Laptops mit der Original HP Modemkarte 628824-001. Genie\u00dfen Sie nahtlosen Internetzugang, zuverl\u00e4ssige Netzwerkverbindungen und effiziente Daten\u00fcbertragung auf Ihrem HP ProBook 6450B. Optimieren Sie Ihr Computererlebnis mit dieser zuverl\u00e4ssigen und effizienten Modemkarte.<\/p>\n<p>Bitte \u00fcberpr\u00fcfen Sie vor dem Kauf die Kompatibilit\u00e4t mit Ihrem Laptop-Modell.<\/p>\n","protected":false},"excerpt":{"rendered":"<p>Verbessern Sie die Konnektivit\u00e4t Ihres HP ProBook 6450B mit der Original HP Modemkarte 628824-001. Genie\u00dfen Sie zuverl\u00e4ssigen Internetzugang und effiziente Daten\u00fcbertragung mit dieser originalen HP-Komponente.<\/p>\n","protected":false},"featured_media":9629,"template":"","meta":[],"product_brand":[],"product_cat":[63],"product_tag":[61],"class_list":{"0":"post-9571","1":"product","2":"type-product","3":"status-publish","4":"has-post-thumbnail","6":"product_cat-motherboards-board-parts","7":"product_tag-hp","9":"first","10":"instock","11":"taxable","12":"shipping-taxable","13":"purchasable","14":"product-type-simple"},"_links":{"self":[{"href":"https:\/\/boreait.com\/de\/wp-json\/wp\/v2\/product\/9571","targetHints":{"allow":["GET"]}}],"collection":[{"href":"https:\/\/boreait.com\/de\/wp-json\/wp\/v2\/product"}],"about":[{"href":"https:\/\/boreait.com\/de\/wp-json\/wp\/v2\/types\/product"}],"wp:featuredmedia":[{"embeddable":true,"href":"https:\/\/boreait.com\/de\/wp-json\/wp\/v2\/media\/9629"}],"wp:attachment":[{"href":"https:\/\/boreait.com\/de\/wp-json\/wp\/v2\/media?parent=9571"}],"wp:term":[{"taxonomy":"product_brand","embeddable":true,"href":"https:\/\/boreait.com\/de\/wp-json\/wp\/v2\/product_brand?post=9571"},{"taxonomy":"product_cat","embeddable":true,"href":"https:\/\/boreait.com\/de\/wp-json\/wp\/v2\/product_cat?post=9571"},{"taxonomy":"product_tag","embeddable":true,"href":"https:\/\/boreait.com\/de\/wp-json\/wp\/v2\/product_tag?post=9571"}],"curies":[{"name":"wp","href":"https:\/\/api.w.org\/{rel}","templated":true}]}}